{"id":3008,"date":"2016-05-26T23:11:30","date_gmt":"2016-05-27T04:11:30","guid":{"rendered":"http:\/\/bestmayatours.com\/pagina-de-ejemplo\/"},"modified":"2022-04-25T16:21:04","modified_gmt":"2022-04-25T21:21:04","slug":"pagina-de-ejemplo","status":"publish","type":"page","link":"https:\/\/bestmayatours.com\/es\/pagina-de-ejemplo\/","title":{"rendered":"P\u00e1gina de Ejemplo"},"content":{"rendered":"<p>Esta es una pagina de ejemplo. Es diferente de una publicaci\u00f3n de blog porque permanecer\u00e1 en un lugar y aparecer\u00e1 en la navegaci\u00f3n de su sitio (en la mayor\u00eda de los temas). La mayor\u00eda de las personas comienzan con una p\u00e1gina Acerca de que les presenta a los visitantes potenciales del sitio. Podr\u00eda decir algo como esto:<\/p>\n<blockquote><p>\u00a1Hola! Soy mensajero en bicicleta de d\u00eda, aspirante a actor de noche, y este es mi sitio web. Vivo en Los \u00c1ngeles, tengo un gran perro llamado Jack y me gustan las pi\u00f1as coladas. (Y quedar atrapado en la lluvia.)<\/p><\/blockquote>\n<p>&#8230;o algo como esto:<\/p>\n<blockquote><p>La empresa XYZ Doohickey se fund\u00f3 en 1971 y desde entonces ha estado proporcionando al p\u00fablico art\u00edculos de calidad. Ubicada en Gotham City, XYZ emplea a m\u00e1s de 2000 personas y hace todo tipo de cosas incre\u00edbles para la comunidad de Gotham.<\/p><\/blockquote>\n<p>Como nuevo usuario de WordPress, debe ir a <a href=\"http:\/\/bestmayatours.com\/wp-admin\/\">su tablero<\/a> para eliminar esta p\u00e1gina y crear nuevas p\u00e1ginas para su contenido. \u00a1Divertirse!<\/p>\n","protected":false},"excerpt":{"rendered":"<p>Esta es una pagina de ejemplo. Es diferente de una publicaci\u00f3n de blog porque permanecer\u00e1 en un lugar y aparecer\u00e1 en la navegaci\u00f3n de su sitio (en la mayor\u00eda de los temas). La mayor\u00eda de las personas comienzan con una p\u00e1gina Acerca de que les presenta a los visitantes potenciales del sitio. Podr\u00eda decir algo<\/p>\n<div class=\"padding-top text-center\"><a href=\"https:\/\/bestmayatours.com\/es\/pagina-de-ejemplo\/\" class=\"atbtn atbtn--medium atbtn--rounded atbtn--transparent\">Read more<i class=\"atbtn__icon atbtn__icon--right fa fa-long-arrow-right\"><\/i><\/a><\/div>\n","protected":false},"author":10,"featured_media":0,"parent":0,"menu_order":0,"comment_status":"closed","ping_status":"open","template":"","meta":{"footnotes":""},"class_list":["post-3008","page","type-page","status-publish","hentry"],"_hostinger_reach_plugin_has_subscription_block":false,"_hostinger_reach_plugin_is_elementor":false,"_links":{"self":[{"href":"https:\/\/bestmayatours.com\/es\/wp-json\/wp\/v2\/pages\/3008","targetHints":{"allow":["GET"]}}],"collection":[{"href":"https:\/\/bestmayatours.com\/es\/wp-json\/wp\/v2\/pages"}],"about":[{"href":"https:\/\/bestmayatours.com\/es\/wp-json\/wp\/v2\/types\/page"}],"author":[{"embeddable":true,"href":"https:\/\/bestmayatours.com\/es\/wp-json\/wp\/v2\/users\/10"}],"replies":[{"embeddable":true,"href":"https:\/\/bestmayatours.com\/es\/wp-json\/wp\/v2\/comments?post=3008"}],"version-history":[{"count":0,"href":"https:\/\/bestmayatours.com\/es\/wp-json\/wp\/v2\/pages\/3008\/revisions"}],"wp:attachment":[{"href":"https:\/\/bestmayatours.com\/es\/wp-json\/wp\/v2\/media?parent=3008"}],"curies":[{"name":"wp","href":"https:\/\/api.w.org\/{rel}","templated":true}]}}