{"id":3277,"date":"2017-03-04T22:15:09","date_gmt":"2017-03-05T03:15:09","guid":{"rendered":"http:\/\/bestmayatours.com\/transporte-al-aeropuerto\/"},"modified":"2022-06-06T17:24:20","modified_gmt":"2022-06-06T22:24:20","slug":"transporte-al-aeropuerto","status":"publish","type":"page","link":"https:\/\/bestmayatours.com\/es\/transporte-al-aeropuerto\/","title":{"rendered":"Transporte al aeropuerto"},"content":{"rendered":"<p>TRASLADOS PRIVADOS AEROPUERTO<br \/>\nTRASLADOS AEROPUERTO DE CANC\u00daN \/ LANZADERAS<br \/>\nOfrecemos traslados privados desde el Aeropuerto de Canc\u00fan a su hotel en cualquier lugar de la Riviera Maya y viceversa. No compartir\u00e1 la camioneta con otras partes y estaremos all\u00ed a tiempo y haremos todo lo posible para garantizar una experiencia f\u00e1cil, placentera y c\u00f3moda.<\/p>\n<p>Si tiene alguna duda de d\u00f3nde se encuentra su hotel, env\u00edenos un correo electr\u00f3nico y con gusto le informaremos el precio de su traslado.<\/p>\n<p>Nota: Hay un cargo extra del 50% para las recogidas entre las 23:00 y las 6:00 horas.<\/p>\n<p>PRECIOS (En EE. UU.)<\/p>\n<p>Hoteles en Canc\u00fan.<\/p>\n<p>Sencillo: $40 \/ Redondo: $75<\/p>\n<p>Hoteles en Puerto Morelos.<\/p>\n<p>Sencillo: $50 \/ Redondo: $90<\/p>\n<p>Hoteles en Playa del Carmen.<\/p>\n<p>Sencillo: $70 \/ Redondo: $130<\/p>\n<p>Hoteles en Puerto Aventuras.<\/p>\n<p>Sencillo: $80 \/ Redondo: $150<\/p>\n<p>Hoteles en Akumal.<\/p>\n<p>Sencillo: $90 \/ Redondo: $170<\/p>\n<p>Hoteles en Tulum.<\/p>\n<p>Sencillo: $100 \/ Redondo: $190<\/p>\n","protected":false},"excerpt":{"rendered":"<p>TRASLADOS PRIVADOS AEROPUERTO TRASLADOS AEROPUERTO DE CANC\u00daN \/ LANZADERAS Ofrecemos traslados privados desde el Aeropuerto de Canc\u00fan a su hotel en cualquier lugar de la Riviera Maya y viceversa. No compartir\u00e1 la camioneta con otras partes y estaremos all\u00ed a tiempo y haremos todo lo posible para garantizar una experiencia f\u00e1cil, placentera y c\u00f3moda. Si<\/p>\n<div class=\"padding-top text-center\"><a href=\"https:\/\/bestmayatours.com\/es\/transporte-al-aeropuerto\/\" class=\"atbtn atbtn--medium atbtn--rounded atbtn--transparent\">Read more<i class=\"atbtn__icon atbtn__icon--right fa fa-long-arrow-right\"><\/i><\/a><\/div>\n","protected":false},"author":10,"featured_media":0,"parent":0,"menu_order":0,"comment_status":"closed","ping_status":"closed","template":"","meta":{"footnotes":""},"class_list":["post-3277","page","type-page","status-publish","hentry"],"_hostinger_reach_plugin_has_subscription_block":false,"_hostinger_reach_plugin_is_elementor":false,"_links":{"self":[{"href":"https:\/\/bestmayatours.com\/es\/wp-json\/wp\/v2\/pages\/3277","targetHints":{"allow":["GET"]}}],"collection":[{"href":"https:\/\/bestmayatours.com\/es\/wp-json\/wp\/v2\/pages"}],"about":[{"href":"https:\/\/bestmayatours.com\/es\/wp-json\/wp\/v2\/types\/page"}],"author":[{"embeddable":true,"href":"https:\/\/bestmayatours.com\/es\/wp-json\/wp\/v2\/users\/10"}],"replies":[{"embeddable":true,"href":"https:\/\/bestmayatours.com\/es\/wp-json\/wp\/v2\/comments?post=3277"}],"version-history":[{"count":0,"href":"https:\/\/bestmayatours.com\/es\/wp-json\/wp\/v2\/pages\/3277\/revisions"}],"wp:attachment":[{"href":"https:\/\/bestmayatours.com\/es\/wp-json\/wp\/v2\/media?parent=3277"}],"curies":[{"name":"wp","href":"https:\/\/api.w.org\/{rel}","templated":true}]}}