{"id":3287,"date":"2020-10-15T18:47:30","date_gmt":"2020-10-15T23:47:30","guid":{"rendered":"http:\/\/bestmayatours.com\/terminos-y-condiciones\/"},"modified":"2022-05-31T07:47:33","modified_gmt":"2022-05-31T12:47:33","slug":"terminos-y-condiciones","status":"publish","type":"page","link":"https:\/\/bestmayatours.com\/es\/terminos-y-condiciones\/","title":{"rendered":"T\u00e9rminos y condiciones"},"content":{"rendered":"<p>TOURS DE UN D\u00cdA 1 D\u00cdA O MENOS<\/p>\n<p>Para recibir un reembolso completo por la experiencia, debe cancelarla al menos 24 horas antes de que comience. <\/p>\n<p>Para recibir un reembolso completo por la experiencia, debe cancelarla al menos 24 horas antes de que comience.<\/p>\n<p>Si cancelas la experiencia con menos de 24 horas antes de que comience, no se devolver\u00e1 el importe pagado.<\/p>\n<p>No se aceptar\u00e1n cambios realizados con menos de 24 horas antes del inicio de la experiencia. <\/p>\n<p>La hora l\u00edmite se basa en la hora local del lugar donde se desarrolla la experiencia. <\/p>\n<p>El clima debe ser bueno para que esta experiencia se lleve a cabo. Si cancela debido a las malas condiciones clim\u00e1ticas, se le ofrecer\u00e1 otra fecha o el reembolso total del importe pagado. En esta experiencia debe haber un n\u00famero m\u00ednimo de viajeros. Si se cancela por no alcanzar este m\u00ednimo, se le ofrecer\u00e1 otra fecha o experiencia o la devoluci\u00f3n \u00edntegra del importe pagado.<\/p>\n<p>TOURS MULTI D\u00cdA 2 D\u00cdAS O M\u00c1S<\/p>\n<p>CANCELACI\u00d3N \/ POL\u00cdTICAS DE CANCELACI\u00d3N<\/p>\n<p>1. DESDE EL MOMENTO DE LA RESERVA HASTA 46 D\u00cdAS ANTES DEL INICIO DE LAS ACTIVIDADES: PENALIZACI\u00d3N 10% DEL IMPORTE TOTAL (M\u00c1S GASTOS DE REEMBOLSO). <\/p>\n<p>2. ENTRE 45 Y 31 D\u00cdAS ANTES DEL INICIO DE LAS ACTIVIDADES: MULTA DEL 20% DEL IMPORTE TOTAL (M\u00c1S GASTOS DE REEMBOLSO). <\/p>\n<p>3. ENTRE 29 Y 15 D\u00cdAS ANTES DEL INICIO DE LAS ACTIVIDADES: MULTA DEL 50% DEL IMPORTE TOTAL (M\u00c1S GASTOS DE REEMBOLSO). <\/p>\n<p>4. ENTRE 14 Y 7 D\u00cdAS ANTES DEL INICIO DE LA ACTIVIDAD: MULTA 70% DEL IMPORTE TOTAL (M\u00c1S GASTOS DE REEMBOLSO).<\/p>\n<p>  5. ENTRE 6 D\u00cdAS ANTES Y EL MISMO D\u00cdA DEL INICIO DE ACTIVIDADES O NO SHOW (es decir, el cliente no se presenta a la hora y lugar comunicado): PENALIZACI\u00d3N 100%<\/p>\n","protected":false},"excerpt":{"rendered":"<p>TOURS DE UN D\u00cdA 1 D\u00cdA O MENOS Para recibir un reembolso completo por la experiencia, debe cancelarla al menos 24 horas antes de que comience. Para recibir un reembolso completo por la experiencia, debe cancelarla al menos 24 horas antes de que comience. Si cancelas la experiencia con menos de 24 horas antes de<\/p>\n<div class=\"padding-top text-center\"><a href=\"https:\/\/bestmayatours.com\/es\/terminos-y-condiciones\/\" class=\"atbtn atbtn--medium atbtn--rounded atbtn--transparent\">Read more<i class=\"atbtn__icon atbtn__icon--right fa fa-long-arrow-right\"><\/i><\/a><\/div>\n","protected":false},"author":10,"featured_media":0,"parent":0,"menu_order":0,"comment_status":"closed","ping_status":"closed","template":"","meta":{"footnotes":""},"class_list":["post-3287","page","type-page","status-publish","hentry"],"_hostinger_reach_plugin_has_subscription_block":false,"_hostinger_reach_plugin_is_elementor":false,"_links":{"self":[{"href":"https:\/\/bestmayatours.com\/es\/wp-json\/wp\/v2\/pages\/3287","targetHints":{"allow":["GET"]}}],"collection":[{"href":"https:\/\/bestmayatours.com\/es\/wp-json\/wp\/v2\/pages"}],"about":[{"href":"https:\/\/bestmayatours.com\/es\/wp-json\/wp\/v2\/types\/page"}],"author":[{"embeddable":true,"href":"https:\/\/bestmayatours.com\/es\/wp-json\/wp\/v2\/users\/10"}],"replies":[{"embeddable":true,"href":"https:\/\/bestmayatours.com\/es\/wp-json\/wp\/v2\/comments?post=3287"}],"version-history":[{"count":0,"href":"https:\/\/bestmayatours.com\/es\/wp-json\/wp\/v2\/pages\/3287\/revisions"}],"wp:attachment":[{"href":"https:\/\/bestmayatours.com\/es\/wp-json\/wp\/v2\/media?parent=3287"}],"curies":[{"name":"wp","href":"https:\/\/api.w.org\/{rel}","templated":true}]}}