{"id":3393,"date":"2020-10-03T16:39:14","date_gmt":"2020-10-03T21:39:14","guid":{"rendered":"http:\/\/bestmayatours.com\/product\/tour-privado-por-el-rio-lento-sian-kaan-y-muyil\/"},"modified":"2025-05-25T00:11:44","modified_gmt":"2025-05-25T05:11:44","slug":"private-sian-kaan-lazy-river","status":"publish","type":"product","link":"https:\/\/bestmayatours.com\/es\/excursiones\/private-sian-kaan-lazy-river\/","title":{"rendered":"Private Sian Kaan Muyil Lazy River"},"content":{"rendered":"<div class=\"wpb-content-wrapper\"><h1>Private Sian Ka&#8217;an Lazy River Adventure<\/h1>\n<h2>Immerse Yourself in the Tranquility of Sian Ka&#8217;an Biosphere Reserve<\/h2>\n<h3>Float Gently Down the Lazy River in a Unique Natural Paradise<\/h3>\n<p>[vc_row][vc_column][vc_column_text]<\/p>\n<figure id=\"attachment_4835\" aria-describedby=\"caption-attachment-4835\" style=\"width: 300px\" class=\"wp-caption alignleft\"><img loading=\"lazy\" decoding=\"async\" class=\"wp-image-4835 size-medium\" title=\"Private Sian Kaan Lazy River\" src=\"http:\/\/bestmayatours.com\/wp-content\/uploads\/2020\/10\/Private-Sian-Kaan-Lazy-River-300x258.jpg\" alt=\"Private Sian Ka'an Lazy River Adventure\" width=\"300\" height=\"258\" \/><figcaption id=\"caption-attachment-4835\" class=\"wp-caption-text\">Private Sian Ka&#8217;an Lazy River Adventure<\/figcaption><\/figure>\n<p align=\"justify\">Immerse yourself in the tranquil beauty of the Sian Ka&#8217;an Biosphere Reserve with our Private Lazy River Adventure. This guided tour takes you on a relaxing journey through pristine mangroves and lush wetlands as you float gently down the lazy river. Enjoy the breathtaking sights and sounds of native wildlife in their untouched habitat, making this eco-friendly experience an unforgettable getaway. Book your Private Sian Ka&#8217;an Lazy River tour today and embrace the unique natural paradise that awaits.<\/p>\n<p>After your serene journey through the Sian Ka&#8217;an Biosphere Reserve, continue your exploration of the rich history and culture of the region with a guided visit to the Muyil Ruins. Nestled within the lush vegetation of the reserve, these ancient ruins offer a glimpse into the fascinating world of the Mayan civilization.<\/p>\n<p>Your knowledgeable guide will lead you through the archaeological site, sharing insights into the significance of Muyil and its role within the Mayan empire. Marvel at the intricate architecture of the temples and pyramids, adorned with intricate carvings and steeped in history.<\/p>\n<p>As you wander among the ruins, imagine life in ancient times and learn about the rituals and traditions of the Mayan people. Explore hidden pathways and discover the secrets of this ancient city, surrounded by the beauty of the natural landscape.<\/p>\n<p>After your tour of the Muyil Ruins, indulge in a delicious typical Mexican meal at a local restaurant. Savor authentic flavors and traditional dishes, prepared with fresh, locally sourced ingredients. Quench your thirst with refreshing beverages, and recharge with complimentary snacks.<\/p>\n<p>&nbsp;<\/p>\n<p align=\"justify\">Lazy River Tulum &#8211; Best Maya Tours invites you to embark on the adventure of a lifetime with our Private Sian Ka&#8217;an Lazy River Adventure. Immerse yourself in the serenity of Sian Ka&#8217;an, a UNESCO World Heritage Site. Drift down the Sian Ka&#8217;an Lazy River, surrounded by lush greenery and breathtaking nature. Our exclusive <strong><a title=\"Chichen Itza Private Tour\" href=\"https:\/\/bestmayatours.com\/tours\/private-full-day-guided-chichen-itza-tour-with-lunch\/\" target=\"_blank\" rel=\"noopener\">Chichen Itza Private Tour<\/a><\/strong> and <strong><a title=\"Sian Ka'an Private Tour\" href=\"https:\/\/bestmayatours.com\/tours\/private-sian-kaan-biosphere-tour\/\" target=\"_blank\" rel=\"noopener\">Sian Ka&#8217;an Private Tour<\/a><\/strong> offer a glimpse into the ancient wonders of the Mayan civilization. Dive into the crystal-clear waters of a Tulum cenote on our <strong><a title=\"Tulum Cenote Tour\" href=\"https:\/\/bestmayatours.com\/tours\/private-tulum-coba-cenote-tour-and-lunch\/\" target=\"_blank\" rel=\"noopener\">Tulum Cenote Tour<\/a><\/strong>, or set sail on a Tulum Boat Tour along the stunning coastline. Experience the best of the Maya world with us.<\/p>\n<p><!--more--><\/p>\n<table class=\"table table-bordered tours-tabs__table\" style=\"width: 0%; height: 112px;\">\n<tbody>\n<tr style=\"height: 48px;\">\n<td style=\"width: 99.7828%; height: 48px;\">\n<table class=\"table table-bordered tours-tabs__table\" style=\"width: 90.2179%;\">\n<tbody>\n<tr>\n<td style=\"width: 23.591%;\"><\/td>\n<td style=\"width: 75.7649%;\"><\/td>\n<\/tr>\n<tr>\n<td style=\"width: 23.591%;\"><strong>DEPARTURE TIME<\/strong><\/td>\n<td style=\"width: 75.7649%;\">Pick-up at your hotel between 8:00AM- 8:30 AM for a prompt departure.<\/td>\n<\/tr>\n<tr>\n<td style=\"width: 23.591%;\"><strong>RETURN TIME<\/strong><\/td>\n<td style=\"width: 75.7649%;\">Approximately 3:00 PM &#8211; 4:00 PM in Tulum and 5:00 PM &#8211; 6:00 PM in Playa del Carmen and Rivier Maya<\/td>\n<\/tr>\n<tr>\n<td style=\"width: 23.591%;\"><strong>WEAR<\/strong><\/td>\n<td style=\"width: 75.7649%;\">Comfortable light casual clothing, tennis shoes, flip-flops or sandals for water activities, hat, sunglasses, sunscreen (preferably biodegradable) and insect repellant (preferably biodegradable).\n<p>Swimsuit is also highly recommended.<\/p><\/td>\n<\/tr>\n<tr>\n<td style=\"width: 23.591%;\"><strong>INCLUDED<\/strong><\/td>\n<td style=\"width: 75.7649%;\">\n<table class=\"table table-bordered\">\n<tbody>\n<tr>\n<td><\/td>\n<td><\/td>\n<\/tr>\n<tr>\n<td><i class=\"fa fa-check icon-tick icon-tick--on\"><\/i>Best Maya Tours Professional Guide\n<p><i class=\"fa fa-check icon-tick icon-tick--on\"><\/i>Transportation in an air-conditioned and comfortable van<\/p>\n<p><i class=\"fa fa-check icon-tick icon-tick--on\"><\/i>All entrance fees<\/p>\n<p><i class=\"fa fa-check icon-tick icon-tick--on\"><\/i>Life jackets<\/p>\n<p><i class=\"fa fa-check icon-tick icon-tick--on\"><\/i>Meals<\/p>\n<p><i class=\"fa fa-check icon-tick icon-tick--on\"><\/i>Snacks &amp; Water<\/p><\/td>\n<td>&nbsp;\n<p>&nbsp;<\/p><\/td>\n<\/tr>\n<\/tbody>\n<\/table>\n<\/td>\n<\/tr>\n<tr>\n<td style=\"width: 23.591%;\"><b>NOT INCLUDED<\/b><\/td>\n<td style=\"width: 75.7649%;\">\n<table class=\"table table-bordered\" style=\"height: 144px;\">\n<tbody>\n<tr style=\"height: 120px;\">\n<td style=\"height: 120px; width: 340px;\"><i class=\"fa fa-times icon-tick icon-tick--off\"><\/i> Biodegradable sunscreen\n<table class=\"table table-bordered\">\n<tbody>\n<tr>\n<td><i class=\"fa fa-times icon-tick icon-tick--off\"><\/i>Insect repellent<\/td>\n<\/tr>\n<tr>\n<td><i class=\"fa fa-times icon-tick icon-tick--off\"><\/i>Tips for guides<\/td>\n<\/tr>\n<\/tbody>\n<\/table>\n<\/td>\n<\/tr>\n<tr style=\"height: 24px;\">\n<td style=\"height: 24px; width: 340px;\"><\/td>\n<\/tr>\n<\/tbody>\n<\/table>\n<\/td>\n<\/tr>\n<\/tbody>\n<\/table>\n<p>Other recommendations : we recommend you to bring anything to protect you from the sun, such as sunglasses, hats, light clothing.<\/p>\n<p>Don\u2019t forget to also bring your camera to catch pictures of these unforgettable views and moments !<\/p>\n<p>Note : There are no ATM machines in this area and many vendors do not accept credit cards. For your personal expenses, make sure you bring enough cash money.<\/p>\n<p>The guides, drivers and waiters also always appreciate tips for their excellent service and it is also thanks to them that you will leave with great memories !<\/p><\/td>\n<\/tr>\n<\/tbody>\n<\/table>\n<p>[\/vc_column_text][\/vc_column][\/vc_row][vc_row][vc_column][vc_column_text]<\/p>\n<p>[\/vc_column_text][\/vc_column][\/vc_row][vc_row][vc_column]\n<div class=\"atgrid atgrid--small\">\n\t<div class=\"title title--big title--center title--underline title--decoration-bottom-center\">\n\t\t<h3 class=\"title__primary\">You may also be interested in these tours<\/h3>\n<\/div>\n\t<div class=\"row atgrid__row\">\n\t\t\t\t\t<div class=\"col-md-3 col-xs-6 atgrid__item-wrap\">\n\t\t\t<div class=\"atgrid__item\">\n\t\t\t\t<div class=\"atgrid__item__top\">\n\t\t\t\t\t<a href=\"https:\/\/bestmayatours.com\/excursiones\/private-chiapas-yucatan-expedition-12-days-11-nights\/\" class=\"atgrid__item__top__image\"><img loading=\"lazy\" decoding=\"async\" width=\"360\" height=\"240\" src=\"https:\/\/bestmayatours.com\/wp-content\/uploads\/2025\/08\/chiapas-yucatan-360x240.jpg\" class=\"attachment-thumb_tour_listing_small size-thumb_tour_listing_small wp-post-image\" alt=\"chiapas yucatan\" srcset=\"https:\/\/bestmayatours.com\/wp-content\/uploads\/2025\/08\/chiapas-yucatan-360x240.jpg 360w, https:\/\/bestmayatours.com\/wp-content\/uploads\/2025\/08\/chiapas-yucatan-150x100.jpg 150w, https:\/\/bestmayatours.com\/wp-content\/uploads\/2025\/08\/chiapas-yucatan-531x354.jpg 531w, https:\/\/bestmayatours.com\/wp-content\/uploads\/2025\/08\/chiapas-yucatan-180x120.jpg 180w, https:\/\/bestmayatours.com\/wp-content\/uploads\/2025\/08\/chiapas-yucatan-135x90.jpg 135w, https:\/\/bestmayatours.com\/wp-content\/uploads\/2025\/08\/chiapas-yucatan.jpg 600w\" sizes=\"auto, (max-width: 360px) 100vw, 360px\" \/><\/a>\t\t\t\t\t<div class=\"atgrid__item__price\"><a href=\"https:\/\/bestmayatours.com\/excursiones\/private-chiapas-yucatan-expedition-12-days-11-nights\/\" class=\"atgrid__item__price__button\"><span class=\"woocommerce-Price-amount amount\" aria-hidden=\"true\"><bdi><span class=\"woocommerce-Price-currencySymbol\">&#36;<\/span>0.00<\/bdi><\/span> <span aria-hidden=\"true\">-<\/span> <span class=\"woocommerce-Price-amount amount\" aria-hidden=\"true\"><bdi><span class=\"woocommerce-Price-currencySymbol\">&#36;<\/span>2,499.00<\/bdi><\/span><span class=\"screen-reader-text\">Rango de precios: desde &#36;0.00 hasta &#36;2,499.00<\/span><\/a><\/div>\t\t\t\t\t\t\t\t\t\t\t\t\t\t<\/div>\n\t\t\t\t<div class=\"atgrid__item__content\">\n\t\t\t\t\t<h3 class=\"atgrid__item__title\"><a href=\"https:\/\/bestmayatours.com\/excursiones\/private-chiapas-yucatan-expedition-12-days-11-nights\/\">Private Chiapas Yucatan Expedition 12 Days 11 Nights<\/a><\/h3>\n\t\t\t\t\t\t\t\t\t<div class=\"atgrid__item__description\">Private Chiapas Yucatan Expedition 12 Days 11 Nights by Best Maya Tours is an exclusive adventure that takes you on<\/div>\n\t\t\t\t\t\t\t\t<\/div>\n\t\t\t\t<div class=\"item-attributes\">\n\t\t\t\t\t\t\t\t\t\t<div class=\"item-attributes__item\"><a href=\"https:\/\/bestmayatours.com\/excursiones\/private-chiapas-yucatan-expedition-12-days-11-nights\/\" class=\"item-attributes__link\"><i class=\"fa fa-long-arrow-right\"><\/i><\/a><\/div>\n\t\t\t\t<\/div>\n\t\t\t<\/div>\n\t\t<\/div>\n\t\t\t\t\t<div class=\"col-md-3 col-xs-6 atgrid__item-wrap\">\n\t\t\t<div class=\"atgrid__item\">\n\t\t\t\t<div class=\"atgrid__item__top\">\n\t\t\t\t\t<a href=\"https:\/\/bestmayatours.com\/es\/excursiones\/private-yucatan-explore-6-days-5-nights\/\" class=\"atgrid__item__top__image\"><img loading=\"lazy\" decoding=\"async\" width=\"360\" height=\"240\" src=\"https:\/\/bestmayatours.com\/wp-content\/uploads\/2024\/06\/Private-Yucatan-Explore-Tour2-360x240.jpg\" class=\"attachment-thumb_tour_listing_small size-thumb_tour_listing_small wp-post-image\" alt=\"Private Yucatan Explore Tour\" srcset=\"https:\/\/bestmayatours.com\/wp-content\/uploads\/2024\/06\/Private-Yucatan-Explore-Tour2-360x240.jpg 360w, https:\/\/bestmayatours.com\/wp-content\/uploads\/2024\/06\/Private-Yucatan-Explore-Tour2-180x120.jpg 180w\" sizes=\"auto, (max-width: 360px) 100vw, 360px\" \/><\/a>\t\t\t\t\t\t\t\t\t\t\t\t\t\t\t\t\t\t\t<\/div>\n\t\t\t\t<div class=\"atgrid__item__content\">\n\t\t\t\t\t<h3 class=\"atgrid__item__title\"><a href=\"https:\/\/bestmayatours.com\/es\/excursiones\/private-yucatan-explore-6-days-5-nights\/\">Private Yucatan Explore 6 Days - 5 Nights<\/a><\/h3>\n\t\t\t\t\t\t\t\t\t<div class=\"atgrid__item__description\">Discover the rich culture and history of Yucatan with a private tour. Visit iconic sites such as Chichen Itza, Uxmal,<\/div>\n\t\t\t\t\t\t\t\t<\/div>\n\t\t\t\t<div class=\"item-attributes\">\n\t\t\t\t\t\t\t\t\t\t<div class=\"item-attributes__item\"><a href=\"https:\/\/bestmayatours.com\/es\/excursiones\/private-yucatan-explore-6-days-5-nights\/\" class=\"item-attributes__link\"><i class=\"fa fa-long-arrow-right\"><\/i><\/a><\/div>\n\t\t\t\t<\/div>\n\t\t\t<\/div>\n\t\t<\/div>\n\t\t\t<div class=\"atgrid__row-separator clearfix visible-sm visible-xs\"><\/div>\t\t<div class=\"col-md-3 col-xs-6 atgrid__item-wrap\">\n\t\t\t<div class=\"atgrid__item\">\n\t\t\t\t<div class=\"atgrid__item__top\">\n\t\t\t\t\t<a href=\"https:\/\/bestmayatours.com\/es\/excursiones\/mayan-underworld-private-tour\/\" class=\"atgrid__item__top__image\"><img loading=\"lazy\" decoding=\"async\" width=\"360\" height=\"240\" src=\"https:\/\/bestmayatours.com\/wp-content\/uploads\/2015\/07\/cenote2-360x240.jpg\" class=\"attachment-thumb_tour_listing_small size-thumb_tour_listing_small wp-post-image\" alt=\"Best Scene of Mayan River\" srcset=\"https:\/\/bestmayatours.com\/wp-content\/uploads\/2015\/07\/cenote2-360x240.jpg 360w, https:\/\/bestmayatours.com\/wp-content\/uploads\/2015\/07\/cenote2-531x354.jpg 531w, https:\/\/bestmayatours.com\/wp-content\/uploads\/2015\/07\/cenote2-180x120.jpg 180w, https:\/\/bestmayatours.com\/wp-content\/uploads\/2015\/07\/cenote2-270x180.jpg 270w\" sizes=\"auto, (max-width: 360px) 100vw, 360px\" \/><\/a>\t\t\t\t\t<div class=\"atgrid__item__price\"><a href=\"https:\/\/bestmayatours.com\/es\/excursiones\/mayan-underworld-private-tour\/\" class=\"atgrid__item__price__button\"><span class=\"woocommerce-Price-amount amount\" aria-hidden=\"true\"><bdi><span class=\"woocommerce-Price-currencySymbol\">&#36;<\/span>0.00<\/bdi><\/span> <span aria-hidden=\"true\">-<\/span> <span class=\"woocommerce-Price-amount amount\" aria-hidden=\"true\"><bdi><span class=\"woocommerce-Price-currencySymbol\">&#36;<\/span>149.00<\/bdi><\/span><span class=\"screen-reader-text\">Rango de precios: desde &#36;0.00 hasta &#36;149.00<\/span><\/a><\/div>\t\t\t\t\t\t\t\t\t\t\t\t\t\t<\/div>\n\t\t\t\t<div class=\"atgrid__item__content\">\n\t\t\t\t\t<h3 class=\"atgrid__item__title\"><a href=\"https:\/\/bestmayatours.com\/es\/excursiones\/mayan-underworld-private-tour\/\">Mayan Underworld Private Tour<\/a><\/h3>\n\t\t\t\t\t\t\t\t\t<div class=\"atgrid__item__description\">This exciting tour takes you on a journey through some of the most breathtaking natural caves of the area with<\/div>\n\t\t\t\t\t\t\t\t<\/div>\n\t\t\t\t<div class=\"item-attributes\">\n\t\t\t\t\t\t\t\t\t\t<div class=\"item-attributes__item\"><a href=\"https:\/\/bestmayatours.com\/es\/excursiones\/mayan-underworld-private-tour\/\" class=\"item-attributes__link\"><i class=\"fa fa-long-arrow-right\"><\/i><\/a><\/div>\n\t\t\t\t<\/div>\n\t\t\t<\/div>\n\t\t<\/div>\n\t\t\t\t\t<div class=\"col-md-3 col-xs-6 atgrid__item-wrap\">\n\t\t\t<div class=\"atgrid__item\">\n\t\t\t\t<div class=\"atgrid__item__top\">\n\t\t\t\t\t<a href=\"https:\/\/bestmayatours.com\/es\/excursiones\/tour-privado-en-barco-por-bacalar-y-el-cenote-azul\/\" class=\"atgrid__item__top__image\"><img loading=\"lazy\" decoding=\"async\" width=\"360\" height=\"240\" src=\"https:\/\/bestmayatours.com\/wp-content\/uploads\/2023\/03\/San-Felipe-Fort-in-Bacalar-360x240.jpg\" class=\"attachment-thumb_tour_listing_small size-thumb_tour_listing_small wp-post-image\" alt=\"\" srcset=\"https:\/\/bestmayatours.com\/wp-content\/uploads\/2023\/03\/San-Felipe-Fort-in-Bacalar-360x240.jpg 360w, https:\/\/bestmayatours.com\/wp-content\/uploads\/2023\/03\/San-Felipe-Fort-in-Bacalar-531x354.jpg 531w, https:\/\/bestmayatours.com\/wp-content\/uploads\/2023\/03\/San-Felipe-Fort-in-Bacalar-180x120.jpg 180w, https:\/\/bestmayatours.com\/wp-content\/uploads\/2023\/03\/San-Felipe-Fort-in-Bacalar-600x400.jpg 600w, https:\/\/bestmayatours.com\/wp-content\/uploads\/2023\/03\/San-Felipe-Fort-in-Bacalar-150x100.jpg 150w, https:\/\/bestmayatours.com\/wp-content\/uploads\/2023\/03\/San-Felipe-Fort-in-Bacalar-768x512.jpg 768w, https:\/\/bestmayatours.com\/wp-content\/uploads\/2023\/03\/San-Felipe-Fort-in-Bacalar-135x90.jpg 135w, https:\/\/bestmayatours.com\/wp-content\/uploads\/2023\/03\/San-Felipe-Fort-in-Bacalar.jpg 800w\" sizes=\"auto, (max-width: 360px) 100vw, 360px\" \/><\/a>\t\t\t\t\t<div class=\"atgrid__item__price\"><a href=\"https:\/\/bestmayatours.com\/es\/excursiones\/tour-privado-en-barco-por-bacalar-y-el-cenote-azul\/\" class=\"atgrid__item__price__button\"><span class=\"woocommerce-Price-amount amount\" aria-hidden=\"true\"><bdi><span class=\"woocommerce-Price-currencySymbol\">&#36;<\/span>159.00<\/bdi><\/span> <span aria-hidden=\"true\">-<\/span> <span class=\"woocommerce-Price-amount amount\" aria-hidden=\"true\"><bdi><span class=\"woocommerce-Price-currencySymbol\">&#36;<\/span>199.00<\/bdi><\/span><span class=\"screen-reader-text\">Rango de precios: desde &#36;159.00 hasta &#36;199.00<\/span><\/a><\/div>\t\t\t\t\t\t\t\t\t\t\t\t\t\t<\/div>\n\t\t\t\t<div class=\"atgrid__item__content\">\n\t\t\t\t\t<h3 class=\"atgrid__item__title\"><a href=\"https:\/\/bestmayatours.com\/es\/excursiones\/tour-privado-en-barco-por-bacalar-y-el-cenote-azul\/\">Tour privado en barco por Bacalar y el Cenote Azul<\/a><\/h3>\n\t\t\t\t\t\t\t\t\t<div class=\"atgrid__item__description\">Emb\u00e1rcate en un impresionante viaje entre las maravillas naturales de Bacalar con nuestra excursi\u00f3n privada en barco de d\u00eda completo<\/div>\n\t\t\t\t\t\t\t\t<\/div>\n\t\t\t\t<div class=\"item-attributes\">\n\t\t\t\t\t\t\t\t\t\t<div class=\"item-attributes__item\"><a href=\"https:\/\/bestmayatours.com\/es\/excursiones\/tour-privado-en-barco-por-bacalar-y-el-cenote-azul\/\" class=\"item-attributes__link\"><i class=\"fa fa-long-arrow-right\"><\/i><\/a><\/div>\n\t\t\t\t<\/div>\n\t\t\t<\/div>\n\t\t<\/div>\n\t\t\t<\/div>\n<\/div>\n[\/vc_column][\/vc_row][vc_row][vc_column]<div class=\"title title--big title--underline title--decoration-bottom-left\">\n\t\t<h3 class=\"title__primary\">Frequently Asked Questions<\/h3>\n<\/div>\n[\/vc_column][\/vc_row][vc_row][vc_column][vc_tta_accordion][vc_tta_section title=\u00bbWhy is Sian Ka An important?\u00bb tab_id=\u00bb1640161680912-8ba5e44a-c684&#8243;][vc_column_text]Sian Ka&#8217;an region is a significant natural passage for bird species. Mangroves assume a useful part in interfacing with different biological systems, for example, seagrasses, low flood woods and coral reefs.[\/vc_column_text][\/vc_tta_section][vc_tta_section title=\u00bbHow do I get from Tulum to Sian Ka?\u00bb tab_id=\u00bb1640161680950-a1aaf2b5-963d\u00bb][vc_column_text]The easiest way to get to Muyil from Tulum is to get the Mayab bus from the main ADO station in Tulum.[\/vc_column_text][\/vc_tta_section][\/vc_tta_accordion][\/vc_column][\/vc_row]<\/p>\n<\/div>","protected":false},"excerpt":{"rendered":"<p>Immerse yourself in the tranquil beauty of the Sian Ka&#8217;an Biosphere Reserve with our Private Lazy River Adventure. This guided tour takes you on a relaxing journey through pristine mangroves and lush wetlands as you float gently down the lazy river. Enjoy the breathtaking sights and sounds of native wildlife in their untouched habitat, making this eco-friendly experience an unforgettable getaway. Book your Private Sian Ka&#8217;an Lazy River tour today and embrace the unique natural paradise that awaits.<\/p>\n<p>&nbsp;<\/p>\n","protected":false},"featured_media":2992,"comment_status":"open","ping_status":"closed","template":"","meta":[],"product_brand":[],"product_cat":[399,408,402],"product_tag":[],"class_list":{"0":"post-3393","1":"product","2":"type-product","3":"status-publish","4":"has-post-thumbnail","6":"product_cat-arqueologico","7":"product_cat-aventura","8":"product_cat-nadando","9":"tour_category-arqueologico","10":"tour_category-flotante","11":"tour_category-ornitologia","12":"tour_category-walking-es","14":"first","15":"instock","16":"shipping-taxable","17":"purchasable","18":"product-type-tour"},"tiered_pricing_type":"fixed","tiered_pricing_fixed_rules":[],"tiered_pricing_product_settings":{"layout":"default","base_unit_name":{"singular":null,"plural":null},"default_variation":null},"tiered_pricing_minimum_quantity":null,"tiered_pricing_roles_data":[],"tiered_pricing_percentage_rules":[],"_links":{"self":[{"href":"https:\/\/bestmayatours.com\/es\/wp-json\/wp\/v2\/product\/3393","targetHints":{"allow":["GET"]}}],"collection":[{"href":"https:\/\/bestmayatours.com\/es\/wp-json\/wp\/v2\/product"}],"about":[{"href":"https:\/\/bestmayatours.com\/es\/wp-json\/wp\/v2\/types\/product"}],"replies":[{"embeddable":true,"href":"https:\/\/bestmayatours.com\/es\/wp-json\/wp\/v2\/comments?post=3393"}],"wp:featuredmedia":[{"embeddable":true,"href":"https:\/\/bestmayatours.com\/es\/wp-json\/wp\/v2\/media\/2992"}],"wp:attachment":[{"href":"https:\/\/bestmayatours.com\/es\/wp-json\/wp\/v2\/media?parent=3393"}],"wp:term":[{"taxonomy":"product_brand","embeddable":true,"href":"https:\/\/bestmayatours.com\/es\/wp-json\/wp\/v2\/product_brand?post=3393"},{"taxonomy":"product_cat","embeddable":true,"href":"https:\/\/bestmayatours.com\/es\/wp-json\/wp\/v2\/product_cat?post=3393"},{"taxonomy":"product_tag","embeddable":true,"href":"https:\/\/bestmayatours.com\/es\/wp-json\/wp\/v2\/product_tag?post=3393"}],"curies":[{"name":"wp","href":"https:\/\/api.w.org\/{rel}","templated":true}]}}