{"id":3394,"date":"2019-05-12T12:07:54","date_gmt":"2019-05-12T17:07:54","guid":{"rendered":"http:\/\/bestmayatours.com\/product\/tour-privado-de-descubrimiento-de-yucatan-4-dias-3-noches\/"},"modified":"2025-09-21T09:40:00","modified_gmt":"2025-09-21T14:40:00","slug":"tour-privado-de-descubrimiento-de-yucatan-4-dias-3-noches","status":"publish","type":"product","link":"https:\/\/bestmayatours.com\/es\/excursiones\/tour-privado-de-descubrimiento-de-yucatan-4-dias-3-noches\/","title":{"rendered":"Tour privado de descubrimiento de Yucat\u00e1n (4 d\u00edas\/3 noches)"},"content":{"rendered":"<div class=\"wpb-content-wrapper\"><h1>Private Yucatan Discovery Tour<\/h1>\n<p>(4 days\/3 nights)<br \/>\n[vc_row][vc_column][vc_column_text]<\/p>\n<figure id=\"attachment_2755\" aria-describedby=\"caption-attachment-2755\" style=\"width: 300px\" class=\"wp-caption alignleft\"><img loading=\"lazy\" decoding=\"async\" class=\"wp-image-1465 size-medium\" title=\"Private Yucatan Discovery Tour \" src=\"http:\/\/bestmayatours.com\/wp-content\/uploads\/2015\/07\/tulumptod-300x300.jpg\" alt=\"Private Yucatan Discovery Tour \" width=\"300\" height=\"300\"\/><figcaption id=\"caption-attachment-2755\" class=\"wp-caption-text\">Private Yucatan Discovery Tour<\/figcaption><\/figure>\n<h3>Emb\u00e1rcate en un viaje inolvidable por la Pen\u00ednsula de Yucat\u00e1n con Best Maya Tours y descubre las joyas de la regi\u00f3n.<\/h3>\n<p>En este Yucatan Discovery Tour de cuatro d\u00edas y tres noches, descubrir\u00e1 los mejores lugares de inter\u00e9s de la regi\u00f3n. Primero conocer\u00e1 la Biosfera de R\u00edo Lagartos y conocer\u00e1 a todos sus habitantes, como aves, vida marina y, por supuesto, los famosos flamencos. You will then head to Las Coloradas,<\/p>\n<p>this mythical place where the lakes are pink thanks to the flamingos and the salt pans. Despu\u00e9s de la primera noche en Valladolid, visitar\u00e1 una de las Siete Maravillas de la Tierra, la pir\u00e1mide de Chich\u00e9n Itz\u00e1, capital de la gran civilizaci\u00f3n maya, luego Ek Balam, la \u00abciudad del Jaguar Negro\u00bb. Pasar\u00e1s la noche en M\u00e9rida, la capital de Yucat\u00e1n.<\/p>\n<p>El tercer d\u00eda, su gu\u00eda lo llevar\u00e1 a la hermosa hacienda colonial de Yaxcopoil, donde se produc\u00eda la fibra de henequ\u00e9n ya trav\u00e9s del impresionante sitio arqueol\u00f3gico de Uxmal. La tarde estar\u00e1 dedicada a una visita guiada privada por la ciudad de M\u00e9rida, donde disfrutar\u00e1s de su magn\u00edfica arquitectura y te relajar\u00e1s en las aguas cristalinas de un hermoso cenote escondido.<\/p>\n<p>Para el \u00faltimo d\u00eda, su gu\u00eda lo llevar\u00e1 al sitio arqueol\u00f3gico de Cob\u00e1, \u00abciudad de aguas turbulentas\u00bb, donde pasear\u00e1 en bicicleta entre las ruinas de la selva tropical. Para finalizar este viaje, se detendr\u00e1 en las ruinas de Tulum, ubicadas en un acantilado y con vistas al mar Caribe antes de regresar al hotel de su elecci\u00f3n. ( <strong>Tour privado m\u00ednimo de 2 personas<\/strong> )<\/p>\n<p><!--more--><\/p>\n<table class=\"table table-bordered tours-tabs__table\" style=\"height: 233px;\" width=\"862\">\n<tbody>\n<tr>\n<td><strong>LUGAR DE SALIDA<\/strong><\/td>\n<td>Hotel<\/td>\n<\/tr>\n<tr>\n<td><strong>HORA DE SALIDA<\/strong><\/td>\n<td>Salida puntual 8:00 am<\/td>\n<\/tr>\n<tr>\n<td><strong>INCLUIDO<\/strong><\/td>\n<td>\n<table class=\"table table-bordered\" style=\"height: 62px;\" width=\"300\">\n<tbody>\n<tr>\n<td>[\/vc_column_text][\/vc_column][\/vc_row][vc_row][vc_column]<i class=\"fa fa-check icon-tick icon-tick--on\"><\/i>[\/vc_column][\/vc_row][vc_row][vc_column][vc_column_text]agua a bordo<\/td>\n<td>[\/vc_column_text][\/vc_column][\/vc_row][vc_row][vc_column]<i class=\"fa fa-check icon-tick icon-tick--on\"><\/i>[\/vc_column][\/vc_row][vc_row][vc_column][vc_column_text]Alojamiento y Desayuno<\/td>\n<\/tr>\n<tr>\n<td>[\/vc_column_text][\/vc_column][\/vc_row][vc_row][vc_column]<i class=\"fa fa-check icon-tick icon-tick--on\"><\/i>[\/vc_column][\/vc_row][vc_row][vc_column][vc_column_text]Transporte<\/td>\n<td>[\/vc_column_text][\/vc_column][\/vc_row][vc_row][vc_column]<i class=\"fa fa-check icon-tick icon-tick--on\"><\/i>[\/vc_column][\/vc_row][vc_row][vc_column][vc_column_text]Gu\u00eda profesional y todas las entradas.\n<p><b>NO INCLUIDO:<\/b><\/p>\n<p>[\/vc_column_text][\/vc_column][\/vc_row][vc_row][vc_column]<i class=\"fa fa-times icon-tick icon-tick--off\"><\/i>[\/vc_column][\/vc_row][vc_row][vc_column][vc_column_text]Repelente de insectos<\/p><\/td>\n<\/tr>\n<tr>\n<td>[\/vc_column_text][\/vc_column][\/vc_row][vc_row][vc_column]<i class=\"fa fa-times icon-tick icon-tick--off\"><\/i>[\/vc_column][\/vc_row][vc_row][vc_column][vc_column_text]bloqueador solar biodegradable<\/td>\n<\/tr>\n<\/tbody>\n<\/table>\n<\/td>\n<\/tr>\n<\/tbody>\n<\/table>\n<p>Recomendamos traer ropa c\u00f3moda y zapatos para caminar (chancletas, sandalias, ok), traje de ba\u00f1o, lentes de sol, toalla, c\u00e1mara, binoculares, protecci\u00f3n solar (biodegradable o ropa para ayudar con la protecci\u00f3n solar), algo de dinero en efectivo. Los gu\u00edas, choferes y meseros agradecen las propinas por su excelente servicio. \u00a1Tambi\u00e9n es gracias a ellos que te llevar\u00e1s muchos buenos recuerdos![\/vc_column_text][\/vc_column][\/vc_row][vc_row][vc_column]<div class=\"title title--big title--underline title--decoration-bottom-left\">\n\t\t<h3 class=\"title__primary\">Preguntas frecuentes<\/h3>\n<\/div>\n[\/vc_column][\/vc_row][vc_row][vc_column][vc_tta_accordion][vc_tta_section title=\u00bb\u00bfQu\u00e9 te pones para Yucat\u00e1n?\u00bb tab_id=\u00bb1640162145018-3d830b5a-97f8&#8243;][vc_column_text]El lino, el algod\u00f3n y las telas deportivas de secado r\u00e1pido son ideales para el clima de Yucat\u00e1n. Para las noches en Yucat\u00e1n que pueden volverse fr\u00edas, recomendamos traer una camiseta ligera pero abrigada para mantenerse abrigado.[\/vc_column_text][\/vc_tta_section][vc_tta_section title=\u00bb\u00bfPor qu\u00e9 es famoso Yucat\u00e1n?\u00bb tab_id=\u00bb1640162145021-c8fba4c1-2213&#8243;][vc_column_text]La pen\u00ednsula de Yucat\u00e1n es conocida por sus selvas tropicales, por ser el hogar de los antiguos mayas y por ser un popular destino tur\u00edstico.[\/vc_column_text][\/vc_tta_section][\/vc_tta_accordion][\/vc_column][\/vc_row]<\/p>\n<\/div>","protected":false},"excerpt":{"rendered":"<p>Private Yucatan Discovery Tour &#8211; Best Maya Tours 4 dias y 3 noches <strong>Rio Lagartos Biosphere<\/strong> home of the flamingos, crocodiles and other sea life Stay the night at <strong>Valladolid<\/strong> then explore the Yucatan Peninsula and Quintana Roo first The Archaeological wonder of <strong>Chichen Itza<\/strong> a modern world wonder and capital of a great civilization then <strong>Ek Balam<\/strong> the city of the Black Jaguar. <strong>Merida<\/strong> the capital city of the Yucatan state also known as the white city, <strong>Uxmal<\/strong> the city three times built with its magnificent mayan baroque style architecture and we visit a Beautiful hidden <strong>Cenote<\/strong> of crystalline waters. Luego, a <strong>Coba<\/strong> , un sitio maya cl\u00e1sico, y <strong>Tulum<\/strong> , la ciudad junto al mar. ( <strong>Tour privado m\u00ednimo 2 personas<\/strong> )<\/p>\n","protected":false},"featured_media":2935,"comment_status":"open","ping_status":"closed","template":"","meta":[],"product_brand":[],"product_cat":[399,408,411,407,579],"product_tag":[],"class_list":{"0":"post-3394","1":"product","2":"type-product","3":"status-publish","4":"has-post-thumbnail","6":"product_cat-arqueologico","7":"product_cat-aventura","8":"product_cat-cenotes-es","9":"product_cat-cultural-es","10":"product_cat-paquetes-turisticos","11":"pa_duration-4-dias-3-noches","12":"tour_category-arqueologico","13":"tour_category-cenotes-es","14":"tour_category-comidas-incluidas","15":"tour_category-cultural-es","16":"tour_category-familiar","17":"tour_category-fauna-silvestre","18":"tour_category-paquetes-turisticos","20":"first","21":"instock","22":"sale","23":"shipping-taxable","24":"purchasable","25":"product-type-tour"},"tiered_pricing_type":"fixed","tiered_pricing_fixed_rules":[],"tiered_pricing_product_settings":{"layout":"default","base_unit_name":{"singular":null,"plural":null},"default_variation":null},"tiered_pricing_minimum_quantity":null,"tiered_pricing_roles_data":[],"tiered_pricing_percentage_rules":[],"_links":{"self":[{"href":"https:\/\/bestmayatours.com\/es\/wp-json\/wp\/v2\/product\/3394","targetHints":{"allow":["GET"]}}],"collection":[{"href":"https:\/\/bestmayatours.com\/es\/wp-json\/wp\/v2\/product"}],"about":[{"href":"https:\/\/bestmayatours.com\/es\/wp-json\/wp\/v2\/types\/product"}],"replies":[{"embeddable":true,"href":"https:\/\/bestmayatours.com\/es\/wp-json\/wp\/v2\/comments?post=3394"}],"wp:featuredmedia":[{"embeddable":true,"href":"https:\/\/bestmayatours.com\/es\/wp-json\/wp\/v2\/media\/2935"}],"wp:attachment":[{"href":"https:\/\/bestmayatours.com\/es\/wp-json\/wp\/v2\/media?parent=3394"}],"wp:term":[{"taxonomy":"product_brand","embeddable":true,"href":"https:\/\/bestmayatours.com\/es\/wp-json\/wp\/v2\/product_brand?post=3394"},{"taxonomy":"product_cat","embeddable":true,"href":"https:\/\/bestmayatours.com\/es\/wp-json\/wp\/v2\/product_cat?post=3394"},{"taxonomy":"product_tag","embeddable":true,"href":"https:\/\/bestmayatours.com\/es\/wp-json\/wp\/v2\/product_tag?post=3394"}],"curies":[{"name":"wp","href":"https:\/\/api.w.org\/{rel}","templated":true}]}}