{"id":3395,"date":"2019-01-05T14:25:54","date_gmt":"2019-01-05T19:25:54","guid":{"rendered":"http:\/\/bestmayatours.com\/product\/tour-privado-biosfera-rio-lagartos-y-las-coloradas\/"},"modified":"2025-05-03T21:42:30","modified_gmt":"2025-05-04T02:42:30","slug":"privado-rio-lagartos-flamingo-y-pink-lakes","status":"publish","type":"product","link":"https:\/\/bestmayatours.com\/es\/excursiones\/privado-rio-lagartos-flamingo-y-pink-lakes\/","title":{"rendered":"Tour Privado Biosfera R\u00edo Lagartos y Las Coloradas"},"content":{"rendered":"<p>Descubra una de las joyas de la pen\u00ednsula de Yucat\u00e1n con este viaje lleno de aventura y cultura a la Biosfera de R\u00edo Lagartos y Las Coloradas, o \u00abLagos Rosados\u00bb. Tome un bote en R\u00edo Lagartos y navegue para encontrarse con diversas especies de aves como garzas, \u00e1guilas pescadoras, pel\u00edcanos y, por supuesto, los famosos flamencos. Tambi\u00e9n puede encontrar otros habitantes \u00fanicos dentro de los manglares, como cocodrilos o mapaches.<\/p>\n<p>Llegar\u00e1s a las famosas Las Coloradas o \u00abAguas Magenta\u00bb, estos lagos rosados coloreados por las algas, el plancton y los camarones y aprender\u00e1s m\u00e1s sobre su uso por los mayas. Podr\u00e1 tomar un ba\u00f1o de lodo maya tradicional, enjuagarse en una playa privada y disfrutar de una excelente comida de mariscos en el restaurante Rio Lagartos.<\/p>\n<p>&nbsp;<\/p>\n<p><!--more--><\/p>\n<p>&nbsp;<\/p>\n<table class=\"table table-bordered tours-tabs__table\">\n<tbody>\n<tr>\n<td><\/td>\n<td><\/td>\n<\/tr>\n<tr>\n<td><strong>HORA DE SALIDA<\/strong><\/td>\n<td>Recojo en su hotel alrededor de las 8:00 a.m. para una pronta salida.<\/td>\n<\/tr>\n<tr>\n<td><strong>HORA DE REGRESO<\/strong><\/td>\n<td>Aproximadamente de 17:00 a 18:00 en su hotel. (Canc\u00fan, Playa del Carmen y Riviera Maya)<\/td>\n<\/tr>\n<tr>\n<td><strong>VESTIR<\/strong><\/td>\n<td>Ropa casual c\u00f3moda y ligera, tenis, chanclas o sandalias para actividades acu\u00e1ticas, gorra, anteojos de sol, bloqueador solar (preferiblemente biodegradable) y repelente de insectos (preferiblemente biodegradable). El traje de ba\u00f1o tambi\u00e9n es muy recomendable.<\/td>\n<\/tr>\n<tr>\n<td><strong>INCLUIDO<\/strong><\/td>\n<td>\n<table class=\"table table-bordered\">\n<tbody>\n<tr>\n<td><\/td>\n<td><\/td>\n<\/tr>\n<tr>\n<td><i class=\"fa fa-check icon-tick icon-tick--on\"><\/i>Mejor Gu\u00eda Profesional de Maya Tours.\n<p><i class=\"fa fa-check icon-tick icon-tick--on\"><\/i>Transporte en una camioneta c\u00f3moda y con aire acondicionado.<\/p>\n<p><i class=\"fa fa-check icon-tick icon-tick--on\"><\/i>Todas las tarifas de entrada y bicicletas (cuando corresponda).<\/p>\n<p><i class=\"fa fa-check icon-tick icon-tick--on\"><\/i>Chalecos salvavidas.<\/p>\n<p><i class=\"fa fa-check icon-tick icon-tick--on\"><\/i>Comida de mariscos<\/p>\n<p><i class=\"fa fa-check icon-tick icon-tick--on\"><\/i>Aperitivos y agua<\/p><\/td>\n<td>&nbsp;\n<p>&nbsp;<\/p>\n<p>&nbsp;<\/p><\/td>\n<\/tr>\n<\/tbody>\n<\/table>\n<\/td>\n<\/tr>\n<tr>\n<td><b>NO INCLUIDO<\/b><\/td>\n<td>\n<table class=\"table table-bordered\" style=\"height: 144px;\">\n<tbody>\n<tr style=\"height: 120px;\">\n<td style=\"height: 120px; width: 340px;\"><i class=\"fa fa-times icon-tick icon-tick--off\"><\/i>Protector solar biodegradable\n<table class=\"table table-bordered\">\n<tbody>\n<tr>\n<td><i class=\"fa fa-times icon-tick icon-tick--off\"><\/i>Repelente de insectos<\/td>\n<\/tr>\n<tr>\n<td><i class=\"fa fa-times icon-tick icon-tick--off\"><\/i>Consejos para gu\u00edas<\/td>\n<\/tr>\n<\/tbody>\n<\/table>\n<\/td>\n<\/tr>\n<tr style=\"height: 24px;\">\n<td style=\"height: 24px; width: 340px;\"><\/td>\n<\/tr>\n<\/tbody>\n<\/table>\n<\/td>\n<\/tr>\n<\/tbody>\n<\/table>\n<p>Otras recomendaciones: te recomendamos traer algo para protegerte del sol, como lentes de sol, sombreros, ropa ligera.<\/p>\n<p>\u00a1No olvide traer tambi\u00e9n su c\u00e1mara para capturar im\u00e1genes de estas vistas y momentos inolvidables!<\/p>\n<p>Nota: No hay cajeros autom\u00e1ticos en esta \u00e1rea y muchos vendedores no aceptan tarjetas de cr\u00e9dito. Para sus gastos personales, aseg\u00farese de llevar suficiente dinero en efectivo.<\/p>\n<p>Los gu\u00edas, choferes y meseros tambi\u00e9n siempre agradecen las propinas por su excelente servicio y tambi\u00e9n es gracias a ellos que te llevar\u00e1s grandes recuerdos.<\/p>\n","protected":false},"excerpt":{"rendered":"<p><strong>M\u00ednimo de 2 personas. Duraci\u00f3n. Todo el dia. Recogida en Playa del Carmen y Tulum. (Tour privado) <\/strong><\/p>\n<p>Descubra lo m\u00e1s destacado de Yucat\u00e1n con este viaje lleno de aventura y cultura a la Biosfera de R\u00edo Lagartos. Continuamos a la Biosfera de R\u00edo Lagartos para tomar un bote y ver las diversas especies de aves como las garzas, el \u00e1guila pescadora, los pel\u00edcanos y, por supuesto, los flamencos. Luego, refr\u00e9squese en una playa apartada y termine con una deliciosa comida de mariscos frescos.<\/p>\n","protected":false},"featured_media":2983,"comment_status":"open","ping_status":"closed","template":"","meta":[],"product_brand":[],"product_cat":[408,402,414,417],"product_tag":[],"class_list":{"0":"post-3395","1":"product","2":"type-product","3":"status-publish","4":"has-post-thumbnail","6":"product_cat-aventura","7":"product_cat-nadando","8":"product_cat-ornitologia","9":"product_cat-pasear","11":"first","12":"instock","13":"shipping-taxable","14":"purchasable","15":"product-type-tour","16":"has-default-attributes"},"tiered_pricing_type":"fixed","tiered_pricing_fixed_rules":[],"tiered_pricing_product_settings":{"layout":"default","base_unit_name":{"singular":null,"plural":null},"default_variation":null},"tiered_pricing_minimum_quantity":null,"tiered_pricing_roles_data":[],"tiered_pricing_percentage_rules":[],"_links":{"self":[{"href":"https:\/\/bestmayatours.com\/es\/wp-json\/wp\/v2\/product\/3395","targetHints":{"allow":["GET"]}}],"collection":[{"href":"https:\/\/bestmayatours.com\/es\/wp-json\/wp\/v2\/product"}],"about":[{"href":"https:\/\/bestmayatours.com\/es\/wp-json\/wp\/v2\/types\/product"}],"replies":[{"embeddable":true,"href":"https:\/\/bestmayatours.com\/es\/wp-json\/wp\/v2\/comments?post=3395"}],"wp:featuredmedia":[{"embeddable":true,"href":"https:\/\/bestmayatours.com\/es\/wp-json\/wp\/v2\/media\/2983"}],"wp:attachment":[{"href":"https:\/\/bestmayatours.com\/es\/wp-json\/wp\/v2\/media?parent=3395"}],"wp:term":[{"taxonomy":"product_brand","embeddable":true,"href":"https:\/\/bestmayatours.com\/es\/wp-json\/wp\/v2\/product_brand?post=3395"},{"taxonomy":"product_cat","embeddable":true,"href":"https:\/\/bestmayatours.com\/es\/wp-json\/wp\/v2\/product_cat?post=3395"},{"taxonomy":"product_tag","embeddable":true,"href":"https:\/\/bestmayatours.com\/es\/wp-json\/wp\/v2\/product_tag?post=3395"}],"curies":[{"name":"wp","href":"https:\/\/api.w.org\/{rel}","templated":true}]}}