{"id":3396,"date":"2015-07-15T12:01:46","date_gmt":"2015-07-15T17:01:46","guid":{"rendered":"http:\/\/bestmayatours.com\/product\/tour-privado-coba-punta-laguna-y-santuario-de-monos\/"},"modified":"2025-05-03T21:42:30","modified_gmt":"2025-05-04T02:42:30","slug":"tour-privado-coba-punta-laguna-y-santuario-de-monos","status":"publish","type":"product","link":"https:\/\/bestmayatours.com\/es\/excursiones\/tour-privado-coba-punta-laguna-y-santuario-de-monos\/","title":{"rendered":"Tour Privado Cob\u00e1, Punta Laguna y Santuario de Monos"},"content":{"rendered":"<div class=\"wpb-content-wrapper\"><p>Embark for an unforgettable journey through the tropical rainforest and visit Punta Laguna and its monkey reserve, enjoy a handful of diverse activities such as observing the birds, canoeing, swimming in a cenote, discover Mayan traditions, flying with the zipline and finish the day by exploring the fantastic archeological site of Coba, or \u00abCity of Turbulent Water\u00bb, one of the largest ancient Mayan urban centers.<\/p>\n<p><!--more--><\/p>\n<p><strong>Punta Laguna <\/strong>is a small village and community where live today 120 individuals, composing 30 families. This place is a great example of how a community can be dedicated to a sustainable way of life with complete respect of the environment and the will to protect their natural and cultural heritage.<\/p>\n<p>&nbsp;<br \/>(pick ups from Puerto Morelos to Cancun have a transportation fee of $40usd per group) <\/p>\n<table class=\"table table-bordered tours-tabs__table\" style=\"width: 97.4659%;\">\n<tbody>\n<tr>\n<td style=\"width: 18.4063%;\"><\/td>\n<td style=\"width: 80.9203%;\"><\/td>\n<\/tr>\n<tr>\n<td style=\"width: 18.4063%;\"><strong>DEPARTURE TIME<\/strong><\/td>\n<td style=\"width: 80.9203%;\">Pick-up at your hotel around 7:30AM- 8:00 AM for a prompt departure.<\/td>\n<\/tr>\n<tr>\n<td style=\"width: 18.4063%;\"><strong>RETURN TIME<\/strong><\/td>\n<td style=\"width: 80.9203%;\">Approximately 5:30 &#8211; 6:00 PM. (Playa del Carmen and Riviera Maya)<\/td>\n<\/tr>\n<tr>\n<td style=\"width: 18.4063%;\"><strong>WEAR<\/strong><\/td>\n<td style=\"width: 80.9203%;\">Comfortable light casual clothing, tennis shoes, flip-flops or sandals for water activities, hat, sunglasses, sunscreen (preferably biodegradable) and insect repellant (preferably biodegradable). Swimsuit is also highly recommended.<\/td>\n<\/tr>\n<tr>\n<td style=\"width: 18.4063%;\"><\/td>\n<td style=\"width: 80.9203%;\">\n<table class=\"table table-bordered\">\n<tbody>\n<tr>\n<td><\/td>\n<\/tr>\n<\/tbody>\n<\/table>\n<\/td>\n<\/tr>\n<\/tbody>\n<\/table>\n<p><strong>INCLUDED<\/strong><\/p>\n<p><i class=\"fa fa-check icon-tick icon-tick--on\"><\/i>[vc_row][vc_column][vc_column_text]Mejor Gu\u00eda Profesional de Maya Tours.<\/p>\n<p>[\/vc_column_text][\/vc_column][\/vc_row]<i class=\"fa fa-check icon-tick icon-tick--on\"><\/i>[vc_row][vc_column][vc_column_text]Transporte en una camioneta c\u00f3moda y con aire acondicionado.<\/p>\n<p>[\/vc_column_text][\/vc_column][\/vc_row]<i class=\"fa fa-check icon-tick icon-tick--on\"><\/i>[vc_row][vc_column][vc_column_text]Todas las tarifas de entrada.<\/p>\n<p>[\/vc_column_text][\/vc_column][\/vc_row]<i class=\"fa fa-check icon-tick icon-tick--on\"><\/i>[vc_row][vc_column][vc_column_text]Comida buffet (opci\u00f3n vegetariana disponible).<\/p>\n<p>[\/vc_column_text][\/vc_column][\/vc_row]<i class=\"fa fa-check icon-tick icon-tick--on\"><\/i>[vc_row][vc_column][vc_column_text]Aperitivos y agua<\/p>\n<p>&nbsp;<\/p>\n<table class=\"table table-bordered\">\n<tbody>\n<tr>\n<td><b>NO INCLUYE<\/b> :[\/vc_column_text][\/vc_column][\/vc_row]<i class=\"fa fa-times icon-tick icon-tick--off\"><\/i>[vc_row][vc_column][vc_column_text]Protector solar biodegradable\n<table class=\"table table-bordered\">\n<tbody>\n<tr>\n<td>[\/vc_column_text][\/vc_column][\/vc_row]<i class=\"fa fa-times icon-tick icon-tick--off\"><\/i>[vc_row][vc_column][vc_column_text]Repelente de insectos<\/td>\n<\/tr>\n<tr>\n<td>[\/vc_column_text][\/vc_column][\/vc_row]<i class=\"fa fa-times icon-tick icon-tick--off\"><\/i>[vc_row][vc_column][vc_column_text]Propinas para gu\u00edas y meseros<\/td>\n<\/tr>\n<\/tbody>\n<\/table>\n<\/td>\n<\/tr>\n<tr>\n<td><\/td>\n<\/tr>\n<\/tbody>\n<\/table>\n<p>&nbsp;<\/p>\n<p>Otras recomendaciones: te recomendamos traer algo para protegerte del sol, como lentes de sol, sombreros, ropa ligera.<\/p>\n<p>\u00a1No olvide traer tambi\u00e9n su c\u00e1mara para capturar im\u00e1genes de estas vistas y momentos inolvidables!<\/p>\n<p>Nota: No hay cajeros autom\u00e1ticos en esta \u00e1rea y muchos vendedores no aceptan tarjetas de cr\u00e9dito. Para sus gastos personales, aseg\u00farese de llevar suficiente dinero en efectivo.<\/p>\n<p>Los gu\u00edas, choferes y meseros tambi\u00e9n siempre agradecen las propinas por su excelente servicio y tambi\u00e9n es gracias a ellos que te llevar\u00e1s grandes recuerdos.<\/p>\n<p>[\/vc_column_text][\/vc_column][\/vc_row][vc_row][vc_column]<div class=\"title title--big title--underline title--decoration-bottom-left\">\n\t\t<h3 class=\"title__primary\">Preguntas frecuentes<\/h3>\n<\/div>\n[\/vc_column][\/vc_row][vc_row][vc_column][vc_tta_accordion][vc_tta_section title=\u00bb\u00bfDebo reservar boletos para Reserva Natural Punta Laguna con anticipaci\u00f3n?\u00bb tab_id=\u00bb1640166943154-a50d0840-d868&#8243;][vc_column_text]Te recomendamos reservar tu lugar con anticipaci\u00f3n para garantizarte un lugar en la Reserva Natural Punta Laguna.[\/vc_column_text][\/vc_tta_section][\/vc_tta_accordion][\/vc_column][\/vc_row]<\/p>\n<\/div>","protected":false},"excerpt":{"rendered":"<p>En el Coba Monkey Tour visitamos los templos de uno de los sitios arqueol\u00f3gicos m\u00e1s impresionantes de los mayas. La ciudad de Cob\u00e1, que en maya significa \u201cAgua Turbulenta\u201d, es uno de los centros urbanos mayas antiguos m\u00e1s grandes, est\u00e1 rodeada de selvas tropicales y lagos. Puedes caminar bajo los altos \u00e1rboles y observar aves ex\u00f3ticas y otros animales que all\u00ed habitan; para los m\u00e1s aventureros, descubra la incre\u00edble y m\u00e1s alta pir\u00e1mide de la pen\u00ednsula maya Nohuch Mul, que significa \u201cgran mont\u00edculo o construcci\u00f3n\u201d y como recompensa obtenga una vista impresionante de la selva tropical.<\/p>\n","protected":false},"featured_media":2626,"comment_status":"open","ping_status":"closed","template":"","meta":[],"product_brand":[],"product_cat":[408,421,402,636,636],"product_tag":[],"class_list":{"0":"post-3396","1":"product","2":"type-product","3":"status-publish","4":"has-post-thumbnail","6":"product_cat-aventura","7":"product_cat-canotaje","8":"product_cat-nadando","9":"product_cat-tirolinas","11":"tour_category-arqueologico","12":"tour_category-familiar","13":"tour_category-tirolinas","15":"first","16":"instock","17":"sale","18":"shipping-taxable","19":"purchasable","20":"product-type-tour","21":"has-default-attributes"},"tiered_pricing_type":"fixed","tiered_pricing_fixed_rules":[],"tiered_pricing_product_settings":{"layout":"default","base_unit_name":{"singular":null,"plural":null},"default_variation":null},"tiered_pricing_minimum_quantity":null,"tiered_pricing_roles_data":[],"tiered_pricing_percentage_rules":[],"_links":{"self":[{"href":"https:\/\/bestmayatours.com\/es\/wp-json\/wp\/v2\/product\/3396","targetHints":{"allow":["GET"]}}],"collection":[{"href":"https:\/\/bestmayatours.com\/es\/wp-json\/wp\/v2\/product"}],"about":[{"href":"https:\/\/bestmayatours.com\/es\/wp-json\/wp\/v2\/types\/product"}],"replies":[{"embeddable":true,"href":"https:\/\/bestmayatours.com\/es\/wp-json\/wp\/v2\/comments?post=3396"}],"wp:featuredmedia":[{"embeddable":true,"href":"https:\/\/bestmayatours.com\/es\/wp-json\/wp\/v2\/media\/2626"}],"wp:attachment":[{"href":"https:\/\/bestmayatours.com\/es\/wp-json\/wp\/v2\/media?parent=3396"}],"wp:term":[{"taxonomy":"product_brand","embeddable":true,"href":"https:\/\/bestmayatours.com\/es\/wp-json\/wp\/v2\/product_brand?post=3396"},{"taxonomy":"product_cat","embeddable":true,"href":"https:\/\/bestmayatours.com\/es\/wp-json\/wp\/v2\/product_cat?post=3396"},{"taxonomy":"product_tag","embeddable":true,"href":"https:\/\/bestmayatours.com\/es\/wp-json\/wp\/v2\/product_tag?post=3396"}],"curies":[{"name":"wp","href":"https:\/\/api.w.org\/{rel}","templated":true}]}}