{"id":3397,"date":"2020-07-10T15:31:33","date_gmt":"2020-07-10T20:31:33","guid":{"rendered":"http:\/\/bestmayatours.com\/product\/tour-privado-de-esnorquel-en-el-sitio-arqueologico-de-tulum-y-cenote\/"},"modified":"2025-10-05T13:23:05","modified_gmt":"2025-10-05T18:23:05","slug":"tour-privado-arqueologico-de-tulum-y-cenote","status":"publish","type":"product","link":"https:\/\/bestmayatours.com\/es\/excursiones\/tour-privado-arqueologico-de-tulum-y-cenote\/","title":{"rendered":"Tour privado Arqueol\u00f3gico de Tulum y cenote"},"content":{"rendered":"<div class=\"wpb-content-wrapper\"><p>[vc_row][vc_column][vc_column_text]Tour privado Arqueol\u00f3gico de Tulum y cenote<br \/>\nVisite uno de los sitios m\u00e1s emblem\u00e1ticos de los alrededores: Tulum, donde primero explorar\u00e1 el espectacular sitio maya de Tulum o \u00abZama city of Dawn\u00bb ubicado en un acantilado junto al mar Caribe. Luego te dirigir\u00e1s a un cenote cristalino para nadar y hacer snorkel antes de disfrutar de una deliciosa comida.<!--more--><\/p>\n<table class=\"table table-bordered tours-tabs__table\" style=\"height: 1016px; width: 0%;\">\n<tbody>\n<tr style=\"height: 24px;\">\n<td style=\"width: 25.6706%; height: 24px;\"><\/td>\n<td style=\"width: 85.4195%; height: 24px;\"><\/td>\n<td style=\"width: 181.434%; height: 24px;\"><\/td>\n<\/tr>\n<tr style=\"height: 24px;\">\n<td style=\"width: 25.6706%; height: 24px;\"><strong>HORA DE SALIDA<\/strong><\/td>\n<td style=\"width: 85.4195%; height: 24px;\">Recojo en su hotel alrededor de las 8:00 a.m. para una pronta salida.<\/td>\n<td style=\"width: 181.434%; height: 24px;\"><\/td>\n<\/tr>\n<tr style=\"height: 136px;\">\n<td style=\"width: 25.6706%; height: 136px;\"><\/td>\n<td style=\"width: 85.4195%; height: 136px;\">\n<table class=\"table table-bordered\" style=\"height: 32px; width: 9.95756%;\" width=\"300\">\n<tbody>\n<tr>\n<td style=\"width: 38.3523%;\"><\/td>\n<td style=\"width: 278.125%;\"><\/td>\n<\/tr>\n<tr>\n<td style=\"width: 38.3523%;\"><\/td>\n<td style=\"width: 278.125%;\"><\/td>\n<\/tr>\n<\/tbody>\n<\/table>\n<\/td>\n<td style=\"width: 181.434%; height: 136px;\"><\/td>\n<\/tr>\n<tr style=\"height: 64px;\">\n<td style=\"width: 25.6706%; height: 64px;\"><\/td>\n<td style=\"width: 85.4195%; height: 64px;\"><\/td>\n<td style=\"width: 181.434%; height: 64px;\"><\/td>\n<\/tr>\n<tr style=\"height: 24px;\">\n<td style=\"width: 25.6706%; height: 24px;\"><\/td>\n<td style=\"width: 85.4195%; height: 24px;\"><\/td>\n<td style=\"width: 181.434%; height: 24px;\"><\/td>\n<\/tr>\n<tr style=\"height: 48px;\">\n<td style=\"width: 25.6706%; height: 48px;\"><strong>HORA DE REGRESO<\/strong><\/td>\n<td style=\"width: 85.4195%; height: 48px;\">Aproximadamente de 15:00 a 16:00 horas. (Playa del Carmen y Riviera Maya)<\/td>\n<td style=\"width: 181.434%; height: 48px;\"><\/td>\n<\/tr>\n<tr style=\"height: 96px;\">\n<td style=\"width: 25.6706%; height: 96px;\"><strong>VESTIR<\/strong><\/td>\n<td style=\"width: 85.4195%; height: 96px;\">Ropa casual c\u00f3moda y ligera, tenis, chanclas o sandalias para actividades acu\u00e1ticas, gorra, anteojos de sol, bloqueador solar (preferiblemente biodegradable) y repelente de insectos (preferiblemente biodegradable). El traje de ba\u00f1o tambi\u00e9n es muy recomendable para actividades acu\u00e1ticas.<\/td>\n<td style=\"width: 181.434%; height: 96px;\"><\/td>\n<\/tr>\n<tr style=\"height: 440px;\">\n<td style=\"width: 25.6706%; height: 440px;\"><strong>INCLUIDO<\/strong><\/td>\n<td style=\"width: 85.4195%; height: 440px;\">\n<table class=\"table table-bordered\" style=\"width: 100%; height: 424px;\">\n<tbody>\n<tr style=\"height: 72px;\">\n<td style=\"width: 48.8491%; height: 72px;\"><i class=\"fa fa-check icon-tick icon-tick--on\"><\/i>El mejor gu\u00eda profesional de Best Maya Tours<\/td>\n<td style=\"width: 49.1049%; height: 72px;\"><\/td>\n<\/tr>\n<tr style=\"height: 352px;\">\n<td style=\"width: 48.8491%; height: 352px;\"><i class=\"fa fa-check icon-tick icon-tick--on\"><\/i>Transporte en una camioneta c\u00f3moda y con aire acondicionado.\n<p><i class=\"fa fa-check icon-tick icon-tick--on\"><\/i>Todas las tarifas de entrada<\/p>\n<p><i class=\"fa fa-check icon-tick icon-tick--on\"><\/i>Equipo de snorkel y chalecos salvavidas.<\/p>\n<p><i class=\"fa fa-check icon-tick icon-tick--on\"><\/i>Buf\u00e9 de comida<\/p>\n<p><i class=\"fa fa-check icon-tick icon-tick--on\"><\/i>Aperitivos y agua<\/p><\/td>\n<td style=\"width: 49.1049%; height: 352px;\">&nbsp;\n<p>&nbsp;<\/p>\n<p>&nbsp;<\/p><\/td>\n<\/tr>\n<\/tbody>\n<\/table>\n<\/td>\n<td style=\"width: 181.434%; height: 440px;\"><\/td>\n<\/tr>\n<tr style=\"height: 160px;\">\n<td style=\"width: 25.6706%; height: 160px;\"><b>NO INCLUIDO<\/b><\/td>\n<td style=\"width: 85.4195%;\"><i class=\"fa fa-times icon-tick icon-tick--off\"><\/i> Protector solar biodegradable\n<table class=\"table table-bordered\">\n<tbody>\n<tr>\n<td><i class=\"fa fa-times icon-tick icon-tick--off\"><\/i>Repelente de insectos<\/td>\n<\/tr>\n<tr>\n<td><i class=\"fa fa-times icon-tick icon-tick--off\"><\/i>Consejos para gu\u00edas<\/td>\n<\/tr>\n<\/tbody>\n<\/table>\n<\/td>\n<td style=\"width: 181.434%; height: 160px;\">\n<table class=\"table table-bordered\" style=\"width: 88.543%;\">\n<tbody>\n<tr>\n<td style=\"width: 100%;\"><\/td>\n<\/tr>\n<tr>\n<td style=\"width: 100%;\"><\/td>\n<\/tr>\n<\/tbody>\n<\/table>\n<\/td>\n<\/tr>\n<\/tbody>\n<\/table>\n<p>Otras recomendaciones: te recomendamos traer algo para protegerte del sol, como lentes de sol, sombreros, ropa ligera.<\/p>\n<p>\u00a1No olvide traer tambi\u00e9n su c\u00e1mara para capturar im\u00e1genes de estas vistas y momentos inolvidables!<\/p>\n<p>Nota: No hay cajeros autom\u00e1ticos en esta \u00e1rea y muchos vendedores no aceptan tarjetas de cr\u00e9dito. Para sus gastos personales, aseg\u00farese de llevar suficiente dinero en efectivo.<\/p>\n<p>Los gu\u00edas, choferes y meseros tambi\u00e9n siempre agradecen las propinas por su excelente servicio y tambi\u00e9n es gracias a ellos que te llevar\u00e1s grandes recuerdos.<\/p>\n<p>[\/vc_column_text][\/vc_column][\/vc_row][vc_row][vc_column]<div class=\"title title--big title--underline title--decoration-bottom-left\">\n\t\t<h3 class=\"title__primary\">Preguntas frecuentes<\/h3>\n<\/div>\n[\/vc_column][\/vc_row][vc_row][vc_column][vc_tta_accordion][vc_tta_section title=\u00bb\u00bfCu\u00e1nto cuesta ir a cenotes en M\u00e9xico?\u00bb tab_id=\u00bb1640162516090-e23f9ec6-f630&#8243;][vc_column_text]F\u00e1cilmente accesible por un camino sin pavimentar a unos 9 km al norte de Tulum, la entrada cuesta 150 pesos (incluido un chaleco salvavidas, casilleros disponibles por 50 pesos).[\/vc_column_text][\/vc_tta_section][vc_tta_section title=\u00bb\u00bfQu\u00e9 puedes hacer en un Cenote?\u00bb tab_id=\u00bb1640162516091-e1662a98-030c\u00bb][vc_column_text]Nadar en un cenote es ahora un encuentro fenomenal, pero hay m\u00e1s ejercicios que puedes disfrutar, como kayak, tirolesa, rapel o buceo nocturno.[\/vc_column_text][\/vc_tta_section][\/vc_tta_accordion][\/vc_column][\/vc_row]<\/p>\n<div id=\"gtx-trans\" style=\"position: absolute; left: 683px; top: 0.402218px;\">\n<div class=\"gtx-trans-icon\"><\/div>\n<\/div>\n<\/div>","protected":false},"excerpt":{"rendered":"<p>Tour privado Arqueol\u00f3gico de Tulum y cenote Visita de los sitios m\u00e1s incre\u00edbles alrededor&#8230; Tulum, primero exploramos el espectacular sitio maya de Tulum o la ciudad Zama de Dawn. Ubicado en un acantilado junto al mar, se encuentra una de las joyas del caribe, luego nos dirigimos al cenote cristalino para realizar la actividad de snorkel y finalmente terminamos con un aut\u00e9ntico almuerzo mexicano.<\/p>\n","protected":false},"featured_media":2770,"comment_status":"open","ping_status":"closed","template":"","meta":[],"product_brand":[],"product_cat":[399,408],"product_tag":[],"class_list":{"0":"post-3397","1":"product","2":"type-product","3":"status-publish","4":"has-post-thumbnail","6":"product_cat-arqueologico","7":"product_cat-aventura","8":"tour_category-arqueologico","9":"tour_category-bucear","10":"tour_category-nadando","12":"first","13":"instock","14":"sale","15":"shipping-taxable","16":"purchasable","17":"product-type-tour","18":"has-default-attributes"},"tiered_pricing_type":"fixed","tiered_pricing_fixed_rules":[],"tiered_pricing_product_settings":{"layout":"default","base_unit_name":{"singular":null,"plural":null},"default_variation":null},"tiered_pricing_minimum_quantity":null,"tiered_pricing_roles_data":[],"tiered_pricing_percentage_rules":[],"_links":{"self":[{"href":"https:\/\/bestmayatours.com\/es\/wp-json\/wp\/v2\/product\/3397","targetHints":{"allow":["GET"]}}],"collection":[{"href":"https:\/\/bestmayatours.com\/es\/wp-json\/wp\/v2\/product"}],"about":[{"href":"https:\/\/bestmayatours.com\/es\/wp-json\/wp\/v2\/types\/product"}],"replies":[{"embeddable":true,"href":"https:\/\/bestmayatours.com\/es\/wp-json\/wp\/v2\/comments?post=3397"}],"wp:featuredmedia":[{"embeddable":true,"href":"https:\/\/bestmayatours.com\/es\/wp-json\/wp\/v2\/media\/2770"}],"wp:attachment":[{"href":"https:\/\/bestmayatours.com\/es\/wp-json\/wp\/v2\/media?parent=3397"}],"wp:term":[{"taxonomy":"product_brand","embeddable":true,"href":"https:\/\/bestmayatours.com\/es\/wp-json\/wp\/v2\/product_brand?post=3397"},{"taxonomy":"product_cat","embeddable":true,"href":"https:\/\/bestmayatours.com\/es\/wp-json\/wp\/v2\/product_cat?post=3397"},{"taxonomy":"product_tag","embeddable":true,"href":"https:\/\/bestmayatours.com\/es\/wp-json\/wp\/v2\/product_tag?post=3397"}],"curies":[{"name":"wp","href":"https:\/\/api.w.org\/{rel}","templated":true}]}}