{"id":3398,"date":"2015-07-13T16:23:00","date_gmt":"2015-07-13T21:23:00","guid":{"rendered":"http:\/\/bestmayatours.com\/product\/paseo-en-bote-privado-por-las-ruinas-de-tulum-y-tortugas\/"},"modified":"2025-05-24T20:19:43","modified_gmt":"2025-05-25T01:19:43","slug":"paseo-en-bote-privado-por-las-ruinas-de-tulum-y-tortugas","status":"publish","type":"product","link":"https:\/\/bestmayatours.com\/es\/excursiones\/paseo-en-bote-privado-por-las-ruinas-de-tulum-y-tortugas\/","title":{"rendered":"Paseo en bote privado por las ruinas de Tulum y Tortugas"},"content":{"rendered":"<div class=\"wpb-content-wrapper\"><p>[vc_row][vc_column][vc_column_text]<span style=\"color: #003366;\"><strong>Tour Tortugas Tulum (Tour Privado)<\/strong><\/span><\/p>\n<p>Ven a descubrir el antiguo sitio arqueol\u00f3gico maya de Tulum, \u00abZama\u00bb o la Ciudad del Amanecer. Luego practique snorkel en la barrera de coral mesoamericana para admirar las tortugas marinas y termine su inolvidable recorrido disfrutando de una comida buffet en un restaurante de mariscos en Tulum.<br \/>\n<!--more--><\/p>\n<p>(los traslados desde Puerto Morelos a Canc\u00fan tienen un costo de transporte de $40usd por grupo)<\/p>\n<table class=\"table table-bordered tours-tabs__table\" style=\"width: 99.7821%; height: 665px;\">\n<tbody>\n<tr style=\"height: 28px;\">\n<td style=\"height: 28px; width: 12.058%;\"><\/td>\n<td style=\"height: 28px; width: 87.0705%;\"><\/td>\n<\/tr>\n<tr style=\"height: 48px;\">\n<td style=\"height: 48px; width: 12.058%;\"><strong>HORA DE SALIDA<\/strong><\/td>\n<td style=\"height: 48px; width: 87.0705%;\">Recojo en su hotel alrededor de las 8:00 a.m. para una pronta salida.<\/td>\n<\/tr>\n<tr style=\"height: 48px;\">\n<td style=\"height: 48px; width: 12.058%;\"><strong>HORA DE REGRESO<\/strong><\/td>\n<td style=\"height: 48px; width: 87.0705%;\">Aproximadamente 3:00 &#8211; 4:00 PM (Playa del Carmen y Riviera Maya)<\/td>\n<\/tr>\n<tr style=\"height: 72px;\">\n<td style=\"height: 52px; width: 12.058%;\"><strong>ROPA<\/strong><\/td>\n<td style=\"height: 52px; width: 87.0705%;\">Ropa casual c\u00f3moda y ligera, tenis, chanclas o sandalias para actividades acu\u00e1ticas, gorra, anteojos de sol, bloqueador solar (preferiblemente biodegradable) y repelente de insectos (preferiblemente biodegradable). El traje de ba\u00f1o tambi\u00e9n es muy recomendable.<\/td>\n<\/tr>\n<tr>\n<td><strong>INCLUIDO<\/strong><\/td>\n<td>\n<table class=\"table table-bordered\" style=\"width: 69.1197%; height: 261px;\">\n<tbody>\n<tr style=\"height: 24px;\">\n<td style=\"height: 24px;\">[\/vc_column_text][\/vc_column][\/vc_row]<i class=\"fa fa-check icon-tick icon-tick--on\"><\/i>[vc_row][vc_column][vc_column_text]Mejor gu\u00eda profesional de Maya Tours<\/td>\n<td style=\"height: 24px;\"><\/td>\n<\/tr>\n<tr>\n<td>[\/vc_column_text][\/vc_column][\/vc_row]<i class=\"fa fa-check icon-tick icon-tick--on\"><\/i>[vc_row][vc_column][vc_column_text]Transporte en una camioneta c\u00f3moda y con aire acondicionado.\n<p>[\/vc_column_text][\/vc_column][\/vc_row]<i class=\"fa fa-check icon-tick icon-tick--on\"><\/i>[vc_row][vc_column][vc_column_text]Todas las tarifas de entrada<\/p>\n<p>[\/vc_column_text][\/vc_column][\/vc_row]<i class=\"fa fa-check icon-tick icon-tick--on\"><\/i>[vc_row][vc_column][vc_column_text] Visita guiada a la Zona Arqueol\u00f3gica de Tulum<\/p>\n<p>[\/vc_column_text][\/vc_column][\/vc_row]<i class=\"fa fa-check icon-tick icon-tick--on\"><\/i>[vc_row][vc_column][vc_column_text]Equipo de snorkel y chalecos salvavidas.<\/p>\n<p>[\/vc_column_text][\/vc_column][\/vc_row]<i class=\"fa fa-check icon-tick icon-tick--on\"><\/i>[vc_row][vc_column][vc_column_text]Buf\u00e9 de comida<\/p>\n<p>[\/vc_column_text][\/vc_column][\/vc_row]<i class=\"fa fa-check icon-tick icon-tick--on\"><\/i>[vc_row][vc_column][vc_column_text]Aperitivos y agua<\/p><\/td>\n<td style=\"height: 237px;\"><\/td>\n<\/tr>\n<\/tbody>\n<\/table>\n<\/td>\n<\/tr>\n<tr style=\"height: 232px;\">\n<td style=\"height: 232px; width: 12.058%;\">\n<p><b>NO INCLUIDO<\/b><\/p><\/td>\n<td style=\"height: 232px; width: 87.0705%;\">\n<table class=\"table table-bordered\">\n<tbody>\n<tr>\n<td>[\/vc_column_text][\/vc_column][\/vc_row]<i class=\"fa fa-times icon-tick icon-tick--off\"><\/i>[vc_row][vc_column][vc_column_text]Protector solar biodegradable\n<table class=\"table table-bordered\">\n<tbody>\n<tr>\n<td>[\/vc_column_text][\/vc_column][\/vc_row]<i class=\"fa fa-times icon-tick icon-tick--off\"><\/i>[vc_row][vc_column][vc_column_text]Repelente de insectos<\/td>\n<\/tr>\n<tr>\n<td>[\/vc_column_text][\/vc_column][\/vc_row]<i class=\"fa fa-times icon-tick icon-tick--off\"><\/i>[vc_row][vc_column][vc_column_text]Propinas para gu\u00edas<\/td>\n<\/tr>\n<\/tbody>\n<\/table>\n<\/td>\n<\/tr>\n<tr>\n<td><\/td>\n<\/tr>\n<\/tbody>\n<\/table>\n<\/td>\n<\/tr>\n<\/tbody>\n<\/table>\n<p>Otras recomendaciones: te recomendamos traer algo para protegerte del sol, como lentes de sol, sombreros, ropa ligera.<\/p>\n<p>\u00a1No olvide traer tambi\u00e9n su c\u00e1mara para capturar im\u00e1genes de estas vistas y momentos inolvidables!<\/p>\n<p>Nota: No hay cajeros autom\u00e1ticos en esta \u00e1rea y muchos vendedores no aceptan tarjetas de cr\u00e9dito. Para sus gastos personales, aseg\u00farese de llevar suficiente dinero en efectivo.<\/p>\n<p>Los gu\u00edas, choferes y meseros tambi\u00e9n siempre agradecen las propinas por su excelente servicio y tambi\u00e9n es gracias a ellos que te llevar\u00e1s grandes recuerdos.<\/p>\n<p>[\/vc_column_text][\/vc_column][\/vc_row][vc_row][vc_column]<div class=\"title title--big title--underline title--decoration-bottom-left\">\n\t\t<h3 class=\"title__primary\">Preguntas frecuentes<\/h3>\n<\/div>\n[\/vc_column][\/vc_row][vc_row][vc_column][vc_tta_accordion][vc_tta_section title=\u00bb\u00bfCu\u00e1les son los mejores lugares para tours en barco y deportes acu\u00e1ticos en Tulum?\u00bb tab_id=\u00bb1640162979933-7fd58aa4-7f1f\u00bb][vc_column_text]Estos lugares (Delphinus Xel-H\u00e1, Mexico Kan Tours, Infinity 2 Diving, La Calypso Dive Center y Adventure Tour Center) son convenientes para excursiones en barco y deportes acu\u00e1ticos en Tulum.[\/vc_column_text][\/vc_tta_section][vc_tta_section title=\u00bb\u00bfEst\u00e1 permitido fumar?\u00bb tab_id=\u00bb1640162979934-74574400-e680&#8243;][vc_column_text]Est\u00e1 permitido fumar en la terraza exterior. No est\u00e1 permitido fumar en el interior ni en los camarotes.[\/vc_column_text][\/vc_tta_section][\/vc_tta_accordion][\/vc_column][\/vc_row]<\/p>\n<\/div>","protected":false},"excerpt":{"rendered":"<p>Ven a descubrir el antiguo sitio arqueol\u00f3gico maya de Tulum, \u00abZama\u00bb o la Ciudad del Amanecer. Luego practique snorkel en la barrera de coral mesoamericana para admirar las tortugas marinas y termine su inolvidable recorrido disfrutando de una comida buffet en un restaurante de mariscos en Tulum<\/p>\n","protected":false},"featured_media":2764,"comment_status":"open","ping_status":"closed","template":"","meta":[],"product_brand":[],"product_cat":[399,408,411,402],"product_tag":[],"class_list":{"0":"post-3398","1":"product","2":"type-product","3":"status-publish","4":"has-post-thumbnail","6":"product_cat-arqueologico","7":"product_cat-aventura","8":"product_cat-cenotes-es","9":"product_cat-nadando","10":"tour_category-arqueologico","11":"tour_category-bucear","13":"first","14":"instock","15":"sale","16":"shipping-taxable","17":"purchasable","18":"product-type-tour","19":"has-default-attributes"},"tiered_pricing_type":"fixed","tiered_pricing_fixed_rules":[],"tiered_pricing_product_settings":{"layout":"default","base_unit_name":{"singular":null,"plural":null},"default_variation":null},"tiered_pricing_minimum_quantity":null,"tiered_pricing_roles_data":[],"tiered_pricing_percentage_rules":[],"_links":{"self":[{"href":"https:\/\/bestmayatours.com\/es\/wp-json\/wp\/v2\/product\/3398","targetHints":{"allow":["GET"]}}],"collection":[{"href":"https:\/\/bestmayatours.com\/es\/wp-json\/wp\/v2\/product"}],"about":[{"href":"https:\/\/bestmayatours.com\/es\/wp-json\/wp\/v2\/types\/product"}],"replies":[{"embeddable":true,"href":"https:\/\/bestmayatours.com\/es\/wp-json\/wp\/v2\/comments?post=3398"}],"wp:featuredmedia":[{"embeddable":true,"href":"https:\/\/bestmayatours.com\/es\/wp-json\/wp\/v2\/media\/2764"}],"wp:attachment":[{"href":"https:\/\/bestmayatours.com\/es\/wp-json\/wp\/v2\/media?parent=3398"}],"wp:term":[{"taxonomy":"product_brand","embeddable":true,"href":"https:\/\/bestmayatours.com\/es\/wp-json\/wp\/v2\/product_brand?post=3398"},{"taxonomy":"product_cat","embeddable":true,"href":"https:\/\/bestmayatours.com\/es\/wp-json\/wp\/v2\/product_cat?post=3398"},{"taxonomy":"product_tag","embeddable":true,"href":"https:\/\/bestmayatours.com\/es\/wp-json\/wp\/v2\/product_tag?post=3398"}],"curies":[{"name":"wp","href":"https:\/\/api.w.org\/{rel}","templated":true}]}}