{"id":3399,"date":"2015-07-06T15:50:31","date_gmt":"2015-07-06T20:50:31","guid":{"rendered":"http:\/\/bestmayatours.com\/product\/visita-guiada-privada-de-dia-completo-a-chichen-itza-con-almuerzo\/"},"modified":"2025-09-06T21:45:36","modified_gmt":"2025-09-07T02:45:36","slug":"visita-guiada-privada-de-dia-completo-a-chichen-itza-con-almuerzo","status":"publish","type":"product","link":"https:\/\/bestmayatours.com\/es\/excursiones\/visita-guiada-privada-de-dia-completo-a-chichen-itza-con-almuerzo\/","title":{"rendered":"Visita guiada privada de d\u00eda completo a Chich\u00e9n Itz\u00e1 con almuerzo"},"content":{"rendered":"<div class=\"wpb-content-wrapper\"><p>[vc_row][vc_column][vc_column_text]<\/p>\n<h1>Tour Privado Chich\u00e9n Itz\u00e1<\/h1>\n<h2><\/h2>\n<p>Reserve su viaje inolvidable a Chich\u00e9n Itz\u00e1, una de las Nuevas Maravillas del Mundo y descubra las propiedades arqueo-astron\u00f3micas \u00fanicas del antiguo sitio maya. Durante este d\u00eda, aprender\u00e1 sobre la filosof\u00eda maya, el impacto de la religi\u00f3n en la vida maya diaria, incluidos los diferentes rituales religiosos y los sacrificios humanos que sol\u00edan realizar los mayas. Tambi\u00e9n conocer\u00e1s m\u00e1s sobre la importancia geopol\u00edtica de esta gran ciudad y muchas cosas m\u00e1s.<\/p>\n<p>Luego podr\u00e1 disfrutar del almuerzo y relajarse en un cenote cerca de la pir\u00e1mide antes de dirigirse a la ciudad colonial de Valladolid para una visita guiada antes de regresar a su hotel.<\/p>\n<p>(Los traslados desde Puerto Morelos a Canc\u00fan tienen un costo de transporte de $40usd por grupo)<\/p>\n<p><!--more--><\/p>\n<table class=\"table table-bordered tours-tabs__table\">\n<tbody>\n<tr>\n<td><\/td>\n<td><\/td>\n<\/tr>\n<tr>\n<td><strong>HORA DE SALIDA<\/strong><\/td>\n<td>Recogida en su hotel alrededor de las 7:00 a.m. para una salida r\u00e1pida para evitar las multitudes<\/td>\n<\/tr>\n<tr>\n<td><strong>HORA DE REGRESO<\/strong><\/td>\n<td>Aproximadamente de 17:30 a 18:00 horas. (Playa del Carmen y Riviera Maya)<\/td>\n<\/tr>\n<tr>\n<td><strong>VESTIR<\/strong><\/td>\n<td>Ropa casual c\u00f3moda y ligera, tenis, chanclas o sandalias para actividades acu\u00e1ticas, gorra, anteojos de sol, bloqueador solar (preferiblemente biodegradable) y repelente de insectos (preferiblemente biodegradable). El traje de ba\u00f1o tambi\u00e9n es muy recomendable.<\/td>\n<\/tr>\n<tr>\n<td><strong>INCLUIDO<\/strong><\/td>\n<td>\n<table class=\"table table-bordered\" style=\"width: 100%; height: 241px;\">\n<tbody>\n<tr style=\"height: 120px;\">\n<td style=\"height: 120px;\"><i class=\"fa fa-check icon-tick icon-tick--on\"><\/i>Mejor gu\u00eda profesional de Maya Tours\n<p><i class=\"fa fa-check icon-tick icon-tick--on\"><\/i>Transporte en una camioneta c\u00f3moda y con aire acondicionado.<\/p><\/td>\n<td style=\"height: 120px;\"><\/td>\n<\/tr>\n<tr style=\"height: 121px;\">\n<td style=\"height: 121px;\"><i class=\"fa fa-check icon-tick icon-tick--on\"><\/i>Todas las tarifas de entrada\n<p><i class=\"fa fa-check icon-tick icon-tick--on\"><\/i>Meal buffet : Cochinita Pibil, chicken Pibil, rice, mashed potatoes, salads, beans, beverages (Vegetarian option also available)<\/p>\n<p><i class=\"fa fa-check icon-tick icon-tick--on\"><\/i>Aperitivos y agua<\/p><\/td>\n<td style=\"height: 121px;\"><\/td>\n<\/tr>\n<\/tbody>\n<\/table>\n<\/td>\n<\/tr>\n<tr>\n<td><b>NO INCLUIDO<\/b><\/td>\n<td>\n<table class=\"table table-bordered\">\n<tbody>\n<tr>\n<td><i class=\"fa fa-times icon-tick icon-tick--off\"><\/i> Protector solar biodegradable\n<table class=\"table table-bordered\">\n<tbody>\n<tr>\n<td><i class=\"fa fa-times icon-tick icon-tick--off\"><\/i>Repelente de insectos<\/td>\n<\/tr>\n<tr>\n<td><i class=\"fa fa-times icon-tick icon-tick--off\"><\/i>Propinas para gu\u00edas y meseros<\/td>\n<\/tr>\n<\/tbody>\n<\/table>\n<\/td>\n<\/tr>\n<tr>\n<td><\/td>\n<\/tr>\n<\/tbody>\n<\/table>\n<\/td>\n<\/tr>\n<\/tbody>\n<\/table>\n<p>Otras recomendaciones: te recomendamos traer algo para protegerte del sol, como lentes de sol, sombreros, ropa ligera.<\/p>\n<p>\u00a1No olvide traer tambi\u00e9n su c\u00e1mara para capturar im\u00e1genes de estas vistas y momentos inolvidables!<\/p>\n<p>Nota: No hay cajeros autom\u00e1ticos en esta \u00e1rea y muchos vendedores no aceptan tarjetas de cr\u00e9dito. Para sus gastos personales, aseg\u00farese de llevar suficiente dinero en efectivo.<\/p>\n<p>Los gu\u00edas, choferes y meseros tambi\u00e9n siempre agradecen las propinas por su excelente servicio y tambi\u00e9n es gracias a ellos que te llevar\u00e1s grandes recuerdos.[\/vc_column_text][\/vc_column][\/vc_row][vc_row][vc_column]\n<div class=\"atgrid atgrid--small\">\n\t<div class=\"title title--big title--center title--underline title--decoration-bottom-center\">\n\t\t<h3 class=\"title__primary\">Tambi\u00e9n te pueden interesar estos tours<\/h3>\n<\/div>\n\t<div class=\"row atgrid__row\">\n\t\t\t\t\t<div class=\"col-md-3 col-xs-6 atgrid__item-wrap\">\n\t\t\t<div class=\"atgrid__item\">\n\t\t\t\t<div class=\"atgrid__item__top\">\n\t\t\t\t\t<a href=\"https:\/\/bestmayatours.com\/excursiones\/private-chiapas-yucatan-expedition-12-days-11-nights\/\" class=\"atgrid__item__top__image\"><img loading=\"lazy\" decoding=\"async\" width=\"360\" height=\"240\" src=\"https:\/\/bestmayatours.com\/wp-content\/uploads\/2025\/08\/chiapas-yucatan-360x240.jpg\" class=\"attachment-thumb_tour_listing_small size-thumb_tour_listing_small wp-post-image\" alt=\"chiapas yucatan\" srcset=\"https:\/\/bestmayatours.com\/wp-content\/uploads\/2025\/08\/chiapas-yucatan-360x240.jpg 360w, https:\/\/bestmayatours.com\/wp-content\/uploads\/2025\/08\/chiapas-yucatan-150x100.jpg 150w, https:\/\/bestmayatours.com\/wp-content\/uploads\/2025\/08\/chiapas-yucatan-531x354.jpg 531w, https:\/\/bestmayatours.com\/wp-content\/uploads\/2025\/08\/chiapas-yucatan-180x120.jpg 180w, https:\/\/bestmayatours.com\/wp-content\/uploads\/2025\/08\/chiapas-yucatan-135x90.jpg 135w, https:\/\/bestmayatours.com\/wp-content\/uploads\/2025\/08\/chiapas-yucatan.jpg 600w\" sizes=\"auto, (max-width: 360px) 100vw, 360px\" \/><\/a>\t\t\t\t\t<div class=\"atgrid__item__price\"><a href=\"https:\/\/bestmayatours.com\/excursiones\/private-chiapas-yucatan-expedition-12-days-11-nights\/\" class=\"atgrid__item__price__button\"><span class=\"woocommerce-Price-amount amount\" aria-hidden=\"true\"><bdi><span class=\"woocommerce-Price-currencySymbol\">&#36;<\/span>0.00<\/bdi><\/span> <span aria-hidden=\"true\">-<\/span> <span class=\"woocommerce-Price-amount amount\" aria-hidden=\"true\"><bdi><span class=\"woocommerce-Price-currencySymbol\">&#36;<\/span>2,499.00<\/bdi><\/span><span class=\"screen-reader-text\">Rango de precios: desde &#36;0.00 hasta &#36;2,499.00<\/span><\/a><\/div>\t\t\t\t\t\t\t\t\t\t\t\t\t\t<\/div>\n\t\t\t\t<div class=\"atgrid__item__content\">\n\t\t\t\t\t<h3 class=\"atgrid__item__title\"><a href=\"https:\/\/bestmayatours.com\/excursiones\/private-chiapas-yucatan-expedition-12-days-11-nights\/\">Private Chiapas Yucatan Expedition 12 Days 11 Nights<\/a><\/h3>\n\t\t\t\t\t\t\t\t\t<div class=\"atgrid__item__description\">Private Chiapas Yucatan Expedition 12 Days 11 Nights by Best Maya Tours is an exclusive adventure that takes you on<\/div>\n\t\t\t\t\t\t\t\t<\/div>\n\t\t\t\t<div class=\"item-attributes\">\n\t\t\t\t\t\t\t\t\t\t<div class=\"item-attributes__item\"><a href=\"https:\/\/bestmayatours.com\/excursiones\/private-chiapas-yucatan-expedition-12-days-11-nights\/\" class=\"item-attributes__link\"><i class=\"fa fa-long-arrow-right\"><\/i><\/a><\/div>\n\t\t\t\t<\/div>\n\t\t\t<\/div>\n\t\t<\/div>\n\t\t\t\t\t<div class=\"col-md-3 col-xs-6 atgrid__item-wrap\">\n\t\t\t<div class=\"atgrid__item\">\n\t\t\t\t<div class=\"atgrid__item__top\">\n\t\t\t\t\t<a href=\"https:\/\/bestmayatours.com\/es\/excursiones\/private-yucatan-explore-6-days-5-nights\/\" class=\"atgrid__item__top__image\"><img loading=\"lazy\" decoding=\"async\" width=\"360\" height=\"240\" src=\"https:\/\/bestmayatours.com\/wp-content\/uploads\/2024\/06\/Private-Yucatan-Explore-Tour2-360x240.jpg\" class=\"attachment-thumb_tour_listing_small size-thumb_tour_listing_small wp-post-image\" alt=\"Private Yucatan Explore Tour\" srcset=\"https:\/\/bestmayatours.com\/wp-content\/uploads\/2024\/06\/Private-Yucatan-Explore-Tour2-360x240.jpg 360w, https:\/\/bestmayatours.com\/wp-content\/uploads\/2024\/06\/Private-Yucatan-Explore-Tour2-180x120.jpg 180w\" sizes=\"auto, (max-width: 360px) 100vw, 360px\" \/><\/a>\t\t\t\t\t\t\t\t\t\t\t\t\t\t\t\t\t\t\t<\/div>\n\t\t\t\t<div class=\"atgrid__item__content\">\n\t\t\t\t\t<h3 class=\"atgrid__item__title\"><a href=\"https:\/\/bestmayatours.com\/es\/excursiones\/private-yucatan-explore-6-days-5-nights\/\">Private Yucatan Explore 6 Days - 5 Nights<\/a><\/h3>\n\t\t\t\t\t\t\t\t\t<div class=\"atgrid__item__description\">Discover the rich culture and history of Yucatan with a private tour. Visit iconic sites such as Chichen Itza, Uxmal,<\/div>\n\t\t\t\t\t\t\t\t<\/div>\n\t\t\t\t<div class=\"item-attributes\">\n\t\t\t\t\t\t\t\t\t\t<div class=\"item-attributes__item\"><a href=\"https:\/\/bestmayatours.com\/es\/excursiones\/private-yucatan-explore-6-days-5-nights\/\" class=\"item-attributes__link\"><i class=\"fa fa-long-arrow-right\"><\/i><\/a><\/div>\n\t\t\t\t<\/div>\n\t\t\t<\/div>\n\t\t<\/div>\n\t\t\t<div class=\"atgrid__row-separator clearfix visible-sm visible-xs\"><\/div>\t\t<div class=\"col-md-3 col-xs-6 atgrid__item-wrap\">\n\t\t\t<div class=\"atgrid__item\">\n\t\t\t\t<div class=\"atgrid__item__top\">\n\t\t\t\t\t<a href=\"https:\/\/bestmayatours.com\/es\/excursiones\/mayan-underworld-private-tour\/\" class=\"atgrid__item__top__image\"><img loading=\"lazy\" decoding=\"async\" width=\"360\" height=\"240\" src=\"https:\/\/bestmayatours.com\/wp-content\/uploads\/2015\/07\/cenote2-360x240.jpg\" class=\"attachment-thumb_tour_listing_small size-thumb_tour_listing_small wp-post-image\" alt=\"Best Scene of Mayan River\" srcset=\"https:\/\/bestmayatours.com\/wp-content\/uploads\/2015\/07\/cenote2-360x240.jpg 360w, https:\/\/bestmayatours.com\/wp-content\/uploads\/2015\/07\/cenote2-531x354.jpg 531w, https:\/\/bestmayatours.com\/wp-content\/uploads\/2015\/07\/cenote2-180x120.jpg 180w, https:\/\/bestmayatours.com\/wp-content\/uploads\/2015\/07\/cenote2-270x180.jpg 270w\" sizes=\"auto, (max-width: 360px) 100vw, 360px\" \/><\/a>\t\t\t\t\t<div class=\"atgrid__item__price\"><a href=\"https:\/\/bestmayatours.com\/es\/excursiones\/mayan-underworld-private-tour\/\" class=\"atgrid__item__price__button\"><span class=\"woocommerce-Price-amount amount\" aria-hidden=\"true\"><bdi><span class=\"woocommerce-Price-currencySymbol\">&#36;<\/span>0.00<\/bdi><\/span> <span aria-hidden=\"true\">-<\/span> <span class=\"woocommerce-Price-amount amount\" aria-hidden=\"true\"><bdi><span class=\"woocommerce-Price-currencySymbol\">&#36;<\/span>149.00<\/bdi><\/span><span class=\"screen-reader-text\">Rango de precios: desde &#36;0.00 hasta &#36;149.00<\/span><\/a><\/div>\t\t\t\t\t\t\t\t\t\t\t\t\t\t<\/div>\n\t\t\t\t<div class=\"atgrid__item__content\">\n\t\t\t\t\t<h3 class=\"atgrid__item__title\"><a href=\"https:\/\/bestmayatours.com\/es\/excursiones\/mayan-underworld-private-tour\/\">Mayan Underworld Private Tour<\/a><\/h3>\n\t\t\t\t\t\t\t\t\t<div class=\"atgrid__item__description\">This exciting tour takes you on a journey through some of the most breathtaking natural caves of the area with<\/div>\n\t\t\t\t\t\t\t\t<\/div>\n\t\t\t\t<div class=\"item-attributes\">\n\t\t\t\t\t\t\t\t\t\t<div class=\"item-attributes__item\"><a href=\"https:\/\/bestmayatours.com\/es\/excursiones\/mayan-underworld-private-tour\/\" class=\"item-attributes__link\"><i class=\"fa fa-long-arrow-right\"><\/i><\/a><\/div>\n\t\t\t\t<\/div>\n\t\t\t<\/div>\n\t\t<\/div>\n\t\t\t\t\t<div class=\"col-md-3 col-xs-6 atgrid__item-wrap\">\n\t\t\t<div class=\"atgrid__item\">\n\t\t\t\t<div class=\"atgrid__item__top\">\n\t\t\t\t\t<a href=\"https:\/\/bestmayatours.com\/es\/excursiones\/tour-privado-en-barco-por-bacalar-y-el-cenote-azul\/\" class=\"atgrid__item__top__image\"><img loading=\"lazy\" decoding=\"async\" width=\"360\" height=\"240\" src=\"https:\/\/bestmayatours.com\/wp-content\/uploads\/2023\/03\/San-Felipe-Fort-in-Bacalar-360x240.jpg\" class=\"attachment-thumb_tour_listing_small size-thumb_tour_listing_small wp-post-image\" alt=\"\" srcset=\"https:\/\/bestmayatours.com\/wp-content\/uploads\/2023\/03\/San-Felipe-Fort-in-Bacalar-360x240.jpg 360w, https:\/\/bestmayatours.com\/wp-content\/uploads\/2023\/03\/San-Felipe-Fort-in-Bacalar-531x354.jpg 531w, https:\/\/bestmayatours.com\/wp-content\/uploads\/2023\/03\/San-Felipe-Fort-in-Bacalar-180x120.jpg 180w, https:\/\/bestmayatours.com\/wp-content\/uploads\/2023\/03\/San-Felipe-Fort-in-Bacalar-600x400.jpg 600w, https:\/\/bestmayatours.com\/wp-content\/uploads\/2023\/03\/San-Felipe-Fort-in-Bacalar-150x100.jpg 150w, https:\/\/bestmayatours.com\/wp-content\/uploads\/2023\/03\/San-Felipe-Fort-in-Bacalar-768x512.jpg 768w, https:\/\/bestmayatours.com\/wp-content\/uploads\/2023\/03\/San-Felipe-Fort-in-Bacalar-135x90.jpg 135w, https:\/\/bestmayatours.com\/wp-content\/uploads\/2023\/03\/San-Felipe-Fort-in-Bacalar.jpg 800w\" sizes=\"auto, (max-width: 360px) 100vw, 360px\" \/><\/a>\t\t\t\t\t<div class=\"atgrid__item__price\"><a href=\"https:\/\/bestmayatours.com\/es\/excursiones\/tour-privado-en-barco-por-bacalar-y-el-cenote-azul\/\" class=\"atgrid__item__price__button\"><span class=\"woocommerce-Price-amount amount\" aria-hidden=\"true\"><bdi><span class=\"woocommerce-Price-currencySymbol\">&#36;<\/span>159.00<\/bdi><\/span> <span aria-hidden=\"true\">-<\/span> <span class=\"woocommerce-Price-amount amount\" aria-hidden=\"true\"><bdi><span class=\"woocommerce-Price-currencySymbol\">&#36;<\/span>199.00<\/bdi><\/span><span class=\"screen-reader-text\">Rango de precios: desde &#36;159.00 hasta &#36;199.00<\/span><\/a><\/div>\t\t\t\t\t\t\t\t\t\t\t\t\t\t<\/div>\n\t\t\t\t<div class=\"atgrid__item__content\">\n\t\t\t\t\t<h3 class=\"atgrid__item__title\"><a href=\"https:\/\/bestmayatours.com\/es\/excursiones\/tour-privado-en-barco-por-bacalar-y-el-cenote-azul\/\">Tour privado en barco por Bacalar y el Cenote Azul<\/a><\/h3>\n\t\t\t\t\t\t\t\t\t<div class=\"atgrid__item__description\">Emb\u00e1rcate en un impresionante viaje entre las maravillas naturales de Bacalar con nuestra excursi\u00f3n privada en barco de d\u00eda completo<\/div>\n\t\t\t\t\t\t\t\t<\/div>\n\t\t\t\t<div class=\"item-attributes\">\n\t\t\t\t\t\t\t\t\t\t<div class=\"item-attributes__item\"><a href=\"https:\/\/bestmayatours.com\/es\/excursiones\/tour-privado-en-barco-por-bacalar-y-el-cenote-azul\/\" class=\"item-attributes__link\"><i class=\"fa fa-long-arrow-right\"><\/i><\/a><\/div>\n\t\t\t\t<\/div>\n\t\t\t<\/div>\n\t\t<\/div>\n\t\t\t<\/div>\n<\/div>\n[\/vc_column][\/vc_row][vc_row][vc_column]<div class=\"title title--big title--underline title--decoration-bottom-left\">\n\t\t<h3 class=\"title__primary\">Preguntas frecuentes<\/h3>\n<\/div>\n[\/vc_column][\/vc_row][vc_row][vc_column][vc_tta_accordion][vc_tta_section title=\u00bb\u00bfQu\u00e9 debo usar para el tour de Chich\u00e9n Itz\u00e1?\u00bb tab_id=\u00bb1640159346952-26a59861-120c\u00bb][vc_column_text]Lo mejor es llevar ropa c\u00f3moda y fresca. Los pantalones cortos y las camisetas est\u00e1n bien, pero no deben ser demasiado holgados ni diminutos. Sugerir\u00eda buenos zapatos para caminar (no chanclas o sandalias) para proteger sus pies. Las zapatillas de tenis est\u00e1n bien.[\/vc_column_text][\/vc_tta_section][vc_tta_section title=\u00bb\u00bfQu\u00e9 piedra se utiliz\u00f3 en Chich\u00e9n Itz\u00e1?\u00bb tab_id=\u00bb1640159346991-680132c9-97c5&#8243;][vc_column_text]La adquisici\u00f3n y aplicaci\u00f3n de jade\u00edta en Chich\u00e9n Itz\u00e1 es indicativa del acceso que tuvo la ciudad-estado a lo largo de sus rutas comerciales.[\/vc_column_text][\/vc_tta_section][\/vc_tta_accordion][\/vc_column][\/vc_row]<\/p>\n<\/div>","protected":false},"excerpt":{"rendered":"<p>En el tour Chich\u00e9n Itz\u00e1 Maravilla del Mundo Visite Chich\u00e9n Itz\u00e1, una de las nuevas Maravillas del Mundo, y descubra las propiedades arqueo-astron\u00f3micas \u00fanicas del antiguo sitio de Chich\u00e9n Itz\u00e1. Aprenda sobre la filosof\u00eda y las tradiciones mayas de la \u00e9poca, incluidas sus justificaciones para los diferentes tipos de sacrificios humanos practicados durante este tiempo. C\u00f3mo la religi\u00f3n afect\u00f3 todos los aspectos de la vida cotidiana de los mayas. Aprende tambi\u00e9n sobre la importancia geopol\u00edtica de esta gran ciudad y muchas cosas m\u00e1s.<\/p>\n","protected":false},"featured_media":2839,"comment_status":"open","ping_status":"closed","template":"","meta":[],"product_brand":[],"product_cat":[399,411],"product_tag":[],"class_list":{"0":"post-3399","1":"product","2":"type-product","3":"status-publish","4":"has-post-thumbnail","6":"product_cat-arqueologico","7":"product_cat-cenotes-es","8":"tour_category-arqueologico","9":"tour_category-nadando","11":"first","12":"instock","13":"sale","14":"shipping-taxable","15":"purchasable","16":"product-type-tour"},"tiered_pricing_type":"fixed","tiered_pricing_fixed_rules":[],"tiered_pricing_product_settings":{"layout":"default","base_unit_name":{"singular":null,"plural":null},"default_variation":null},"tiered_pricing_minimum_quantity":null,"tiered_pricing_roles_data":[],"tiered_pricing_percentage_rules":[],"_links":{"self":[{"href":"https:\/\/bestmayatours.com\/es\/wp-json\/wp\/v2\/product\/3399","targetHints":{"allow":["GET"]}}],"collection":[{"href":"https:\/\/bestmayatours.com\/es\/wp-json\/wp\/v2\/product"}],"about":[{"href":"https:\/\/bestmayatours.com\/es\/wp-json\/wp\/v2\/types\/product"}],"replies":[{"embeddable":true,"href":"https:\/\/bestmayatours.com\/es\/wp-json\/wp\/v2\/comments?post=3399"}],"wp:featuredmedia":[{"embeddable":true,"href":"https:\/\/bestmayatours.com\/es\/wp-json\/wp\/v2\/media\/2839"}],"wp:attachment":[{"href":"https:\/\/bestmayatours.com\/es\/wp-json\/wp\/v2\/media?parent=3399"}],"wp:term":[{"taxonomy":"product_brand","embeddable":true,"href":"https:\/\/bestmayatours.com\/es\/wp-json\/wp\/v2\/product_brand?post=3399"},{"taxonomy":"product_cat","embeddable":true,"href":"https:\/\/bestmayatours.com\/es\/wp-json\/wp\/v2\/product_cat?post=3399"},{"taxonomy":"product_tag","embeddable":true,"href":"https:\/\/bestmayatours.com\/es\/wp-json\/wp\/v2\/product_tag?post=3399"}],"curies":[{"name":"wp","href":"https:\/\/api.w.org\/{rel}","templated":true}]}}