{"id":3400,"date":"2018-06-15T10:45:26","date_gmt":"2018-06-15T15:45:26","guid":{"rendered":"http:\/\/bestmayatours.com\/product\/visita-guiada-privada-de-dia-completo-a-tulum-coba-y-cenote-con-almuerzo\/"},"modified":"2025-09-09T21:41:42","modified_gmt":"2025-09-10T02:41:42","slug":"visita-guiada-privada-de-dia-completo-a-tulum-coba-y-cenote-con-almuerzo","status":"publish","type":"product","link":"https:\/\/bestmayatours.com\/es\/excursiones\/visita-guiada-privada-de-dia-completo-a-tulum-coba-y-cenote-con-almuerzo\/","title":{"rendered":"Visita guiada privada de d\u00eda completo a Tulum Cob\u00e1 y cenote con almuerzo"},"content":{"rendered":"<div class=\"wpb-content-wrapper\"><p>[vc_row][vc_column][vc_column_text]<span style=\"font-family: 'arial black', sans-serif; font-size: 12pt;\">Cenote y sitios arqueol\u00f3gicos de Tulum y Coba<\/span><\/p>\n<p>&nbsp;<\/p>\n<p>Reserva ahora tu tour privado con nosotros y descubre el rico pasado maya. Visite dos de los sitios arqueol\u00f3gicos mayas m\u00e1s emblem\u00e1ticos, Tulum \u00abCiudad del Amanecer\u00bb ubicada en un acantilado junto al Mar Caribe y Cob\u00e1 \u00abLugar de Aguas Turbulentas\u00bb escondida en la selva tropical. Luego finalizar\u00e1 el recorrido visitando y relaj\u00e1ndose en un maravilloso cenote y disfrutando de un delicioso almuerzo con vista al lago.<\/p>\n<p>(Los traslados desde Puerto Morelos a Canc\u00fan tienen un costo de transporte de $40usd por grupo) <!--more--><\/p>\n<p>&nbsp;<\/p>\n<table class=\"table table-bordered tours-tabs__table\">\n<tbody>\n<tr>\n<td><\/td>\n<td><\/td>\n<\/tr>\n<tr>\n<td><strong>HORA DE SALIDA<\/strong><\/td>\n<td>Recogida en su hotel entre las 8:00 a. m. y las 8:30 a. m. para una pronta salida.<\/td>\n<\/tr>\n<tr>\n<td><strong>HORA DE REGRESO<\/strong><\/td>\n<td>Aproximadamente de 15:00 a 16:00 horas. (Playa del Carmen y Riviera Maya)<\/td>\n<\/tr>\n<tr>\n<td><strong>VESTIR<\/strong><\/td>\n<td>Ropa casual c\u00f3moda y ligera, tenis, chanclas o sandalias para actividades acu\u00e1ticas, gorra, anteojos de sol, bloqueador solar (preferiblemente biodegradable) y repelente de insectos (preferiblemente biodegradable). Traje de ba\u00f1o tambi\u00e9n es muy recomendable para el cenote.<\/td>\n<\/tr>\n<tr>\n<td><strong>INCLUIDO<\/strong><\/td>\n<td>\n<table class=\"table table-bordered\">\n<tbody>\n<tr>\n<td><i class=\"fa fa-check icon-tick icon-tick--on\"><\/i>Mejor gu\u00eda profesional de Maya Tours<\/td>\n<td><\/td>\n<\/tr>\n<tr>\n<td><i class=\"fa fa-check icon-tick icon-tick--on\"><\/i>Transporte en una camioneta c\u00f3moda y con aire acondicionado.\n<p><i class=\"fa fa-check icon-tick icon-tick--on\"><\/i>Todas las tarifas de entrada<\/p>\n<p><i class=\"fa fa-check icon-tick icon-tick--on\"><\/i>Visita guiada a las zonas arqueol\u00f3gicas de Tulum y Coba<\/p>\n<p><i class=\"fa fa-check icon-tick icon-tick--on\"><\/i>Bicicletas en Cob\u00e1<\/p>\n<p><i class=\"fa fa-check icon-tick icon-tick--on\"><\/i>Equipo de snorkel y chalecos salvavidas.<\/p>\n<p><i class=\"fa fa-check icon-tick icon-tick--on\"><\/i>Buf\u00e9 de comida<\/p>\n<p><i class=\"fa fa-check icon-tick icon-tick--on\"><\/i>Aperitivos y agua<\/p><\/td>\n<td>&nbsp;\n<p>&nbsp;<\/p>\n<p>&nbsp;<\/p><\/td>\n<\/tr>\n<\/tbody>\n<\/table>\n<\/td>\n<\/tr>\n<tr>\n<td><b>NO INCLUIDO<\/b><\/td>\n<td>\n<table class=\"table table-bordered\">\n<tbody>\n<tr>\n<td><i class=\"fa fa-times icon-tick icon-tick--off\"><\/i>Protector solar biodegradable\n<table class=\"table table-bordered\" style=\"width: 82.0828%;\">\n<tbody>\n<tr>\n<td style=\"width: 100%;\"><i class=\"fa fa-times icon-tick icon-tick--off\"><\/i>Repelente de insectos<\/td>\n<\/tr>\n<tr>\n<td style=\"width: 100%;\"><i class=\"fa fa-times icon-tick icon-tick--off\"><\/i>Consejos para gu\u00edas<\/td>\n<\/tr>\n<\/tbody>\n<\/table>\n<\/td>\n<\/tr>\n<tr>\n<td><\/td>\n<\/tr>\n<\/tbody>\n<\/table>\n<\/td>\n<\/tr>\n<\/tbody>\n<\/table>\n<p>Otras recomendaciones: te recomendamos traer algo para protegerte del sol, como lentes de sol, sombreros, ropa ligera.<\/p>\n<p>\u00a1No olvide traer tambi\u00e9n su c\u00e1mara para capturar im\u00e1genes de estas vistas y momentos inolvidables!<\/p>\n<p>Nota: No hay cajeros autom\u00e1ticos en esta \u00e1rea y muchos vendedores no aceptan tarjetas de cr\u00e9dito. Para sus gastos personales, aseg\u00farese de llevar suficiente dinero en efectivo.<\/p>\n<p>Los gu\u00edas, choferes y meseros tambi\u00e9n siempre agradecen las propinas por su excelente servicio y tambi\u00e9n es gracias a ellos que te llevar\u00e1s grandes recuerdos.[\/vc_column_text][\/vc_column][\/vc_row][vc_row][vc_column]<div class=\"title title--big title--underline title--decoration-bottom-left\">\n\t\t<h3 class=\"title__primary\">Preguntas frecuentes<\/h3>\n<\/div>\n[\/vc_column][\/vc_row][vc_row][vc_column][vc_tta_accordion][vc_tta_section title=\u00bb\u00bfCu\u00e1nto cuesta ir a cenotes en M\u00e9xico?\u00bb tab_id=\u00bb1640162516090-e23f9ec6-f630&#8243;][vc_column_text]F\u00e1cilmente accesible por un camino sin pavimentar a unos 9 km al norte de Tulum, la entrada cuesta 150 pesos (incluido un chaleco salvavidas, casilleros disponibles por 50 pesos).[\/vc_column_text][\/vc_tta_section][vc_tta_section title=\u00bb\u00bfQu\u00e9 puedes hacer en un Cenote?\u00bb tab_id=\u00bb1640162516091-e1662a98-030c\u00bb][vc_column_text]Nadar en un cenote es ahora un encuentro fenomenal, pero hay m\u00e1s ejercicios que puedes disfrutar, como kayak, tirolesa, rapel o buceo nocturno.[\/vc_column_text][\/vc_tta_section][\/vc_tta_accordion][\/vc_column][\/vc_row]<\/p>\n<\/div>","protected":false},"excerpt":{"rendered":"<p>Visite dos de los sitios m\u00e1s asombrosos que existen&#8230; en Tulum to Coba Cenotes, primero exploramos el espectacular sitio maya de Tulum o la ciudad Zama de Dawn. Ubicado en un acantilado junto al mar es una de las joyas del Caribe, luego nos dirigimos a Coba o \u00abCo Ha\u00bb, \u00ablugar de aguas turbulentas\u00bb ubicado en la selva tropical, tomamos algunas bicicletas o limusinas mayas y visitamos este 100% tradicional. sitio maya. Terminamos el recorrido con una visita a un hermoso cenote y un delicioso almuerzo (opci\u00f3n vegetariana) con vista al lago.<\/p>\n","protected":false},"featured_media":2857,"comment_status":"open","ping_status":"closed","template":"","meta":[],"product_brand":[],"product_cat":[399,408,402,414],"product_tag":[],"class_list":{"0":"post-3400","1":"product","2":"type-product","3":"status-publish","4":"has-post-thumbnail","6":"product_cat-arqueologico","7":"product_cat-aventura","8":"product_cat-nadando","9":"product_cat-ornitologia","11":"first","12":"instock","13":"shipping-taxable","14":"purchasable","15":"product-type-tour"},"tiered_pricing_type":"fixed","tiered_pricing_fixed_rules":[],"tiered_pricing_product_settings":{"layout":"default","base_unit_name":{"singular":null,"plural":null},"default_variation":null},"tiered_pricing_minimum_quantity":null,"tiered_pricing_roles_data":[],"tiered_pricing_percentage_rules":[],"_links":{"self":[{"href":"https:\/\/bestmayatours.com\/es\/wp-json\/wp\/v2\/product\/3400","targetHints":{"allow":["GET"]}}],"collection":[{"href":"https:\/\/bestmayatours.com\/es\/wp-json\/wp\/v2\/product"}],"about":[{"href":"https:\/\/bestmayatours.com\/es\/wp-json\/wp\/v2\/types\/product"}],"replies":[{"embeddable":true,"href":"https:\/\/bestmayatours.com\/es\/wp-json\/wp\/v2\/comments?post=3400"}],"wp:featuredmedia":[{"embeddable":true,"href":"https:\/\/bestmayatours.com\/es\/wp-json\/wp\/v2\/media\/2857"}],"wp:attachment":[{"href":"https:\/\/bestmayatours.com\/es\/wp-json\/wp\/v2\/media?parent=3400"}],"wp:term":[{"taxonomy":"product_brand","embeddable":true,"href":"https:\/\/bestmayatours.com\/es\/wp-json\/wp\/v2\/product_brand?post=3400"},{"taxonomy":"product_cat","embeddable":true,"href":"https:\/\/bestmayatours.com\/es\/wp-json\/wp\/v2\/product_cat?post=3400"},{"taxonomy":"product_tag","embeddable":true,"href":"https:\/\/bestmayatours.com\/es\/wp-json\/wp\/v2\/product_tag?post=3400"}],"curies":[{"name":"wp","href":"https:\/\/api.w.org\/{rel}","templated":true}]}}