{"id":3401,"date":"2021-01-17T09:55:38","date_gmt":"2021-01-17T14:55:38","guid":{"rendered":"http:\/\/bestmayatours.com\/product\/tour-privado-ek-balam-rio-lagartos-y-las-coloradas\/"},"modified":"2025-05-20T21:41:58","modified_gmt":"2025-05-21T02:41:58","slug":"tour-privado-ek-balam-rio-lagartos-y-las-coloradas","status":"publish","type":"product","link":"https:\/\/bestmayatours.com\/es\/excursiones\/tour-privado-ek-balam-rio-lagartos-y-las-coloradas\/","title":{"rendered":"Tour Privado Ek&#8217; Balam R\u00edo Lagartos y Las Coloradas"},"content":{"rendered":"<div class=\"wpb-content-wrapper\"><figure id=\"attachment_4764\" aria-describedby=\"caption-attachment-4764\" style=\"width: 294px\" class=\"wp-caption alignleft\"><img loading=\"lazy\" decoding=\"async\" class=\"wp-image-4764\" title=\"Tour Privado Ek' Balam R\u00edo Lagartos y Las Coloradas\" src=\"http:\/\/bestmayatours.com\/wp-content\/uploads\/2015\/07\/Private-Yucatan-Expedition1.jpg\" alt=\"Tour Privado Ek' Balam R\u00edo Lagartos y Las Coloradas\" width=\"294\" height=\"294\" srcset=\"https:\/\/bestmayatours.com\/wp-content\/uploads\/2015\/07\/Private-Yucatan-Expedition1.jpg 500w, https:\/\/bestmayatours.com\/wp-content\/uploads\/2015\/07\/Private-Yucatan-Expedition1-240x240.jpg 240w, https:\/\/bestmayatours.com\/wp-content\/uploads\/2015\/07\/Private-Yucatan-Expedition1-150x150.jpg 150w, https:\/\/bestmayatours.com\/wp-content\/uploads\/2015\/07\/Private-Yucatan-Expedition1-90x90.jpg 90w\" sizes=\"auto, (max-width: 294px) 100vw, 294px\" \/><figcaption id=\"caption-attachment-4764\" class=\"wp-caption-text\">Tour Privado Ek&#8217; Balam R\u00edo Lagartos y Las Coloradas<\/figcaption><\/figure>\n<h1>Tour Privado Ek&#8217; Balam R\u00edo Lagartos y Las Coloradas<\/h1>\n<h2>Descubra la belleza natural de Yucatan<\/h2>\n<h3>viaje lleno de aventura y cultura a Ek &#8216;Balam<\/h3>\n<p>Descubra uno de los lugares m\u00e1s destacados de la pen\u00ednsula de Yucat\u00e1n con este viaje lleno de aventura y cultura a Ek &#8216;Balam, la biosfera de R\u00edo Lagartos y los lagos rosados.<\/p>\n<p>Conozca primero el antiguo sitio maya de Ek&#8217; Balam, o del \u00abJaguar Negro\u00bb y retroceda al per\u00edodo hist\u00f3rico cl\u00e1sico de los mayas a trav\u00e9s de las explicaciones de su gu\u00eda profesional. Luego se dirigir\u00e1 a la Biosfera de R\u00edo Lagartos para tomar un bote y observar varias especies de aves como garzas, \u00e1guilas pescadoras, los famosos flamencos, pero tambi\u00e9n quiz\u00e1s algunos habitantes de los manglares como cocodrilos o mapaches. Llegar\u00e1s a las famosas Las Coloradas o \u00abAguas Magenta\u00bb, estos lagos rosados coloreados por las algas, el plancton y los camarones y aprender\u00e1s m\u00e1s sobre su uso por los mayas. Podr\u00e1 tomar un ba\u00f1o de lodo maya tradicional, enjuagarse en una playa privada y disfrutar de una excelente comida de pescado en el restaurante Rio Lagartos.<br \/>\nLos traslados desde Puerto Morelos a Canc\u00fan tienen un costo de transporte de $40usd por grupo.<br \/>\n<!--more--><\/p>\n<table class=\"table table-bordered tours-tabs__table\" style=\"width: 95.0495%; height: 396px;\">\n<tbody>\n<tr>\n<td style=\"width: 22.9688%;\"><\/td>\n<td style=\"width: 76.6146%;\"><\/td>\n<\/tr>\n<tr>\n<td style=\"width: 22.9688%;\"><strong>HORA DE SALIDA<\/strong><\/td>\n<td style=\"width: 76.6146%;\">Recojo en su hotel entre las 8:00 a. m. y las 8:30 a. m. para una pronta salida.<\/td>\n<\/tr>\n<tr>\n<td style=\"width: 22.9688%;\"><strong>HORA DE REGRESO<\/strong><\/td>\n<td style=\"width: 76.6146%;\">Aproximadamente de 17:00 a 18:00 horas. (Canc\u00fan, Playa del Carmen y Riviera Maya)<\/td>\n<\/tr>\n<tr>\n<td style=\"width: 22.9688%;\"><strong>VESTIR<\/strong><\/td>\n<td style=\"width: 76.6146%;\">Ropa casual c\u00f3moda y ligera, tenis, chanclas o sandalias para actividades acu\u00e1ticas, gorra, anteojos de sol, bloqueador solar (preferiblemente biodegradable) y repelente de insectos (preferiblemente biodegradable). El traje de ba\u00f1o tambi\u00e9n es muy recomendable.<\/td>\n<\/tr>\n<tr>\n<td style=\"width: 22.9688%;\"><strong>INCLUIDO<\/strong><\/td>\n<td style=\"width: 76.6146%;\">\n<table class=\"table table-bordered\">\n<tbody>\n<tr>\n<td><\/td>\n<td><\/td>\n<\/tr>\n<tr>\n<td><i class=\"fa fa-check icon-tick icon-tick--on\"><\/i>Mejor gu\u00eda profesional de Maya Tours\n<p><i class=\"fa fa-check icon-tick icon-tick--on\"><\/i>Transporte en una camioneta c\u00f3moda y con aire acondicionado.<\/p>\n<p><i class=\"fa fa-check icon-tick icon-tick--on\"><\/i>Todas las tarifas de entrada (cuando corresponda).<\/p>\n<p><i class=\"fa fa-check icon-tick icon-tick--on\"><\/i>Chalecos salvavidas<\/p>\n<p><i class=\"fa fa-check icon-tick icon-tick--on\"><\/i>Comida de mariscos<\/p>\n<p><i class=\"fa fa-check icon-tick icon-tick--on\"><\/i>Aperitivos y agua<\/p><\/td>\n<td><\/td>\n<\/tr>\n<\/tbody>\n<\/table>\n<\/td>\n<\/tr>\n<tr>\n<td style=\"width: 22.9688%;\"><b>NO INCLUIDO<\/b><\/td>\n<td style=\"width: 76.6146%;\">\n<table class=\"table table-bordered\" style=\"height: 144px;\">\n<tbody>\n<tr style=\"height: 120px;\">\n<td style=\"height: 120px; width: 340px;\"><i class=\"fa fa-times icon-tick icon-tick--off\"><\/i>Protector solar biodegradable\n<table class=\"table table-bordered\">\n<tbody>\n<tr>\n<td><i class=\"fa fa-times icon-tick icon-tick--off\"><\/i>Repelente de insectos<\/td>\n<\/tr>\n<tr>\n<td><i class=\"fa fa-times icon-tick icon-tick--off\"><\/i>Consejos para gu\u00edas<\/td>\n<\/tr>\n<\/tbody>\n<\/table>\n<\/td>\n<\/tr>\n<tr style=\"height: 24px;\">\n<td style=\"height: 24px; width: 340px;\"><\/td>\n<\/tr>\n<\/tbody>\n<\/table>\n<\/td>\n<\/tr>\n<\/tbody>\n<\/table>\n<p>Otras recomendaciones: te recomendamos traer algo para protegerte del sol, como lentes de sol, sombreros, ropa ligera.<\/p>\n<p>\u00a1No olvide traer tambi\u00e9n su c\u00e1mara para capturar im\u00e1genes de estas vistas y momentos inolvidables!<\/p>\n<p>Nota: No hay cajeros autom\u00e1ticos en esta \u00e1rea y muchos vendedores no aceptan tarjetas de cr\u00e9dito. Para sus gastos personales, aseg\u00farese de llevar suficiente dinero en efectivo.<\/p>\n<p>Los gu\u00edas, choferes y meseros tambi\u00e9n siempre agradecen las propinas por su excelente servicio y tambi\u00e9n es gracias a ellos que te llevar\u00e1s grandes recuerdos.<\/p>\n<p>[\/vc_column_text][\/vc_column][\/vc_row][vc_row][vc_column]\n<div class=\"atgrid atgrid--small\">\n\t<div class=\"title title--big title--center title--underline title--decoration-bottom-center\">\n\t\t<h3 class=\"title__primary\">Tambi\u00e9n te pueden interesar estos tours<\/h3>\n<\/div>\n\t<div class=\"row atgrid__row\">\n\t\t\t\t\t<div class=\"col-md-3 col-xs-6 atgrid__item-wrap\">\n\t\t\t<div class=\"atgrid__item\">\n\t\t\t\t<div class=\"atgrid__item__top\">\n\t\t\t\t\t<a href=\"https:\/\/bestmayatours.com\/excursiones\/private-chiapas-yucatan-expedition-12-days-11-nights\/\" class=\"atgrid__item__top__image\"><img loading=\"lazy\" decoding=\"async\" width=\"360\" height=\"240\" src=\"https:\/\/bestmayatours.com\/wp-content\/uploads\/2025\/08\/chiapas-yucatan-360x240.jpg\" class=\"attachment-thumb_tour_listing_small size-thumb_tour_listing_small wp-post-image\" alt=\"chiapas yucatan\" srcset=\"https:\/\/bestmayatours.com\/wp-content\/uploads\/2025\/08\/chiapas-yucatan-360x240.jpg 360w, https:\/\/bestmayatours.com\/wp-content\/uploads\/2025\/08\/chiapas-yucatan-150x100.jpg 150w, https:\/\/bestmayatours.com\/wp-content\/uploads\/2025\/08\/chiapas-yucatan-531x354.jpg 531w, https:\/\/bestmayatours.com\/wp-content\/uploads\/2025\/08\/chiapas-yucatan-180x120.jpg 180w, https:\/\/bestmayatours.com\/wp-content\/uploads\/2025\/08\/chiapas-yucatan-135x90.jpg 135w, https:\/\/bestmayatours.com\/wp-content\/uploads\/2025\/08\/chiapas-yucatan.jpg 600w\" sizes=\"auto, (max-width: 360px) 100vw, 360px\" \/><\/a>\t\t\t\t\t<div class=\"atgrid__item__price\"><a href=\"https:\/\/bestmayatours.com\/excursiones\/private-chiapas-yucatan-expedition-12-days-11-nights\/\" class=\"atgrid__item__price__button\"><span class=\"woocommerce-Price-amount amount\" aria-hidden=\"true\"><bdi><span class=\"woocommerce-Price-currencySymbol\">&#36;<\/span>0.00<\/bdi><\/span> <span aria-hidden=\"true\">-<\/span> <span class=\"woocommerce-Price-amount amount\" aria-hidden=\"true\"><bdi><span class=\"woocommerce-Price-currencySymbol\">&#36;<\/span>2,499.00<\/bdi><\/span><span class=\"screen-reader-text\">Rango de precios: desde &#36;0.00 hasta &#36;2,499.00<\/span><\/a><\/div>\t\t\t\t\t\t\t\t\t\t<div class=\"atgrid__item__icons\"><a href=\"https:\/\/bestmayatours.com\/tour-category\/archeological\/\"><i data-toggle=\"tooltip\" title=\"Archeological\" class=\"td-acropolis\"><\/i><\/a><a href=\"https:\/\/bestmayatours.com\/tour-category\/family-friendly\/\"><i data-toggle=\"tooltip\" title=\"Family friendly\" class=\"td-users\"><\/i><\/a><\/div>\t\t\t\t<\/div>\n\t\t\t\t<div class=\"atgrid__item__content\">\n\t\t\t\t\t<h3 class=\"atgrid__item__title\"><a href=\"https:\/\/bestmayatours.com\/excursiones\/private-chiapas-yucatan-expedition-12-days-11-nights\/\">Private Chiapas Yucatan Expedition 12 Days 11 Nights<\/a><\/h3>\n\t\t\t\t\t\t\t\t\t<div class=\"atgrid__item__description\">Private Chiapas Yucatan Expedition 12 Days 11 Nights by Best Maya Tours is an exclusive adventure that takes you on<\/div>\n\t\t\t\t\t\t\t\t<\/div>\n\t\t\t\t<div class=\"item-attributes\">\n\t\t\t\t\t\t\t\t\t\t<div class=\"item-attributes__item\"><a href=\"https:\/\/bestmayatours.com\/excursiones\/private-chiapas-yucatan-expedition-12-days-11-nights\/\" class=\"item-attributes__link\"><i class=\"fa fa-long-arrow-right\"><\/i><\/a><\/div>\n\t\t\t\t<\/div>\n\t\t\t<\/div>\n\t\t<\/div>\n\t\t\t\t\t<div class=\"col-md-3 col-xs-6 atgrid__item-wrap\">\n\t\t\t<div class=\"atgrid__item\">\n\t\t\t\t<div class=\"atgrid__item__top\">\n\t\t\t\t\t<a href=\"https:\/\/bestmayatours.com\/es\/excursiones\/private-yucatan-explore-6-days-5-nights\/\" class=\"atgrid__item__top__image\"><img loading=\"lazy\" decoding=\"async\" width=\"360\" height=\"240\" src=\"https:\/\/bestmayatours.com\/wp-content\/uploads\/2024\/06\/Private-Yucatan-Explore-Tour2-360x240.jpg\" class=\"attachment-thumb_tour_listing_small size-thumb_tour_listing_small wp-post-image\" alt=\"Private Yucatan Explore Tour\" srcset=\"https:\/\/bestmayatours.com\/wp-content\/uploads\/2024\/06\/Private-Yucatan-Explore-Tour2-360x240.jpg 360w, https:\/\/bestmayatours.com\/wp-content\/uploads\/2024\/06\/Private-Yucatan-Explore-Tour2-180x120.jpg 180w\" sizes=\"auto, (max-width: 360px) 100vw, 360px\" \/><\/a>\t\t\t\t\t\t\t\t\t\t\t\t\t\t\t\t\t\t\t<\/div>\n\t\t\t\t<div class=\"atgrid__item__content\">\n\t\t\t\t\t<h3 class=\"atgrid__item__title\"><a href=\"https:\/\/bestmayatours.com\/es\/excursiones\/private-yucatan-explore-6-days-5-nights\/\">Private Yucatan Explore 6 Days - 5 Nights<\/a><\/h3>\n\t\t\t\t\t\t\t\t\t<div class=\"atgrid__item__description\">Discover the rich culture and history of Yucatan with a private tour. Visit iconic sites such as Chichen Itza, Uxmal,<\/div>\n\t\t\t\t\t\t\t\t<\/div>\n\t\t\t\t<div class=\"item-attributes\">\n\t\t\t\t\t\t\t\t\t\t<div class=\"item-attributes__item\"><a href=\"https:\/\/bestmayatours.com\/es\/excursiones\/private-yucatan-explore-6-days-5-nights\/\" class=\"item-attributes__link\"><i class=\"fa fa-long-arrow-right\"><\/i><\/a><\/div>\n\t\t\t\t<\/div>\n\t\t\t<\/div>\n\t\t<\/div>\n\t\t\t<div class=\"atgrid__row-separator clearfix visible-sm visible-xs\"><\/div>\t\t<div class=\"col-md-3 col-xs-6 atgrid__item-wrap\">\n\t\t\t<div class=\"atgrid__item\">\n\t\t\t\t<div class=\"atgrid__item__top\">\n\t\t\t\t\t<a href=\"https:\/\/bestmayatours.com\/es\/excursiones\/mayan-underworld-private-tour\/\" class=\"atgrid__item__top__image\"><img loading=\"lazy\" decoding=\"async\" width=\"360\" height=\"240\" src=\"https:\/\/bestmayatours.com\/wp-content\/uploads\/2015\/07\/cenote2-360x240.jpg\" class=\"attachment-thumb_tour_listing_small size-thumb_tour_listing_small wp-post-image\" alt=\"Best Scene of Mayan River\" srcset=\"https:\/\/bestmayatours.com\/wp-content\/uploads\/2015\/07\/cenote2-360x240.jpg 360w, https:\/\/bestmayatours.com\/wp-content\/uploads\/2015\/07\/cenote2-531x354.jpg 531w, https:\/\/bestmayatours.com\/wp-content\/uploads\/2015\/07\/cenote2-180x120.jpg 180w, https:\/\/bestmayatours.com\/wp-content\/uploads\/2015\/07\/cenote2-270x180.jpg 270w\" sizes=\"auto, (max-width: 360px) 100vw, 360px\" \/><\/a>\t\t\t\t\t<div class=\"atgrid__item__price\"><a href=\"https:\/\/bestmayatours.com\/es\/excursiones\/mayan-underworld-private-tour\/\" class=\"atgrid__item__price__button\"><span class=\"woocommerce-Price-amount amount\" aria-hidden=\"true\"><bdi><span class=\"woocommerce-Price-currencySymbol\">&#36;<\/span>0.00<\/bdi><\/span> <span aria-hidden=\"true\">-<\/span> <span class=\"woocommerce-Price-amount amount\" aria-hidden=\"true\"><bdi><span class=\"woocommerce-Price-currencySymbol\">&#36;<\/span>149.00<\/bdi><\/span><span class=\"screen-reader-text\">Rango de precios: desde &#36;0.00 hasta &#36;149.00<\/span><\/a><\/div>\t\t\t\t\t\t\t\t\t\t\t\t\t\t<\/div>\n\t\t\t\t<div class=\"atgrid__item__content\">\n\t\t\t\t\t<h3 class=\"atgrid__item__title\"><a href=\"https:\/\/bestmayatours.com\/es\/excursiones\/mayan-underworld-private-tour\/\">Mayan Underworld Private Tour<\/a><\/h3>\n\t\t\t\t\t\t\t\t\t<div class=\"atgrid__item__description\">This exciting tour takes you on a journey through some of the most breathtaking natural caves of the area with<\/div>\n\t\t\t\t\t\t\t\t<\/div>\n\t\t\t\t<div class=\"item-attributes\">\n\t\t\t\t\t\t\t\t\t\t<div class=\"item-attributes__item\"><a href=\"https:\/\/bestmayatours.com\/es\/excursiones\/mayan-underworld-private-tour\/\" class=\"item-attributes__link\"><i class=\"fa fa-long-arrow-right\"><\/i><\/a><\/div>\n\t\t\t\t<\/div>\n\t\t\t<\/div>\n\t\t<\/div>\n\t\t\t\t\t<div class=\"col-md-3 col-xs-6 atgrid__item-wrap\">\n\t\t\t<div class=\"atgrid__item\">\n\t\t\t\t<div class=\"atgrid__item__top\">\n\t\t\t\t\t<a href=\"https:\/\/bestmayatours.com\/es\/excursiones\/tour-privado-en-barco-por-bacalar-y-el-cenote-azul\/\" class=\"atgrid__item__top__image\"><img loading=\"lazy\" decoding=\"async\" width=\"360\" height=\"240\" src=\"https:\/\/bestmayatours.com\/wp-content\/uploads\/2023\/03\/San-Felipe-Fort-in-Bacalar-360x240.jpg\" class=\"attachment-thumb_tour_listing_small size-thumb_tour_listing_small wp-post-image\" alt=\"\" srcset=\"https:\/\/bestmayatours.com\/wp-content\/uploads\/2023\/03\/San-Felipe-Fort-in-Bacalar-360x240.jpg 360w, https:\/\/bestmayatours.com\/wp-content\/uploads\/2023\/03\/San-Felipe-Fort-in-Bacalar-531x354.jpg 531w, https:\/\/bestmayatours.com\/wp-content\/uploads\/2023\/03\/San-Felipe-Fort-in-Bacalar-180x120.jpg 180w, https:\/\/bestmayatours.com\/wp-content\/uploads\/2023\/03\/San-Felipe-Fort-in-Bacalar-600x400.jpg 600w, https:\/\/bestmayatours.com\/wp-content\/uploads\/2023\/03\/San-Felipe-Fort-in-Bacalar-150x100.jpg 150w, https:\/\/bestmayatours.com\/wp-content\/uploads\/2023\/03\/San-Felipe-Fort-in-Bacalar-768x512.jpg 768w, https:\/\/bestmayatours.com\/wp-content\/uploads\/2023\/03\/San-Felipe-Fort-in-Bacalar-135x90.jpg 135w, https:\/\/bestmayatours.com\/wp-content\/uploads\/2023\/03\/San-Felipe-Fort-in-Bacalar.jpg 800w\" sizes=\"auto, (max-width: 360px) 100vw, 360px\" \/><\/a>\t\t\t\t\t<div class=\"atgrid__item__price\"><a href=\"https:\/\/bestmayatours.com\/es\/excursiones\/tour-privado-en-barco-por-bacalar-y-el-cenote-azul\/\" class=\"atgrid__item__price__button\"><span class=\"woocommerce-Price-amount amount\" aria-hidden=\"true\"><bdi><span class=\"woocommerce-Price-currencySymbol\">&#36;<\/span>159.00<\/bdi><\/span> <span aria-hidden=\"true\">-<\/span> <span class=\"woocommerce-Price-amount amount\" aria-hidden=\"true\"><bdi><span class=\"woocommerce-Price-currencySymbol\">&#36;<\/span>199.00<\/bdi><\/span><span class=\"screen-reader-text\">Rango de precios: desde &#36;159.00 hasta &#36;199.00<\/span><\/a><\/div>\t\t\t\t\t\t\t\t\t\t\t\t\t\t<\/div>\n\t\t\t\t<div class=\"atgrid__item__content\">\n\t\t\t\t\t<h3 class=\"atgrid__item__title\"><a href=\"https:\/\/bestmayatours.com\/es\/excursiones\/tour-privado-en-barco-por-bacalar-y-el-cenote-azul\/\">Tour privado en barco por Bacalar y el Cenote Azul<\/a><\/h3>\n\t\t\t\t\t\t\t\t\t<div class=\"atgrid__item__description\">Emb\u00e1rcate en un impresionante viaje entre las maravillas naturales de Bacalar con nuestra excursi\u00f3n privada en barco de d\u00eda completo<\/div>\n\t\t\t\t\t\t\t\t<\/div>\n\t\t\t\t<div class=\"item-attributes\">\n\t\t\t\t\t\t\t\t\t\t<div class=\"item-attributes__item\"><a href=\"https:\/\/bestmayatours.com\/es\/excursiones\/tour-privado-en-barco-por-bacalar-y-el-cenote-azul\/\" class=\"item-attributes__link\"><i class=\"fa fa-long-arrow-right\"><\/i><\/a><\/div>\n\t\t\t\t<\/div>\n\t\t\t<\/div>\n\t\t<\/div>\n\t\t\t<\/div>\n<\/div>\n[\/vc_column][\/vc_row][vc_row][vc_column]<div class=\"title title--big title--underline title--decoration-bottom-left\">\n\t\t<h3 class=\"title__primary\">Preguntas frecuentes<\/h3>\n<\/div>\n[\/vc_column][\/vc_row][vc_row][vc_column][vc_tta_accordion][vc_tta_section title=\u00bb\u00bfCu\u00e1nto cuesta Ek Balam?\u00bb tab_id=\u00bb1640167290896-a9a90144-8284&#8243;][vc_column_text]Para ingresar a Ek Balam, deber\u00e1 pagar 413 pesos (alrededor de $ 22 USD) por persona.[\/vc_column_text][\/vc_tta_section][vc_tta_section title=\u00bb\u00bfD\u00f3nde est\u00e1 Ek Balam?\u00bb tab_id=\u00bb1640167290898-886115fd-858e\u00bb][\/vc_tta_section][\/vc_tta_accordion][\/vc_column][\/vc_row][vc_row][vc_column][vc_column_text]Ek\u02bc Balam es un sitio arqueol\u00f3gico precolombino perteneciente a la civilizaci\u00f3n maya de la Mesoam\u00e9rica precolombina. Se encuentra en el actual municipio de Temoz\u00f3n, Estado de Yucat\u00e1n, M\u00e9xico, y se encuentra a 25 kil\u00f3metros (16 millas) al norte de Valladolid y 56 kil\u00f3metros (35 millas) al noreste de Chich\u00e9n Itz\u00e1.[\/vc_column_text][\/vc_column][\/vc_row]<\/p>\n<\/div>","protected":false},"excerpt":{"rendered":"<p><strong>M\u00ednimo de 2 personas. Duraci\u00f3n. Todo el dia. Recogida en Playa del Carmen y Tulum. (Tour privado) <\/strong><\/p>\n<p>Descubre esta incre\u00edble Biosfera de Yucat\u00e1n con este viaje lleno de aventura y cultura a la Biosfera de R\u00edo Lagartos y los lagos rosados de las Coloradas. Una vez que llegamos a la Biosfera de R\u00edo Lagartos, tomamos un bote y vemos las diversas especies de aves como garzas, \u00e1guila pescadora, pel\u00edcanos y, por supuesto, los flamencos.<\/p>\n","protected":false},"featured_media":2959,"comment_status":"open","ping_status":"closed","template":"","meta":[],"product_brand":[],"product_cat":[399,408,402,414],"product_tag":[426,424,425,423],"class_list":{"0":"post-3401","1":"product","2":"type-product","3":"status-publish","4":"has-post-thumbnail","6":"product_cat-arqueologico","7":"product_cat-aventura","8":"product_cat-nadando","9":"product_cat-ornitologia","10":"product_tag-mejoresmayatours","11":"product_tag-mexico-es","12":"product_tag-riolagartosflamingotour-es","13":"product_tag-yucatan-es","14":"tour_category-arqueologico","15":"tour_category-barco-de-turismo","17":"first","18":"instock","19":"shipping-taxable","20":"purchasable","21":"product-type-tour"},"tiered_pricing_type":"fixed","tiered_pricing_fixed_rules":[],"tiered_pricing_product_settings":{"layout":"default","base_unit_name":{"singular":null,"plural":null},"default_variation":null},"tiered_pricing_minimum_quantity":null,"tiered_pricing_roles_data":[],"tiered_pricing_percentage_rules":[],"_links":{"self":[{"href":"https:\/\/bestmayatours.com\/es\/wp-json\/wp\/v2\/product\/3401","targetHints":{"allow":["GET"]}}],"collection":[{"href":"https:\/\/bestmayatours.com\/es\/wp-json\/wp\/v2\/product"}],"about":[{"href":"https:\/\/bestmayatours.com\/es\/wp-json\/wp\/v2\/types\/product"}],"replies":[{"embeddable":true,"href":"https:\/\/bestmayatours.com\/es\/wp-json\/wp\/v2\/comments?post=3401"}],"wp:featuredmedia":[{"embeddable":true,"href":"https:\/\/bestmayatours.com\/es\/wp-json\/wp\/v2\/media\/2959"}],"wp:attachment":[{"href":"https:\/\/bestmayatours.com\/es\/wp-json\/wp\/v2\/media?parent=3401"}],"wp:term":[{"taxonomy":"product_brand","embeddable":true,"href":"https:\/\/bestmayatours.com\/es\/wp-json\/wp\/v2\/product_brand?post=3401"},{"taxonomy":"product_cat","embeddable":true,"href":"https:\/\/bestmayatours.com\/es\/wp-json\/wp\/v2\/product_cat?post=3401"},{"taxonomy":"product_tag","embeddable":true,"href":"https:\/\/bestmayatours.com\/es\/wp-json\/wp\/v2\/product_tag?post=3401"}],"curies":[{"name":"wp","href":"https:\/\/api.w.org\/{rel}","templated":true}]}}