{"id":3402,"date":"2015-07-12T10:34:07","date_gmt":"2015-07-12T15:34:07","guid":{"rendered":"http:\/\/bestmayatours.com\/product\/tour-privado-de-la-biosfera-de-sian-kaan\/"},"modified":"2025-05-03T21:42:29","modified_gmt":"2025-05-04T02:42:29","slug":"tour-privado-de-la-biosfera-de-sian-kaan","status":"publish","type":"product","link":"https:\/\/bestmayatours.com\/es\/excursiones\/tour-privado-de-la-biosfera-de-sian-kaan\/","title":{"rendered":"Tour privado de la biosfera de Sian Ka&#8217;an"},"content":{"rendered":"<div class=\"wpb-content-wrapper\"><p>[vc_row][vc_column][vc_column_text]<strong>Tour privado de delfines de Sian Kaan<br \/>\n(Precios de tours grupales y privados disponibles a pedido)<\/strong><\/p>\n<p>Aprovecha un tour de un d\u00eda completo para explorar la Biosfera de Sian Ka&#8217;an, hogar de miles de especies de flora y fauna y designada Reserva de la Biosfera en 1986. Un a\u00f1o despu\u00e9s, Sian Ka&#8217;an fue declarada Patrimonio de la Humanidad por la UNESCO y sigue siendo hoy en d\u00eda el \u00e1rea protegida m\u00e1s grande del <a title=\"The beautiful Q. Roo\" href=\"https:\/\/www.youtube.com\/watch?v=yBSjzfIgCSM\" target=\"_blank\" rel=\"noopener noreferrer\">Caribe Mexicano<\/a> . Gracias a este tour, vivir\u00e1s una aventura inolvidable y descubrir\u00e1s a los delfines en su entorno y h\u00e1bitat natural.<\/p>\n<p><!--more--><\/p>\n<table class=\"table table-bordered tours-tabs__table\">\n<tbody>\n<tr>\n<td><\/td>\n<td><\/td>\n<\/tr>\n<tr>\n<td><strong>HORA DE SALIDA<\/strong><\/td>\n<td>Recogida en su hotel alrededor de las 7:30 AM para una pronta salida.<\/td>\n<\/tr>\n<tr>\n<td><strong>HORA DE REGRESO<\/strong><\/td>\n<td>Aproximadamente de 15:30 a 16:30 horas. (Playa del Carmen y Riviera Maya)<\/td>\n<\/tr>\n<tr>\n<td><strong>VESTIR<\/strong><\/td>\n<td>Ropa casual c\u00f3moda y ligera, tenis, chanclas o sandalias para actividades acu\u00e1ticas, gorra, anteojos de sol, bloqueador solar (preferiblemente biodegradable) y repelente de insectos (preferiblemente biodegradable). El traje de ba\u00f1o tambi\u00e9n es muy recomendable.<\/td>\n<\/tr>\n<tr>\n<td><strong>INCLUIDO<\/strong><\/td>\n<td>\n<table class=\"table table-bordered\">\n<tbody>\n<tr>\n<td><\/td>\n<td><\/td>\n<\/tr>\n<tr>\n<td><i class=\"fa fa-check icon-tick icon-tick--on\"><\/i>El mejor gu\u00eda profesional de Maya Tours\n<p><i class=\"fa fa-check icon-tick icon-tick--on\"><\/i>Transporte en una camioneta c\u00f3moda y con aire acondicionado.<\/p>\n<p><i class=\"fa fa-check icon-tick icon-tick--on\"><\/i>Todas las tarifas de entrada.<\/p>\n<p><i class=\"fa fa-check icon-tick icon-tick--on\"><\/i>Chalecos salvavidas<\/p>\n<p><i class=\"fa fa-check icon-tick icon-tick--on\"><\/i>Comida Buffet : Pescado local, fajitas de pollo. arroz, pur\u00e9 de patatas, ensaladas, bebidas.<\/p>\n<p>(Opci\u00f3n vegetariana disponible)<\/p>\n<p><i class=\"fa fa-check icon-tick icon-tick--on\"><\/i>Aperitivos y agua<\/p><\/td>\n<td><\/td>\n<\/tr>\n<\/tbody>\n<\/table>\n<\/td>\n<\/tr>\n<tr>\n<td><b>NO INCLUIDO<\/b><\/td>\n<td>\n<table class=\"table table-bordered\">\n<tbody>\n<tr>\n<td><i class=\"fa fa-times icon-tick icon-tick--off\"><\/i> Unscreen biodegradable\n<table class=\"table table-bordered\" style=\"width: 100%;\">\n<tbody>\n<tr>\n<td style=\"width: 100%;\"><i class=\"fa fa-times icon-tick icon-tick--off\"><\/i>Repelente de insectos<\/td>\n<\/tr>\n<tr>\n<td style=\"width: 100%;\"><i class=\"fa fa-times icon-tick icon-tick--off\"><\/i>Consejos para gu\u00edas<\/td>\n<\/tr>\n<\/tbody>\n<\/table>\n<\/td>\n<\/tr>\n<tr>\n<td><\/td>\n<\/tr>\n<\/tbody>\n<\/table>\n<\/td>\n<\/tr>\n<\/tbody>\n<\/table>\n<p>Otras recomendaciones: te recomendamos traer algo para protegerte del sol, como lentes de sol, sombreros, ropa ligera.<\/p>\n<p>\u00a1No olvide traer tambi\u00e9n su c\u00e1mara para capturar im\u00e1genes de estas vistas y momentos inolvidables!<\/p>\n<p>Nota: No hay cajeros autom\u00e1ticos en esta \u00e1rea y muchos vendedores no aceptan tarjetas de cr\u00e9dito. Para sus gastos personales, aseg\u00farese de llevar suficiente dinero en efectivo.<\/p>\n<p>Los gu\u00edas, choferes y meseros tambi\u00e9n siempre agradecen las propinas por su excelente servicio y tambi\u00e9n es gracias a ellos que te llevar\u00e1s grandes recuerdos.[\/vc_column_text][\/vc_column][\/vc_row][vc_row][vc_column]<div class=\"title title--big title--underline title--decoration-bottom-left\">\n\t\t<h3 class=\"title__primary\">Preguntas frecuentes<\/h3>\n<\/div>\n[\/vc_column][\/vc_row][vc_row][vc_column][vc_tta_accordion][vc_tta_section title=\u00bb\u00bfCu\u00e1l es la manera m\u00e1s barata de llegar de M\u00e9rida a Reserva de la biosfera de Sian Ka&#8217;an?\u00bb tab_id=\u00bb1640167088535-74a6e2fc-f161&#8243;][vc_column_text]La forma m\u00e1s econ\u00f3mica de ir desde M\u00e9rida a Reserva de la biosfera de Sian Ka&#8217;an es en autob\u00fas v\u00eda Peto, un viaje que cuesta $300 &#8211; $420 y dura 5h 52m.[\/vc_column_text][\/vc_tta_section][vc_tta_section title=\u00bb\u00bfCu\u00e1nto cuestan los tours de Sian Kaan?\u00bb tab_id=\u00bb1640167088536-3b5cc311-fb88&#8243;][vc_column_text]El viaje de bricolaje a Sian Ka&#8217;an, las ruinas de Muyil, el malec\u00f3n, el paseo en bote y el paseo en bote, y el autob\u00fas hacia\/desde Tulum cuesta $1,163 pesos por persona.[\/vc_column_text][\/vc_tta_section][\/vc_tta_accordion][\/vc_column][\/vc_row]<\/p>\n<\/div>","protected":false},"excerpt":{"rendered":"<p><strong>M\u00ednimo 2 personas. Duraci\u00f3n: D\u00eda completo. <\/strong><br \/>\nDelf\u00edn de Sian Kaan.<br \/>\nSian Ka&#8217;an es el hogar de miles de especies de flora y fauna, raz\u00f3n por la cual la regi\u00f3n se convirti\u00f3 en Reserva de la Biosfera en 1986.<\/p>\n","protected":false},"featured_media":3939,"comment_status":"open","ping_status":"closed","template":"","meta":[],"product_brand":[],"product_cat":[408,402,414],"product_tag":[],"class_list":{"0":"post-3402","1":"product","2":"type-product","3":"status-publish","4":"has-post-thumbnail","6":"product_cat-aventura","7":"product_cat-nadando","8":"product_cat-ornitologia","9":"tour_category-arqueologico","10":"tour_category-barco-de-turismo","12":"first","13":"instock","14":"shipping-taxable","15":"purchasable","16":"product-type-tour"},"tiered_pricing_type":"fixed","tiered_pricing_fixed_rules":[],"tiered_pricing_product_settings":{"layout":"default","base_unit_name":{"singular":null,"plural":null},"default_variation":null},"tiered_pricing_minimum_quantity":null,"tiered_pricing_roles_data":[],"tiered_pricing_percentage_rules":[],"_links":{"self":[{"href":"https:\/\/bestmayatours.com\/es\/wp-json\/wp\/v2\/product\/3402","targetHints":{"allow":["GET"]}}],"collection":[{"href":"https:\/\/bestmayatours.com\/es\/wp-json\/wp\/v2\/product"}],"about":[{"href":"https:\/\/bestmayatours.com\/es\/wp-json\/wp\/v2\/types\/product"}],"replies":[{"embeddable":true,"href":"https:\/\/bestmayatours.com\/es\/wp-json\/wp\/v2\/comments?post=3402"}],"wp:featuredmedia":[{"embeddable":true,"href":"https:\/\/bestmayatours.com\/es\/wp-json\/wp\/v2\/media\/3939"}],"wp:attachment":[{"href":"https:\/\/bestmayatours.com\/es\/wp-json\/wp\/v2\/media?parent=3402"}],"wp:term":[{"taxonomy":"product_brand","embeddable":true,"href":"https:\/\/bestmayatours.com\/es\/wp-json\/wp\/v2\/product_brand?post=3402"},{"taxonomy":"product_cat","embeddable":true,"href":"https:\/\/bestmayatours.com\/es\/wp-json\/wp\/v2\/product_cat?post=3402"},{"taxonomy":"product_tag","embeddable":true,"href":"https:\/\/bestmayatours.com\/es\/wp-json\/wp\/v2\/product_tag?post=3402"}],"curies":[{"name":"wp","href":"https:\/\/api.w.org\/{rel}","templated":true}]}}