{"id":3403,"date":"2015-07-08T09:56:29","date_gmt":"2015-07-08T14:56:29","guid":{"rendered":"http:\/\/bestmayatours.com\/product\/yucatan-highlights-tour-privado-3-dias-2-noches\/"},"modified":"2025-05-24T03:23:09","modified_gmt":"2025-05-24T08:23:09","slug":"yucatan-highlights-tour-privado-3-dias-2-noches","status":"publish","type":"product","link":"https:\/\/bestmayatours.com\/es\/excursiones\/yucatan-highlights-tour-privado-3-dias-2-noches\/","title":{"rendered":"Yucat\u00e1n Highlights Tour Privado (3 d\u00edas\/2 noches)"},"content":{"rendered":"<div class=\"wpb-content-wrapper\"><p>Durante este recorrido de tres d\u00edas y dos noches, descubra los lugares m\u00e1s sorprendentes de la pen\u00ednsula de Yucat\u00e1n y Quintana Roo. Te encontrar\u00e1s con la maravilla arqueol\u00f3gica de <strong>Chich\u00e9n Itz\u00e1<\/strong> , designada como una de las Nuevas Siete Maravillas del Mundo, moderna y antigua capital de la gran civilizaci\u00f3n maya, luego <strong>Ek Balam,<\/strong> la ciudad del Jaguar Negro. Recorrer\u00e1 <strong>M\u00e9rida<\/strong> , la ciudad capital del estado de Yucat\u00e1n, tambi\u00e9n conocida como la ciudad blanca, luego se dirigir\u00e1 a <strong>Uxmal,<\/strong> la ciudad \u00abtres veces construida\u00bb con su magn\u00edfica arquitectura maya antes de relajarse en las aguas cristalinas de un <strong>cenote<\/strong> . Luego, el \u00faltimo d\u00eda, pasear\u00e1s por el sitio cl\u00e1sico de <strong>Cob\u00e1<\/strong> antes de terminar el recorrido en <strong>Tulum<\/strong> , o \u00abCiudad del Amanecer\u00bb, ubicada en el acantilado frente al Mar Caribe.<\/p>\n<p><!--more--><\/p>\n<table class=\"table table-bordered tours-tabs__table\" style=\"height: 233px;\" width=\"862\">\n<tbody>\n<tr>\n<td><\/td>\n<td><\/td>\n<\/tr>\n<tr>\n<td><strong>HORA DE SALIDA<\/strong><\/td>\n<td>Recogida en su hotel alrededor de las 8:00 a.m. para una pronta salida<\/td>\n<\/tr>\n<tr>\n<td><strong>INCLUIDO<\/strong><\/td>\n<td>\n<table class=\"table table-bordered\" style=\"height: 62px;\" width=\"300\">\n<tbody>\n<tr>\n<td><\/td>\n<td><\/td>\n<\/tr>\n<tr>\n<td>[\/vc_column_text][\/vc_column][\/vc_row]<i class=\"fa fa-check icon-tick icon-tick--on\"><\/i>[vc_row][vc_column][vc_column_text]Alojamiento y Desayuno\n<p>[\/vc_column_text][\/vc_column][\/vc_row]<i class=\"fa fa-check icon-tick icon-tick--on\"><\/i>[vc_row][vc_column][vc_column_text]Transporte en una furgoneta c\u00f3moda y con aire acondicionado con conductor privado.<\/p>\n<p>[\/vc_column_text][\/vc_column][\/vc_row]<i class=\"fa fa-check icon-tick icon-tick--on\"><\/i>[vc_row][vc_column][vc_column_text]El mejor gu\u00eda profesional de Best Maya Tours<\/p>\n<p>[\/vc_column_text][\/vc_column][\/vc_row]<i class=\"fa fa-check icon-tick icon-tick--on\"><\/i>[vc_row][vc_column][vc_column_text]Todas las tarifas de entrada<\/p>\n<p>[\/vc_column_text][\/vc_column][\/vc_row]<i class=\"fa fa-check icon-tick icon-tick--on\"><\/i>[vc_row][vc_column][vc_column_text]bocadillos y agua<\/p><\/td>\n<td><\/td>\n<\/tr>\n<\/tbody>\n<\/table>\n<\/td>\n<\/tr>\n<tr>\n<td><b>NO INCLUIDO<\/b><\/td>\n<td>\n<table class=\"table table-bordered\" style=\"height: 62px;\" width=\"300\">\n<tbody>\n<tr>\n<td><\/td>\n<\/tr>\n<tr>\n<td>[\/vc_column_text][\/vc_column][\/vc_row]<i class=\"fa fa-times icon-tick icon-tick--off\"><\/i>[vc_row][vc_column][vc_column_text]Protector solar biodegradable\n<p>[\/vc_column_text][\/vc_column][\/vc_row]<i class=\"fa fa-times icon-tick icon-tick--off\"><\/i>[vc_row][vc_column][vc_column_text]Repelente de insectos<\/p>\n<p>[\/vc_column_text][\/vc_column][\/vc_row]<i class=\"fa fa-times icon-tick icon-tick--off\"><\/i>[vc_row][vc_column][vc_column_text]Consejos para gu\u00edas<\/p><\/td>\n<\/tr>\n<\/tbody>\n<\/table>\n<\/td>\n<\/tr>\n<\/tbody>\n<\/table>\n<p>Otras recomendaciones: te recomendamos traer algo para protegerte del sol, como lentes de sol, sombreros, ropa ligera.<\/p>\n<p>\u00a1No olvide traer tambi\u00e9n su c\u00e1mara para capturar im\u00e1genes de estas vistas y momentos inolvidables!<\/p>\n<p>Nota: No hay cajeros autom\u00e1ticos en esta \u00e1rea y muchos vendedores no aceptan tarjetas de cr\u00e9dito. Para sus gastos personales, aseg\u00farese de llevar suficiente dinero en efectivo.<\/p>\n<p>Los gu\u00edas, choferes y meseros tambi\u00e9n siempre agradecen las propinas por su excelente servicio y tambi\u00e9n es gracias a ellos que te llevar\u00e1s grandes recuerdos.<\/p>\n<p>[\/vc_column_text][\/vc_column][\/vc_row][vc_row][vc_column]<div class=\"title title--big title--underline title--decoration-bottom-left\">\n\t\t<h3 class=\"title__primary\">Preguntas frecuentes<\/h3>\n<\/div>\n[\/vc_column][\/vc_row][vc_row][vc_column][vc_tta_accordion][vc_tta_section title=\u00bb\u00bfPuedo agregar personas a mi paquete?\u00bb tab_id=\u00bb1640163238728-3f7c0b8e-b9b4&#8243;][vc_column_text]Puede agregar invitados a su habitaci\u00f3n por una peque\u00f1a tarifa adicional, siempre que haya espacio.[\/vc_column_text][\/vc_tta_section][vc_tta_section title=\u00bb\u00bfPuedo tomar fotos y videos durante el recorrido?\u00bb tab_id=\u00bb1640163238728-11df6297-2b79&#8243;][\/vc_tta_section][\/vc_tta_accordion][\/vc_column][\/vc_row][vc_row][vc_column][vc_column_text]Puede tomar fotos y videos, pero hay una tarifa por llevar su c\u00e1mara de video o gimble a la zona arqueol\u00f3gica.[\/vc_column_text][\/vc_column][\/vc_row]<\/p>\n<\/div>","protected":false},"excerpt":{"rendered":"<p>En este tour de tres d\u00edas y dos noches Mini Yucat\u00e1n descubrimos lo esencial de la pen\u00ednsula de Yucat\u00e1n y Quintana Roo primero La maravilla arqueol\u00f3gica de <strong>Chich\u00e9n Itz\u00e1<\/strong> una maravilla del mundo moderno y capital de una gran civilizaci\u00f3n entonces <strong>Ek Balam<\/strong> la ciudad del Jaguar Negro. <strong>M\u00e9rida<\/strong> , la ciudad capital del estado de Yucat\u00e1n, tambi\u00e9n conocida como la ciudad blanca, <strong>Uxmal<\/strong> la ciudad tres veces construida con su magn\u00edfica arquitectura de estilo barroco maya y visitamos un hermoso escondido <strong>Cenote<\/strong> de aguas cristalinas. Luego, a <strong>Coba<\/strong> , un sitio maya cl\u00e1sico, y <strong>Tulum<\/strong> , la ciudad junto al mar.<\/p>\n","protected":false},"featured_media":2914,"comment_status":"open","ping_status":"closed","template":"","meta":[],"product_brand":[],"product_cat":[399,408,407,579],"product_tag":[],"class_list":{"0":"post-3403","1":"product","2":"type-product","3":"status-publish","4":"has-post-thumbnail","6":"product_cat-arqueologico","7":"product_cat-aventura","8":"product_cat-cultural-es","9":"product_cat-paquetes-turisticos","10":"pa_duration-3-dias-2-noches","11":"tour_category-cenotes-es","12":"tour_category-comidas-incluidas","13":"tour_category-familiar","14":"tour_category-paquetes-turisticos","15":"tour_category-senderismo","17":"first","18":"instock","19":"sale","20":"shipping-taxable","21":"purchasable","22":"product-type-tour","23":"has-default-attributes"},"tiered_pricing_type":"fixed","tiered_pricing_fixed_rules":[],"tiered_pricing_product_settings":{"layout":"default","base_unit_name":{"singular":null,"plural":null},"default_variation":null},"tiered_pricing_minimum_quantity":null,"tiered_pricing_roles_data":[],"tiered_pricing_percentage_rules":[],"_links":{"self":[{"href":"https:\/\/bestmayatours.com\/es\/wp-json\/wp\/v2\/product\/3403","targetHints":{"allow":["GET"]}}],"collection":[{"href":"https:\/\/bestmayatours.com\/es\/wp-json\/wp\/v2\/product"}],"about":[{"href":"https:\/\/bestmayatours.com\/es\/wp-json\/wp\/v2\/types\/product"}],"replies":[{"embeddable":true,"href":"https:\/\/bestmayatours.com\/es\/wp-json\/wp\/v2\/comments?post=3403"}],"wp:featuredmedia":[{"embeddable":true,"href":"https:\/\/bestmayatours.com\/es\/wp-json\/wp\/v2\/media\/2914"}],"wp:attachment":[{"href":"https:\/\/bestmayatours.com\/es\/wp-json\/wp\/v2\/media?parent=3403"}],"wp:term":[{"taxonomy":"product_brand","embeddable":true,"href":"https:\/\/bestmayatours.com\/es\/wp-json\/wp\/v2\/product_brand?post=3403"},{"taxonomy":"product_cat","embeddable":true,"href":"https:\/\/bestmayatours.com\/es\/wp-json\/wp\/v2\/product_cat?post=3403"},{"taxonomy":"product_tag","embeddable":true,"href":"https:\/\/bestmayatours.com\/es\/wp-json\/wp\/v2\/product_tag?post=3403"}],"curies":[{"name":"wp","href":"https:\/\/api.w.org\/{rel}","templated":true}]}}