{"id":4036,"date":"2022-07-08T12:02:06","date_gmt":"2022-07-08T17:02:06","guid":{"rendered":"http:\/\/bestmayatours.com\/?post_type=product&#038;p=4036"},"modified":"2025-12-20T18:29:25","modified_gmt":"2025-12-20T23:29:25","slug":"tour-privado-punta-laguna-santuario-del-mono-arana","status":"publish","type":"product","link":"https:\/\/bestmayatours.com\/es\/excursiones\/tour-privado-punta-laguna-santuario-del-mono-arana\/","title":{"rendered":"Tour Privado Punta Laguna Santuario del Mono Ara\u00f1a"},"content":{"rendered":"<div class=\"wpb-content-wrapper\"><p>[vc_row][vc_column][vc_empty_space][vc_empty_space][\/vc_column][\/vc_row][vc_row][vc_column][vc_column_text]<\/p>\n<h1>Tour Privado Punta Laguna Santuario del Mono Ara\u00f1a<\/h1>\n<figure id=\"attachment_2500\" aria-describedby=\"caption-attachment-2500\" style=\"width: 300px\" class=\"wp-caption alignnone\"><img loading=\"lazy\" decoding=\"async\" class=\"wp-image-1210 size-medium\" title=\"parte superior de cob\u00e1\" src=\"http:\/\/bestmayatours.com\/wp-content\/uploads\/2016\/05\/monkeyhead-300x215.jpg\" alt=\" Punta Laguna Santuario del Mono Ara\u00f1a\" width=\"300\" height=\"215\" \/><figcaption id=\"caption-attachment-2500\" class=\"wp-caption-text\">Punta Laguna Santuario del Mono Ara\u00f1a<\/figcaption><\/figure>\n<p>\u00a1Emb\u00e1rcate en un viaje inolvidable por la selva tropical y visita Punta Laguna con su reserva de monos, disfruta de diversas actividades como observar aves, hacer canotaje, nadar en un cenote, descubrir tradiciones mayas y volar en tirolesa<\/p>\n<p>Tambi\u00e9n participamos en una ceremonia maya de bienvenida a la comunidad y luego terminamos el d\u00eda almorzando en un restaurante t\u00edpico mexicano para probar la verdadera cocina maya pollo pibil y cochinita pibil.<\/p>\n<p><!--more--><\/p>\n<p>Punta Laguna es un peque\u00f1o pueblo y comunidad donde hoy en d\u00eda viven 120 personas, compuestas por 30 familias. Este lugar es un gran ejemplo de c\u00f3mo una comunidad puede dedicarse a una forma de vida sostenible con total respeto por el medio ambiente y la voluntad de proteger su patrimonio natural y cultural.<\/p>\n<p>Los traslados desde Puerto Morelos a Canc\u00fan tienen un costo de transporte de $ 40usd por grupo<\/p>\n<table class=\"table table-bordered tours-tabs__table\" style=\"width: 97.4659%;\">\n<tbody>\n<tr>\n<td style=\"width: 18.4063%;\"><\/td>\n<td style=\"width: 80.9203%;\"><\/td>\n<\/tr>\n<tr>\n<td style=\"width: 18.4063%;\"><strong>HORA DE SALIDA<\/strong><\/td>\n<td style=\"width: 80.9203%;\">Recogida en su hotel alrededor de las 7:30 a. m. a 8:00 a. m. para una pronta salida.<\/td>\n<\/tr>\n<tr>\n<td style=\"width: 18.4063%;\"><strong>HORA DE REGRESO<\/strong><\/td>\n<td style=\"width: 80.9203%;\">Aproximadamente de 17:30 a 18:00 horas. (Playa del Carmen y Riviera Maya)<\/td>\n<\/tr>\n<tr>\n<td style=\"width: 18.4063%;\"><strong>VESTIR<\/strong><\/td>\n<td style=\"width: 80.9203%;\">Ropa casual c\u00f3moda y ligera, tenis, chanclas o sandalias para actividades acu\u00e1ticas, gorra, anteojos de sol, bloqueador solar (preferiblemente biodegradable) y repelente de insectos (preferiblemente biodegradable). El traje de ba\u00f1o tambi\u00e9n es muy recomendable.<\/td>\n<\/tr>\n<tr>\n<td style=\"width: 18.4063%;\"><\/td>\n<td style=\"width: 80.9203%;\">\n<table class=\"table table-bordered\">\n<tbody>\n<tr>\n<td><\/td>\n<\/tr>\n<\/tbody>\n<\/table>\n<\/td>\n<\/tr>\n<\/tbody>\n<\/table>\n<p><strong>INCLUIDO<\/strong><\/p>\n<p><i class=\"fa fa-check icon-tick icon-tick--on\"><\/i>[\/vc_column_text][\/vc_column][\/vc_row][vc_row][vc_column][vc_column_text]Mejor Gu\u00eda Profesional de Maya Tours.<\/p>\n<p>[\/vc_column_text][\/vc_column][\/vc_row][vc_row][vc_column]<i class=\"fa fa-check icon-tick icon-tick--on\"><\/i>[\/vc_column][\/vc_row][vc_row][vc_column][vc_column_text]Transporte en una camioneta c\u00f3moda y con aire acondicionado.<\/p>\n<p>[\/vc_column_text][\/vc_column][\/vc_row][vc_row][vc_column]<i class=\"fa fa-check icon-tick icon-tick--on\"><\/i>[\/vc_column][\/vc_row][vc_row][vc_column][vc_column_text]Todas las tarifas de entrada.<\/p>\n<p>[\/vc_column_text][\/vc_column][\/vc_row][vc_row][vc_column]<i class=\"fa fa-check icon-tick icon-tick--on\"><\/i>[\/vc_column][\/vc_row][vc_row][vc_column][vc_column_text]Comida buffet (opci\u00f3n vegetariana disponible).<\/p>\n<p>[\/vc_column_text][\/vc_column][\/vc_row][vc_row][vc_column]<i class=\"fa fa-check icon-tick icon-tick--on\"><\/i>[\/vc_column][\/vc_row][vc_row][vc_column][vc_column_text]Aperitivos y agua<\/p>\n<p>&nbsp;<\/p>\n<table class=\"table table-bordered\">\n<tbody>\n<tr>\n<td><b>NO INCLUYE<\/b> :[\/vc_column_text][\/vc_column][\/vc_row][vc_row][vc_column]<i class=\"fa fa-times icon-tick icon-tick--off\"><\/i>[\/vc_column][\/vc_row][vc_row][vc_column][vc_column_text]Protector solar biodegradable\n<table class=\"table table-bordered\">\n<tbody>\n<tr>\n<td>[\/vc_column_text][\/vc_column][\/vc_row][vc_row][vc_column]<i class=\"fa fa-times icon-tick icon-tick--off\"><\/i>[\/vc_column][\/vc_row][vc_row][vc_column][vc_column_text]Repelente de insectos<\/td>\n<\/tr>\n<tr>\n<td>[\/vc_column_text][\/vc_column][\/vc_row][vc_row][vc_column]<i class=\"fa fa-times icon-tick icon-tick--off\"><\/i>[\/vc_column][\/vc_row][vc_row][vc_column][vc_column_text]Propinas para gu\u00edas y meseros<\/td>\n<\/tr>\n<\/tbody>\n<\/table>\n<\/td>\n<\/tr>\n<tr>\n<td>[\/vc_column_text][\/vc_column][\/vc_row][vc_row][vc_column][vc_column_text]<\/td>\n<\/tr>\n<\/tbody>\n<\/table>\n<p>&nbsp;<\/p>\n<p>Otras recomendaciones: te recomendamos traer algo para protegerte del sol, como lentes de sol, sombreros, ropa ligera. Bathing suit<\/p>\n<p>\u00a1No olvide traer tambi\u00e9n su c\u00e1mara para capturar im\u00e1genes de estas vistas y momentos inolvidables!<\/p>\n<p>Nota: No hay cajeros autom\u00e1ticos en esta \u00e1rea y muchos vendedores no aceptan tarjetas de cr\u00e9dito. Para sus gastos personales, aseg\u00farese de llevar suficiente dinero en efectivo.<\/p>\n<p>Los gu\u00edas, choferes y meseros tambi\u00e9n siempre agradecen las propinas por su excelente servicio y tambi\u00e9n es gracias a ellos que te llevar\u00e1s grandes recuerdos.[\/vc_column_text][\/vc_column][\/vc_row][vc_row][vc_column][vc_empty_space][vc_raw_html css=\u00bb.vc_custom_1762784973365{padding-right: 450px !important;padding-left: 400px !important;}\u00bb]PGEgaHJlZj0iaHR0cHM6Ly9ib29rLnBlZWsuY29tL3MvYTM2MjljZmUtYjU0OS00M2I5LWJjZmItNWUxM2ZlYjVmOWMzL092M1dqIiBjbGFzcz0icGVlay1ib29rLWJ0bi1ncmVlbiBwZWVrLWJvb2stYnV0dG9uLWZsYXQgcGVlay1ib29rLWJ1dHRvbi1zaXplLWxnIiBkYXRhLWJ1dHRvbi10ZXh0PSJCb29rIE5vdyI+UHJpdmF0ZSBQdW50YSBMYWd1bmEgTW9ua2V5IFNhbmN0dWFyeTwvYT48c3R5bGU+I3NwaW5uYWtlci1tb2RhbC5hY3RpdmUgI3NwaW5uYWtlci1tb2RhbC1vdmVybGF5LCAuc3Bpbm5ha2VyLW1vZGFsLmFjdGl2ZSAjc3Bpbm5ha2VyLW1vZGFsLW92ZXJsYXkgewogICAgYmFja2dyb3VuZDogcmdiYSgwLDAsMCwwLjUpICFpbXBvcnRhbnQ7Cn0KPC9zdHlsZT4=[\/vc_raw_html][vc_empty_space][\/vc_column][\/vc_row]<\/p>\n<div id=\"gtx-trans\" style=\"position: absolute; left: -50px; top: 114.438px;\">\n<div class=\"gtx-trans-icon\"><\/div>\n<\/div>\n<\/div>","protected":false},"excerpt":{"rendered":"<p>The Private Punta Laguna Monkey Sanctuary tour from Best Maya Tours is an unforgettable journey through the tropical rainforest to visit the monkey reserve. Enjoy a variety of jungle adventures such as zip lining, Canoeing, rappeling into a Cenote, also meeting local Mayan villagers, and discovering ancient ruins adventure, and nature. All tours are run by local community members and include a guided tour of the spider monkey reserve.<\/p>\n","protected":false},"featured_media":4063,"comment_status":"open","ping_status":"closed","template":"","meta":[],"product_brand":[],"product_cat":[408,421,402,636],"product_tag":[],"class_list":{"0":"post-4036","1":"product","2":"type-product","3":"status-publish","4":"has-post-thumbnail","6":"product_cat-aventura","7":"product_cat-canotaje","8":"product_cat-nadando","9":"product_cat-tirolinas","10":"tour_category-barco-de-turismo","11":"tour_category-cenotes-es","12":"tour_category-ornitologia","14":"first","15":"instock","16":"sale","17":"shipping-taxable","18":"purchasable","19":"product-type-tour"},"tiered_pricing_type":"fixed","tiered_pricing_fixed_rules":[],"tiered_pricing_product_settings":{"layout":"default","base_unit_name":{"singular":null,"plural":null},"default_variation":null},"tiered_pricing_minimum_quantity":null,"tiered_pricing_roles_data":[],"tiered_pricing_percentage_rules":[],"_links":{"self":[{"href":"https:\/\/bestmayatours.com\/es\/wp-json\/wp\/v2\/product\/4036","targetHints":{"allow":["GET"]}}],"collection":[{"href":"https:\/\/bestmayatours.com\/es\/wp-json\/wp\/v2\/product"}],"about":[{"href":"https:\/\/bestmayatours.com\/es\/wp-json\/wp\/v2\/types\/product"}],"replies":[{"embeddable":true,"href":"https:\/\/bestmayatours.com\/es\/wp-json\/wp\/v2\/comments?post=4036"}],"wp:featuredmedia":[{"embeddable":true,"href":"https:\/\/bestmayatours.com\/es\/wp-json\/wp\/v2\/media\/4063"}],"wp:attachment":[{"href":"https:\/\/bestmayatours.com\/es\/wp-json\/wp\/v2\/media?parent=4036"}],"wp:term":[{"taxonomy":"product_brand","embeddable":true,"href":"https:\/\/bestmayatours.com\/es\/wp-json\/wp\/v2\/product_brand?post=4036"},{"taxonomy":"product_cat","embeddable":true,"href":"https:\/\/bestmayatours.com\/es\/wp-json\/wp\/v2\/product_cat?post=4036"},{"taxonomy":"product_tag","embeddable":true,"href":"https:\/\/bestmayatours.com\/es\/wp-json\/wp\/v2\/product_tag?post=4036"}],"curies":[{"name":"wp","href":"https:\/\/api.w.org\/{rel}","templated":true}]}}