{"id":6035,"date":"2015-07-11T10:51:49","date_gmt":"2015-07-11T15:51:49","guid":{"rendered":"http:\/\/bestmayatours.com\/product\/ek-balam-y-chichen-itza-tour-privado\/"},"modified":"2025-05-24T17:26:23","modified_gmt":"2025-05-24T22:26:23","slug":"ek-balam-and-chichen-itza-private-tour","status":"publish","type":"product","link":"https:\/\/bestmayatours.com\/es\/excursiones\/ek-balam-and-chichen-itza-private-tour\/","title":{"rendered":"Ek Balam y Chichen Itza Tour Privado"},"content":{"rendered":"<figure id=\"attachment_4086\" aria-describedby=\"caption-attachment-4086\" style=\"width: 300px\" class=\"wp-caption alignleft\"><img loading=\"lazy\" decoding=\"async\" class=\"wp-image-4083 size-medium\" title=\"Ek Balam\" src=\"https:\/\/bestmayatours.com\/wp-content\/uploads\/2015\/07\/ekba-300x300.jpg\" alt=\"Ek Balam y Chichen Itza Tour Privado\" width=\"300\" height=\"300\"\/><figcaption id=\"caption-attachment-4086\" class=\"wp-caption-text\">Ek Balam y Chichen Itza Tour Privado<\/figcaption><\/figure>\n<h1>Excursi\u00f3n privada a Ek Balam y Chich\u00e9n Itz\u00e1 (servicio fotogr\u00e1fico gratuito)<\/h1>\n<h2>Descubre las antiguas maravillas mayas<\/h2>\n<p>En este recorrido repleto de arqueolog\u00eda visitaremos dos de los yacimientos m\u00e1s emblem\u00e1ticos de Yucat\u00e1n. Primero Ek Balam o casa del Jaguar Negro donde apreciaremos la exquisita mamposter\u00eda del periodo cl\u00e1sico de la Acr\u00f3polis y subiremos por la escalera de 30m al cielo con sus impresionantes vistas.<br \/>\nA continuaci\u00f3n, descubriremos las propiedades arqueoastron\u00f3micas \u00fanicas del antiguo yacimiento maya de Chich\u00e9n Itz\u00e1. Durante este d\u00eda, aprender\u00e1 sobre la filosof\u00eda maya, el impacto de la religi\u00f3n en la vida maya diaria, incluidos los diferentes rituales religiosos y los sacrificios humanos que sol\u00edan realizar los mayas. Tambi\u00e9n conocer\u00e1s m\u00e1s sobre la importancia geopol\u00edtica de esta gran ciudad y muchas cosas m\u00e1s.<br \/>\n<!--more--><\/p>\n<table class=\"table table-bordered tours-tabs__table\" style=\"height: 233px;\" width=\"862\">\n<tbody>\n<tr>\n<td><strong>LUGAR DE SALIDA\/REGRESO<\/strong><\/td>\n<td>Vest\u00edbulo de hotel o Airbnb o puerto.<\/td>\n<\/tr>\n<tr>\n<td><strong>HORA DE SALIDA<\/strong><\/td>\n<td>Salida a las 7:00 &#8211; 7:30AM.<\/td>\n<\/tr>\n<tr>\n<td><strong>HORA DE REGRESO<\/strong><\/td>\n<td>Aproximadamente a las 18:30.<\/td>\n<\/tr>\n<tr>\n<td><strong>VESTIR<\/strong><\/td>\n<td>Ropa deportiva c\u00f3moda, botas de monta\u00f1a, sombrero, chaqueta y protecci\u00f3n solar.<\/td>\n<\/tr>\n<tr>\n<td><strong>INCLUIDO<\/strong><\/td>\n<td>\n<table class=\"table table-bordered\" style=\"height: 62px;\" width=\"300\">\n<tbody>\n<tr>\n<td><i class=\"fa fa-check icon-tick icon-tick--on\"><\/i>Gu\u00eda profesional Best Maya Tour<\/td>\n<td><i class=\"fa fa-check icon-tick icon-tick--on\"><\/i>Almuerzo<\/td>\n<\/tr>\n<tr>\n<td><i class=\"fa fa-check icon-tick icon-tick--on\"><\/i>Agua en todas partes<\/td>\n<td><i class=\"fa fa-check icon-tick icon-tick--on\"><\/i>Transporte en furgoneta con aire acondicionado<\/td>\n<\/tr>\n<\/tbody>\n<\/table>\n<\/td>\n<\/tr>\n<tr>\n<td><b>NO INCLUIDO<\/b><\/td>\n<td>\n<table class=\"table table-bordered\" style=\"height: 62px;\" width=\"300\">\n<tbody>\n<tr>\n<td><i class=\"fa fa-times icon-tick icon-tick--off\"><\/i>Consejos<\/td>\n<\/tr>\n<tr>\n<td><i class=\"fa fa-times icon-tick icon-tick--off\"><\/i>Gu\u00edas propinas<\/td>\n<\/tr>\n<\/tbody>\n<\/table>\n<\/td>\n<\/tr>\n<\/tbody>\n<\/table>\n<p>Otras recomendaciones: te recomendamos traer algo para protegerte del sol, como lentes de sol, sombreros, ropa ligera.<\/p>\n<p>Nota : Hay pocos cajeros autom\u00e1ticos en esta zona y muchos vendedores no aceptan tarjetas de cr\u00e9dito. Para sus gastos personales, aseg\u00farese de llevar suficiente dinero en efectivo.<\/p>\n<p>Los gu\u00edas, choferes y meseros tambi\u00e9n siempre agradecen las propinas por su excelente servicio y tambi\u00e9n es gracias a ellos que te llevar\u00e1s grandes recuerdos.<br \/>\nLos traslados de Puerto Morelos a Canc\u00fan tienen un costo de $40usd por grupo.<\/p>\n","protected":false},"excerpt":{"rendered":"<p>Explore dos de los lugares m\u00e1s emblem\u00e1ticos de Yucat\u00e1n con Best Maya Tours. Ek Balam y Chichen Itza Tour Privado. Visite el famoso yacimiento arqueol\u00f3gico de Ek Balam y explore Chich\u00e9n Itz\u00e1 con un gu\u00eda especializado. Disfrute de transporte privado desde Riviera Maya o Canc\u00fan.<\/p>\n","protected":false},"featured_media":4086,"comment_status":"open","ping_status":"closed","template":"","meta":[],"product_brand":[],"product_cat":[399,408,407],"product_tag":[],"class_list":{"0":"post-6035","1":"product","2":"type-product","3":"status-publish","4":"has-post-thumbnail","6":"product_cat-arqueologico","7":"product_cat-aventura","8":"product_cat-cultural-es","9":"tour_category-cenotes-es","10":"tour_category-familiar","11":"tour_category-senderismo","13":"first","14":"instock","15":"sale","16":"shipping-taxable","17":"purchasable","18":"product-type-tour"},"tiered_pricing_type":"fixed","tiered_pricing_fixed_rules":[],"tiered_pricing_product_settings":{"layout":"default","base_unit_name":{"singular":null,"plural":null},"default_variation":null},"tiered_pricing_minimum_quantity":null,"tiered_pricing_roles_data":[],"tiered_pricing_percentage_rules":[],"_links":{"self":[{"href":"https:\/\/bestmayatours.com\/es\/wp-json\/wp\/v2\/product\/6035","targetHints":{"allow":["GET"]}}],"collection":[{"href":"https:\/\/bestmayatours.com\/es\/wp-json\/wp\/v2\/product"}],"about":[{"href":"https:\/\/bestmayatours.com\/es\/wp-json\/wp\/v2\/types\/product"}],"replies":[{"embeddable":true,"href":"https:\/\/bestmayatours.com\/es\/wp-json\/wp\/v2\/comments?post=6035"}],"wp:featuredmedia":[{"embeddable":true,"href":"https:\/\/bestmayatours.com\/es\/wp-json\/wp\/v2\/media\/4086"}],"wp:attachment":[{"href":"https:\/\/bestmayatours.com\/es\/wp-json\/wp\/v2\/media?parent=6035"}],"wp:term":[{"taxonomy":"product_brand","embeddable":true,"href":"https:\/\/bestmayatours.com\/es\/wp-json\/wp\/v2\/product_brand?post=6035"},{"taxonomy":"product_cat","embeddable":true,"href":"https:\/\/bestmayatours.com\/es\/wp-json\/wp\/v2\/product_cat?post=6035"},{"taxonomy":"product_tag","embeddable":true,"href":"https:\/\/bestmayatours.com\/es\/wp-json\/wp\/v2\/product_tag?post=6035"}],"curies":[{"name":"wp","href":"https:\/\/api.w.org\/{rel}","templated":true}]}}