{"id":6701,"date":"2023-03-09T07:22:28","date_gmt":"2023-03-09T12:22:28","guid":{"rendered":"http:\/\/bestmayatours.com\/product\/tour-privado-en-barco-por-bacalar-y-el-cenote-azul\/"},"modified":"2025-05-05T21:48:53","modified_gmt":"2025-05-06T02:48:53","slug":"tour-privado-en-barco-por-bacalar-y-el-cenote-azul","status":"publish","type":"product","link":"https:\/\/bestmayatours.com\/es\/excursiones\/tour-privado-en-barco-por-bacalar-y-el-cenote-azul\/","title":{"rendered":"Tour privado en barco por Bacalar y el Cenote Azul"},"content":{"rendered":"<div class=\"wpb-content-wrapper\"><figure id=\"attachment_6663\" aria-describedby=\"caption-attachment-6663\" style=\"width: 602px\" class=\"wp-caption alignleft\"><img loading=\"lazy\" decoding=\"async\" class=\"wp-image-6661\" title=\"Tour privado en barco por Bacalar y el Cenote Azul\" src=\"http:\/\/bestmayatours.com\/wp-content\/uploads\/2023\/03\/San-Felipe-Fort-in-Bacalar.jpg\" alt=\"Tour privado en barco por Bacalar y el Cenote Azul\" width=\"602\" height=\"433\"\/><figcaption id=\"caption-attachment-6663\" class=\"wp-caption-text\">Tour privado en barco por Bacalar y el Cenote Azul<\/figcaption><\/figure>\n<p>Emb\u00e1rcate en un impresionante viaje entre las maravillas naturales de Bacalar con nuestra excursi\u00f3n privada en barco de d\u00eda completo por Bacalar y el Cenote Azul. Esta experiencia \u00fanica le permite explorar la fascinante belleza de la Laguna de Bacalar y los paisajes circundantes a su propio ritmo, en la comodidad y privacidad de su propio barco.<\/p>\n<p>Su aventura comenzar\u00e1 cuando le recojan en su hotel o alojamiento y le lleven a la Laguna de Bacalar, tambi\u00e9n conocida como la \u00abLaguna de los Siete Colores\u00bb. Aqu\u00ed embarcar\u00e1 en su barco privado y zarpar\u00e1 sobre aguas cristalinas, rodeado de exuberante vegetaci\u00f3n y abundante fauna tropical.<\/p>\n<p>Durante la navegaci\u00f3n por la laguna, el gu\u00eda experto compartir\u00e1 datos e historias interesantes sobre la historia y la ecolog\u00eda de la zona, destacando caracter\u00edsticas \u00fanicas como los estromatolitos, f\u00f3siles vivientes que datan de hace millones de a\u00f1os. Tambi\u00e9n tendr\u00e1 la oportunidad de ba\u00f1arse en las c\u00e1lidas aguas turquesas y explorar calas solitarias.<\/p>\n<p>A continuaci\u00f3n, le llevaremos al Cenote Azul, una maravilla natural que le dejar\u00e1 sin aliento. Este hermoso cenote es uno de los m\u00e1s profundos y claros de la regi\u00f3n, con vibrantes tonos azules que parecen casi de otro mundo. Puede darse un refrescante chapuz\u00f3n en las fr\u00edas aguas, practicar snorkel para explorar las cuevas submarinas y observar la diversa vida acu\u00e1tica que habita este lugar.<\/p>\n<p>Durante todo el recorrido, tendr\u00e1 acceso a tentempi\u00e9s, agua y refrescos gratuitos para mantenerse con energ\u00eda e hidratado. Tambi\u00e9n podemos personalizar la excursi\u00f3n para adaptarla a sus necesidades y preferencias, tanto si busca una escapada rom\u00e1ntica, una aventura en familia o una emocionante excursi\u00f3n con amigos.Con nuestra excursi\u00f3n privada en barco de d\u00eda completo por Bacalar y el Cenote Azul, experimentar\u00e1 la belleza y las maravillas de Bacalar como nunca antes. Reserve ahora y cree recuerdos inolvidables para toda la vida.<\/p>\n<p>&nbsp;<\/p>\n<p>[vc_row][vc_column][vc_column_text]<\/p>\n<p>[\/vc_column_text][\/vc_column][\/vc_row][vc_row][vc_column][vc_column_text]<\/p>\n<h2 class=\"biGQs _P fiohW qWPrE ncFvv EVnyE\" data-automation=\"mainH1\"><\/h2>\n<p><!--more--><\/p>\n<p>(las recogidas de Puerto Morelos a Canc\u00fan tienen un coste de transporte de 40 USD por grupo).<\/p>\n<table class=\"table table-bordered tours-tabs__table\" style=\"width: 99.7821%; height: 217px;\">\n<tbody>\n<tr style=\"height: 28px;\">\n<td style=\"height: 28px; width: 2.5%;\"><\/td>\n<td style=\"height: 28px; width: 96.6285%;\"><\/td>\n<\/tr>\n<tr style=\"height: 48px;\">\n<td style=\"height: 48px; width: 2.5%;\"><strong>HORA DE SALIDA<\/strong><\/td>\n<td style=\"height: 48px; width: 96.6285%;\">Recogida en su hotel sobre las 8.00 h para una salida puntual. Playa del Carmen y Tulum<\/td>\n<\/tr>\n<tr style=\"height: 48px;\">\n<td style=\"height: 48px; width: 2.5%;\"><strong>PLAZO DE ENTREGA<\/strong><\/td>\n<td style=\"height: 48px; width: 96.6285%;\">17:00 &#8211; 18:00 aprox. (Playa del Carmen y Riviera Maya)<\/td>\n<\/tr>\n<tr style=\"height: 72px;\">\n<td style=\"height: 72px; width: 2.5%;\"><strong>INDUMENTARIA<\/strong><\/td>\n<td style=\"height: 72px; width: 96.6285%;\">Ropa informal ligera y c\u00f3moda, zapatillas de tenis, chanclas o sandalias para las actividades acu\u00e1ticas, sombrero, gafas de sol, crema solar (preferiblemente biodegradable) y repelente de insectos (preferiblemente biodegradable). Tambi\u00e9n se recomienda el uso de ba\u00f1ador.<\/td>\n<\/tr>\n<tr>\n<td><\/td>\n<\/tr>\n<\/tbody>\n<tbody>\n<tr>\n<td><\/td>\n<\/tr>\n<\/tbody>\n<\/table>\n<p>INCLUIDO:<br \/>\n[\/vc_column_text][\/vc_column][\/vc_row][vc_row][vc_column]<i class=\"fa fa-check icon-tick icon-tick--on\"><\/i>[\/vc_column][\/vc_row][vc_row][vc_column][vc_column_text]Gu\u00eda profesional de las mejores excursiones mayas<\/p>\n<p>[\/vc_column_text][\/vc_column][\/vc_row][vc_row][vc_column]<i class=\"fa fa-check icon-tick icon-tick--on\"><\/i>[\/vc_column][\/vc_row][vc_row][vc_column][vc_column_text]Transporte en furgoneta climatizada y confortable<\/p>\n<p>[\/vc_column_text][\/vc_column][\/vc_row][vc_row][vc_column]<i class=\"fa fa-check icon-tick icon-tick--on\"><\/i>[\/vc_column][\/vc_row][vc_row][vc_column][vc_column_text]Todas las entradas<\/p>\n<p>[\/vc_column_text][\/vc_column][\/vc_row][vc_row][vc_column]<i class=\"fa fa-check icon-tick icon-tick--on\"><\/i>[\/vc_column][\/vc_row][vc_row][vc_column][vc_column_text] Visita guiada al yacimiento arqueol\u00f3gico de Tulum<\/p>\n<p>[\/vc_column_text][\/vc_column][\/vc_row][vc_row][vc_column]<i class=\"fa fa-check icon-tick icon-tick--on\"><\/i>[\/vc_column][\/vc_row][vc_row][vc_column][vc_column_text]Equipo de snorkel y chalecos salvavidas.<\/p>\n<p>[\/vc_column_text][\/vc_column][\/vc_row][vc_row][vc_column]<i class=\"fa fa-check icon-tick icon-tick--on\"><\/i>[\/vc_column][\/vc_row][vc_row][vc_column][vc_column_text]Comida buffet<\/p>\n<p>[\/vc_column_text][\/vc_column][\/vc_row][vc_row][vc_column]<i class=\"fa fa-check icon-tick icon-tick--on\"><\/i>[\/vc_column][\/vc_row][vc_row][vc_column][vc_column_text]Aperitivos y agua<\/p>\n<p>&nbsp;<\/p>\n<p>&nbsp;<\/p>\n<p><b>NO INCLUIDO<\/b><\/p>\n<table class=\"table table-bordered\">\n<tbody>\n<tr>\n<td>[\/vc_column_text][\/vc_column][\/vc_row][vc_row][vc_column]<i class=\"fa fa-times icon-tick icon-tick--off\"><\/i>[\/vc_column][\/vc_row][vc_row][vc_column][vc_column_text]Protector solar biodegradable\n<table class=\"table table-bordered\">\n<tbody>\n<tr>\n<td>[\/vc_column_text][\/vc_column][\/vc_row][vc_row][vc_column]<i class=\"fa fa-times icon-tick icon-tick--off\"><\/i>[\/vc_column][\/vc_row][vc_row][vc_column][vc_column_text]Repelente de insectos<\/td>\n<\/tr>\n<tr>\n<td>[\/vc_column_text][\/vc_column][\/vc_row][vc_row][vc_column]<i class=\"fa fa-times icon-tick icon-tick--off\"><\/i>[\/vc_column][\/vc_row][vc_row][vc_column][vc_column_text]Consejos para gu\u00edas<\/td>\n<\/tr>\n<\/tbody>\n<\/table>\n<\/td>\n<\/tr>\n<tr>\n<td><\/td>\n<\/tr>\n<\/tbody>\n<\/table>\n<p>&nbsp;<\/p>\n<p>Otros consejos: le recomendamos que lleve todo lo necesario para protegerse del sol, como gafas de sol, sombreros, ropa ligera.<\/p>\n<p>No olvide traer tambi\u00e9n su c\u00e1mara para capturar im\u00e1genes de estas vistas y momentos inolvidables.<\/p>\n<p>Nota: en esta zona no hay cajeros autom\u00e1ticos y muchos vendedores no aceptan tarjetas de cr\u00e9dito. Para sus gastos personales, aseg\u00farese de llevar suficiente dinero en efectivo.<\/p>\n<p>Los gu\u00edas, conductores y camareros tambi\u00e9n agradecen siempre las sugerencias por su excelente servicio y es tambi\u00e9n gracias a ellos que se ir\u00e1 con grandes recuerdos.<\/p>\n<p>&nbsp;<\/p>\n<\/div>","protected":false},"excerpt":{"rendered":"<p>Emb\u00e1rcate en un impresionante viaje entre las maravillas naturales de Bacalar con nuestra excursi\u00f3n privada en barco de d\u00eda completo por Bacalar y el Cenote Azul. Esta experiencia \u00fanica le permite explorar la fascinante belleza de la Laguna de Bacalar y los paisajes circundantes a su propio ritmo, en la comodidad y privacidad de su propio barco.<\/p>\n<p>Su aventura comenzar\u00e1 cuando le recojan en su hotel o alojamiento y le lleven a la Laguna de Bacalar, tambi\u00e9n conocida como la \u00abLaguna de los Siete Colores\u00bb. Aqu\u00ed embarcar\u00e1 en su barco privado y zarpar\u00e1 sobre aguas cristalinas, rodeado de exuberante vegetaci\u00f3n y abundante fauna tropical.<\/p>\n","protected":false},"featured_media":6663,"comment_status":"open","ping_status":"closed","template":"","meta":[],"product_brand":[],"product_cat":[361],"product_tag":[],"class_list":{"0":"post-6701","1":"product","2":"type-product","3":"status-publish","4":"has-post-thumbnail","6":"product_cat-sin-categorizar","7":"tour_category-barco-de-turismo","8":"tour_category-cenotes-es","9":"tour_category-cultural-es","10":"tour_category-senderismo","12":"first","13":"instock","14":"sale","15":"shipping-taxable","16":"purchasable","17":"product-type-tour","18":"has-default-attributes"},"tiered_pricing_type":"fixed","tiered_pricing_fixed_rules":[],"tiered_pricing_product_settings":{"layout":"default","base_unit_name":{"singular":null,"plural":null},"default_variation":null},"tiered_pricing_minimum_quantity":null,"tiered_pricing_roles_data":[],"tiered_pricing_percentage_rules":[],"_links":{"self":[{"href":"https:\/\/bestmayatours.com\/es\/wp-json\/wp\/v2\/product\/6701","targetHints":{"allow":["GET"]}}],"collection":[{"href":"https:\/\/bestmayatours.com\/es\/wp-json\/wp\/v2\/product"}],"about":[{"href":"https:\/\/bestmayatours.com\/es\/wp-json\/wp\/v2\/types\/product"}],"replies":[{"embeddable":true,"href":"https:\/\/bestmayatours.com\/es\/wp-json\/wp\/v2\/comments?post=6701"}],"wp:featuredmedia":[{"embeddable":true,"href":"https:\/\/bestmayatours.com\/es\/wp-json\/wp\/v2\/media\/6663"}],"wp:attachment":[{"href":"https:\/\/bestmayatours.com\/es\/wp-json\/wp\/v2\/media?parent=6701"}],"wp:term":[{"taxonomy":"product_brand","embeddable":true,"href":"https:\/\/bestmayatours.com\/es\/wp-json\/wp\/v2\/product_brand?post=6701"},{"taxonomy":"product_cat","embeddable":true,"href":"https:\/\/bestmayatours.com\/es\/wp-json\/wp\/v2\/product_cat?post=6701"},{"taxonomy":"product_tag","embeddable":true,"href":"https:\/\/bestmayatours.com\/es\/wp-json\/wp\/v2\/product_tag?post=6701"}],"curies":[{"name":"wp","href":"https:\/\/api.w.org\/{rel}","templated":true}]}}