{"id":6790,"date":"2015-07-07T17:41:05","date_gmt":"2015-07-07T22:41:05","guid":{"rendered":"http:\/\/bestmayatours.com\/product\/expedicion-privada-en-yucatan-8-dias-7-noches\/"},"modified":"2025-08-27T08:19:03","modified_gmt":"2025-08-27T13:19:03","slug":"expedicion-privada-en-yucatan-8-dias-7-noches-2","status":"publish","type":"product","link":"https:\/\/bestmayatours.com\/es\/producto\/expedicion-privada-en-yucatan-8-dias-7-noches-2\/","title":{"rendered":"Expedici\u00f3n privada en Yucat\u00e1n 8 Dias &#8211; 7 Noches"},"content":{"rendered":"","protected":false},"excerpt":{"rendered":"<p>La Expedici\u00f3n Privada a Yucat\u00e1n de Best Maya Tours es una aventura exclusiva que te lleva de viaje por el coraz\u00f3n de la Pen\u00ednsula de Yucat\u00e1n. Esta excursi\u00f3n es perfecta para quienes deseen descubrir la antigua civilizaci\u00f3n maya y explorar las impresionantes maravillas naturales de la regi\u00f3n en un entorno privado.<\/p>\n<p>&nbsp;<\/p>\n","protected":false},"featured_media":0,"comment_status":"open","ping_status":"closed","template":"","meta":[],"product_brand":[],"product_cat":[361],"product_tag":[],"class_list":{"0":"post-6790","1":"product","2":"type-product","3":"status-publish","5":"product_cat-sin-categorizar","7":"first","8":"instock","9":"shipping-taxable","10":"purchasable","11":"product-type-simple"},"tiered_pricing_type":"fixed","tiered_pricing_fixed_rules":[],"tiered_pricing_product_settings":{"layout":"default","base_unit_name":{"singular":null,"plural":null},"default_variation":null},"tiered_pricing_minimum_quantity":null,"tiered_pricing_roles_data":[],"tiered_pricing_percentage_rules":[],"_links":{"self":[{"href":"https:\/\/bestmayatours.com\/es\/wp-json\/wp\/v2\/product\/6790","targetHints":{"allow":["GET"]}}],"collection":[{"href":"https:\/\/bestmayatours.com\/es\/wp-json\/wp\/v2\/product"}],"about":[{"href":"https:\/\/bestmayatours.com\/es\/wp-json\/wp\/v2\/types\/product"}],"replies":[{"embeddable":true,"href":"https:\/\/bestmayatours.com\/es\/wp-json\/wp\/v2\/comments?post=6790"}],"wp:attachment":[{"href":"https:\/\/bestmayatours.com\/es\/wp-json\/wp\/v2\/media?parent=6790"}],"wp:term":[{"taxonomy":"product_brand","embeddable":true,"href":"https:\/\/bestmayatours.com\/es\/wp-json\/wp\/v2\/product_brand?post=6790"},{"taxonomy":"product_cat","embeddable":true,"href":"https:\/\/bestmayatours.com\/es\/wp-json\/wp\/v2\/product_cat?post=6790"},{"taxonomy":"product_tag","embeddable":true,"href":"https:\/\/bestmayatours.com\/es\/wp-json\/wp\/v2\/product_tag?post=6790"}],"curies":[{"name":"wp","href":"https:\/\/api.w.org\/{rel}","templated":true}]}}