{"id":6791,"date":"2015-07-07T17:41:05","date_gmt":"2015-07-07T22:41:05","guid":{"rendered":"http:\/\/bestmayatours.com\/product\/expedicion-privada-en-yucatan-8-dias-7-noches\/"},"modified":"2025-08-27T08:21:06","modified_gmt":"2025-08-27T13:21:06","slug":"expedicion-privada-en-yucatan-8-dias-7-noches","status":"publish","type":"product","link":"https:\/\/bestmayatours.com\/es\/excursiones\/expedicion-privada-en-yucatan-8-dias-7-noches\/","title":{"rendered":"Expedici\u00f3n privada en Yucat\u00e1n 8 Dias &#8211; 7 Noches"},"content":{"rendered":"<div class=\"wpb-content-wrapper\"><p>[vc_row][vc_column][vc_column_text]<\/p>\n<figure id=\"attachment_5092\" aria-describedby=\"caption-attachment-5092\" style=\"width: 416px\" class=\"wp-caption alignleft\"><img loading=\"lazy\" decoding=\"async\" class=\" wp-image-5090\" title=\"Expedici\u00f3n privada en Yucat\u00e1n\" src=\"http:\/\/bestmayatours.com\/wp-content\/uploads\/2015\/07\/DSC_0049.jpg\" alt=\"Expedici\u00f3n privada en Yucat\u00e1n\" width=\"416\" height=\"308\"\/><figcaption id=\"caption-attachment-5092\" class=\"wp-caption-text\">Expedici\u00f3n privada en Yucat\u00e1n<\/figcaption><\/figure>\n<h1>Expedici\u00f3n privada en Yucat\u00e1n<\/h1>\n<h2>Descubra la antigua civilizaci\u00f3n maya<\/h2>\n<h3>Maravillas naturales que cortan la respiraci\u00f3n<\/h3>\n<p>La Expedici\u00f3n Privada a Yucat\u00e1n de Best Maya Tours es una aventura exclusiva que te lleva de viaje por el coraz\u00f3n de la Pen\u00ednsula de Yucat\u00e1n. Esta excursi\u00f3n es perfecta para quienes deseen descubrir la antigua civilizaci\u00f3n maya y explorar las impresionantes maravillas naturales de la regi\u00f3n en un entorno privado.<\/p>\n<p>Tendr\u00e1 la oportunidad de visitar algunos de los lugares m\u00e1s emblem\u00e1ticos e hist\u00f3ricos de la zona, como el majestuoso Chich\u00e9n Itz\u00e1, el impresionante cenotes y las misteriosas ruinas de Uxmal. Tambi\u00e9n experimentar\u00e1 la cultura local visitando encantadoras ciudades coloniales, probando la cocina tradicional e interactuando con la amable gente de Yucat\u00e1n.<\/p>\n<p>Durante todo el recorrido, le acompa\u00f1ar\u00e1 un gu\u00eda experto que le proporcionar\u00e1 fascinantes conocimientos sobre la historia, la cultura y la naturaleza de la regi\u00f3n. El viaje es totalmente personalizable, lo que le permite adaptar el itinerario a sus intereses y preferencias.<\/p>\n<p>Con transporte, alojamiento confortable y atenci\u00f3n personalizada, la Expedici\u00f3n Privada a Yucat\u00e1n es una experiencia inolvidable que le dejar\u00e1 recuerdos para toda la vida.<br \/>\n<!--more--><\/p>\n<table class=\"table table-bordered tours-tabs__table\" style=\"height: 233px;\" width=\"862\">\n<tbody>\n<tr>\n<td><strong>LUGAR DE SALIDA\/REGRESO<\/strong><\/td>\n<td><\/td>\n<\/tr>\n<tr>\n<td><strong>HORA DE SALIDA<\/strong><\/td>\n<td><\/td>\n<\/tr>\n<tr>\n<td><strong>INCLUIDO<\/strong><\/td>\n<td>\n<table class=\"table table-bordered\" style=\"height: 62px;\" width=\"300\">\n<tbody>\n<tr>\n<td><i class=\"fa fa-check icon-tick icon-tick--on\"><\/i>Transporte<\/td>\n<td><i class=\"fa fa-check icon-tick icon-tick--on\"><\/i>Alojamientos<\/td>\n<\/tr>\n<tr>\n<td><i class=\"fa fa-check icon-tick icon-tick--on\"><\/i>Entradas<\/td>\n<td><i class=\"fa fa-check icon-tick icon-tick--on\"><\/i>Gu\u00eda profesional<\/td>\n<\/tr>\n<\/tbody>\n<\/table>\n<\/td>\n<\/tr>\n<tr>\n<td><b>NO INCLUIDO<\/b><\/td>\n<td>\n<table class=\"table table-bordered\" style=\"height: 62px;\" width=\"300\">\n<tbody>\n<tr>\n<td><i class=\"fa fa-times icon-tick icon-tick--off\"><\/i>Repelente de mosquitos<\/td>\n<\/tr>\n<tr>\n<td><i class=\"fa fa-times icon-tick icon-tick--off\"><\/i>Guide gratuity<\/td>\n<\/tr>\n<\/tbody>\n<\/table>\n<\/td>\n<\/tr>\n<\/tbody>\n<\/table>\n<p>[\/vc_column_text][\/vc_column][\/vc_row]<\/p>\n<\/div>","protected":false},"excerpt":{"rendered":"<p>La Expedici\u00f3n Privada a Yucat\u00e1n de Best Maya Tours es una aventura exclusiva que te lleva de viaje por el coraz\u00f3n de la Pen\u00ednsula de Yucat\u00e1n. Esta excursi\u00f3n es perfecta para quienes deseen descubrir la antigua civilizaci\u00f3n maya y explorar las impresionantes maravillas naturales de la regi\u00f3n en un entorno privado.<\/p>\n<p>&nbsp;<\/p>\n","protected":false},"featured_media":7050,"comment_status":"open","ping_status":"closed","template":"","meta":[],"product_brand":[],"product_cat":[399,408,407,579],"product_tag":[581,580],"class_list":{"0":"post-6791","1":"product","2":"type-product","3":"status-publish","4":"has-post-thumbnail","6":"product_cat-arqueologico","7":"product_cat-aventura","8":"product_cat-cultural-es","9":"product_cat-paquetes-turisticos","10":"product_tag-paquetes","11":"product_tag-tour-packages-es","12":"tour_category-arqueologico","13":"tour_category-cenotes-es","14":"tour_category-cultural-es","15":"tour_category-fauna-silvestre","16":"tour_category-paquetes-turisticos","18":"first","19":"instock","20":"shipping-taxable","21":"purchasable","22":"product-type-tour"},"tiered_pricing_type":"fixed","tiered_pricing_fixed_rules":[],"tiered_pricing_product_settings":{"layout":"default","base_unit_name":{"singular":null,"plural":null},"default_variation":null},"tiered_pricing_minimum_quantity":null,"tiered_pricing_roles_data":[],"tiered_pricing_percentage_rules":[],"_links":{"self":[{"href":"https:\/\/bestmayatours.com\/es\/wp-json\/wp\/v2\/product\/6791","targetHints":{"allow":["GET"]}}],"collection":[{"href":"https:\/\/bestmayatours.com\/es\/wp-json\/wp\/v2\/product"}],"about":[{"href":"https:\/\/bestmayatours.com\/es\/wp-json\/wp\/v2\/types\/product"}],"replies":[{"embeddable":true,"href":"https:\/\/bestmayatours.com\/es\/wp-json\/wp\/v2\/comments?post=6791"}],"wp:featuredmedia":[{"embeddable":true,"href":"https:\/\/bestmayatours.com\/es\/wp-json\/wp\/v2\/media\/7050"}],"wp:attachment":[{"href":"https:\/\/bestmayatours.com\/es\/wp-json\/wp\/v2\/media?parent=6791"}],"wp:term":[{"taxonomy":"product_brand","embeddable":true,"href":"https:\/\/bestmayatours.com\/es\/wp-json\/wp\/v2\/product_brand?post=6791"},{"taxonomy":"product_cat","embeddable":true,"href":"https:\/\/bestmayatours.com\/es\/wp-json\/wp\/v2\/product_cat?post=6791"},{"taxonomy":"product_tag","embeddable":true,"href":"https:\/\/bestmayatours.com\/es\/wp-json\/wp\/v2\/product_tag?post=6791"}],"curies":[{"name":"wp","href":"https:\/\/api.w.org\/{rel}","templated":true}]}}