{"id":7835,"date":"2015-07-09T16:39:56","date_gmt":"2015-07-09T21:39:56","guid":{"rendered":"https:\/\/bestmayatours.com\/product\/tour-privado-tulum-y-kayak-en-sian-kaan\/"},"modified":"2015-07-09T16:39:56","modified_gmt":"2015-07-09T21:39:56","slug":"tour-privado-tulum-y-kayak-en-sian-kaan","status":"publish","type":"product","link":"https:\/\/bestmayatours.com\/es\/excursiones\/tour-privado-tulum-y-kayak-en-sian-kaan\/","title":{"rendered":"Tour Privado: Tulum y Kayak en Sian Ka&#8217;an"},"content":{"rendered":"<h1>Tour Privado: Tulum y Kayak en Sian Ka&#8217;an<\/h1>\n<p>Combina historia y naturaleza en un d\u00eda inolvidable. Explora las emblem\u00e1ticas ruinas de Tulum, con sus templos junto al mar Caribe, y despu\u00e9s ad\u00e9ntrate en la Reserva de la Biosfera Sian Ka&#8217;an, un para\u00edso natural declarado Patrimonio de la Humanidad. Navega en kayak por aguas turquesas, manglares serenos y descubre la incre\u00edble biodiversidad de este santuario ecol\u00f3gico. Una experiencia \u00fanica, lejos del bullicio, dise\u00f1ada exclusivamente para ti.<\/p>\n<p><!--more--><\/p>\n<table class=\"table table-bordered tours-tabs__table\" style=\"height: 233px;\" width=\"862\">\n<tbody>\n<tr>\n<td><\/td>\n<td><\/td>\n<\/tr>\n<tr>\n<td><strong>HORA DE SALIDA<\/strong><\/td>\n<td>Pick up at your hotel around 7.30 AM for a prompt departure.<\/td>\n<\/tr>\n<tr>\n<td><strong>HORA DE REGRESO<\/strong><\/td>\n<td>Approximately 4.30 PM. (Playa del Carmen y Riviera Maya)<\/td>\n<\/tr>\n<tr>\n<td><strong>VESTIR<\/strong><\/td>\n<td>Ropa casual c\u00f3moda y ligera, tenis, chanclas o sandalias para actividades acu\u00e1ticas, gorra, anteojos de sol, bloqueador solar (preferiblemente biodegradable) y repelente de insectos (preferiblemente biodegradable). El traje de ba\u00f1o tambi\u00e9n es muy recomendable.<\/td>\n<\/tr>\n<tr>\n<td><strong>INCLUIDO<\/strong><\/td>\n<td>\n<table class=\"table table-bordered\" style=\"height: 62px; width: 48.4647%;\" width=\"300\">\n<tbody>\n<tr>\n<td style=\"width: 41.7867%;\"><i class=\"fa fa-check icon-tick icon-tick--on\"><\/i>El mejor gu\u00eda profesional de Best Maya Tours<\/td>\n<td style=\"width: 55.9078%;\"><i class=\"fa fa-check icon-tick icon-tick--on\"><\/i>Comidas<\/td>\n<\/tr>\n<tr>\n<td style=\"width: 41.7867%;\"><i class=\"fa fa-check icon-tick icon-tick--on\"><\/i>Transporte en una camioneta c\u00f3moda y con aire acondicionado.\n<p><i class=\"fa fa-check icon-tick icon-tick--on\"><\/i>Todas las tarifas de entrada<\/p>\n<p><i class=\"fa fa-check icon-tick icon-tick--on\"><\/i>Lifejackets and snorkel equipment<\/p>\n<p><i class=\"fa fa-check icon-tick icon-tick--on\"><\/i>Comida Buffet : Pescado local, fajitas de pollo. arroz, pur\u00e9 de patatas, ensaladas, bebidas. (Opci\u00f3n vegetariana disponible)<\/p>\n<p><i class=\"fa fa-check icon-tick icon-tick--on\"><\/i>Snacks and Water<\/p><\/td>\n<td style=\"width: 55.9078%;\"><\/td>\n<\/tr>\n<\/tbody>\n<\/table>\n<\/td>\n<\/tr>\n<tr>\n<td><b>NO INCLUIDO<\/b><\/td>\n<td>\n<table class=\"table table-bordered\" style=\"height: 62px; width: 42.5053%;\" width=\"300\">\n<tbody>\n<tr>\n<td style=\"width: 100%;\"><i class=\"fa fa-times icon-tick icon-tick--off\"><\/i>Protector solar biodegradable\n<p><i class=\"fa fa-times icon-tick icon-tick--off\"><\/i>Repelente de insectos<\/p>\n<p><i class=\"fa fa-times icon-tick icon-tick--off\"><\/i>Consejos para gu\u00edas<\/p><\/td>\n<\/tr>\n<tr>\n<td style=\"width: 100%;\"><\/td>\n<\/tr>\n<\/tbody>\n<\/table>\n<\/td>\n<\/tr>\n<\/tbody>\n<\/table>\n<p>Otras recomendaciones: te recomendamos traer algo para protegerte del sol, como lentes de sol, sombreros, ropa ligera.<\/p>\n<p>\u00a1No olvide traer tambi\u00e9n su c\u00e1mara para capturar im\u00e1genes de estas vistas y momentos inolvidables!<\/p>\n<p>Nota: No hay cajeros autom\u00e1ticos en esta \u00e1rea y muchos vendedores no aceptan tarjetas de cr\u00e9dito. Para sus gastos personales, aseg\u00farese de llevar suficiente dinero en efectivo.<\/p>\n<p>Los gu\u00edas, choferes y meseros tambi\u00e9n siempre agradecen las propinas por su excelente servicio y tambi\u00e9n es gracias a ellos que te llevar\u00e1s grandes recuerdos.<\/p>\n","protected":false},"excerpt":{"rendered":"<p>Combina historia y naturaleza en un d\u00eda inolvidable. Explora las emblem\u00e1ticas ruinas de Tulum, con sus templos junto al mar Caribe, y despu\u00e9s ad\u00e9ntrate en la Reserva de la Biosfera Sian Ka&#8217;an, un para\u00edso natural declarado Patrimonio de la Humanidad. Navega en kayak por aguas turquesas, manglares serenos y descubre la incre\u00edble biodiversidad de este santuario ecol\u00f3gico. Una experiencia \u00fanica, lejos del bullicio, dise\u00f1ada exclusivamente para ti.<\/p>\n","protected":false},"featured_media":7841,"comment_status":"open","ping_status":"closed","template":"","meta":[],"product_brand":[],"product_cat":[408,421,421],"product_tag":[],"class_list":{"0":"post-7835","1":"product","2":"type-product","3":"status-publish","4":"has-post-thumbnail","6":"product_cat-aventura","7":"product_cat-canotaje","9":"tour_category-barco-de-turismo","11":"tour_category-ornitologia","13":"first","14":"instock","15":"shipping-taxable","16":"purchasable","17":"product-type-tour"},"tiered_pricing_type":"fixed","tiered_pricing_fixed_rules":[],"tiered_pricing_product_settings":{"layout":"default","base_unit_name":{"singular":null,"plural":null},"default_variation":null},"tiered_pricing_minimum_quantity":null,"tiered_pricing_roles_data":[],"tiered_pricing_percentage_rules":[],"_links":{"self":[{"href":"https:\/\/bestmayatours.com\/es\/wp-json\/wp\/v2\/product\/7835","targetHints":{"allow":["GET"]}}],"collection":[{"href":"https:\/\/bestmayatours.com\/es\/wp-json\/wp\/v2\/product"}],"about":[{"href":"https:\/\/bestmayatours.com\/es\/wp-json\/wp\/v2\/types\/product"}],"replies":[{"embeddable":true,"href":"https:\/\/bestmayatours.com\/es\/wp-json\/wp\/v2\/comments?post=7835"}],"wp:featuredmedia":[{"embeddable":true,"href":"https:\/\/bestmayatours.com\/es\/wp-json\/wp\/v2\/media\/7841"}],"wp:attachment":[{"href":"https:\/\/bestmayatours.com\/es\/wp-json\/wp\/v2\/media?parent=7835"}],"wp:term":[{"taxonomy":"product_brand","embeddable":true,"href":"https:\/\/bestmayatours.com\/es\/wp-json\/wp\/v2\/product_brand?post=7835"},{"taxonomy":"product_cat","embeddable":true,"href":"https:\/\/bestmayatours.com\/es\/wp-json\/wp\/v2\/product_cat?post=7835"},{"taxonomy":"product_tag","embeddable":true,"href":"https:\/\/bestmayatours.com\/es\/wp-json\/wp\/v2\/product_tag?post=7835"}],"curies":[{"name":"wp","href":"https:\/\/api.w.org\/{rel}","templated":true}]}}