{"id":8056,"date":"2024-06-06T07:52:00","date_gmt":"2024-06-06T12:52:00","guid":{"rendered":"https:\/\/bestmayatours.com\/product\/private-yucatan-explore-6-days-5-nights\/"},"modified":"2026-01-16T12:47:42","modified_gmt":"2026-01-16T17:47:42","slug":"private-yucatan-explore-6-days-5-nights","status":"publish","type":"product","link":"https:\/\/bestmayatours.com\/es\/excursiones\/private-yucatan-explore-6-days-5-nights\/","title":{"rendered":"Private Yucatan Explore 6 Days &#8211; 5 Nights"},"content":{"rendered":"<div class=\"wpb-content-wrapper\"><p>[vc_row][vc_column][vc_empty_space][vc_empty_space][\/vc_column][\/vc_row][vc_row][vc_column][vc_column_text]<\/p>\n<h1>Private Yucatan Explore Tour<\/h1>\n<h2>Experience the Best of Yucatan with a Private Explore Tour<\/h2>\n<h3>Uncover the Hidden Gems of the Yucatan Peninsula<\/h3>\n<p>[\/vc_column_text][\/vc_column][\/vc_row][vc_row][vc_column][vc_column_text]<\/p>\n<p><img loading=\"lazy\" decoding=\"async\" class=\"wp-image-7039 alignleft\" title=\"Private Yucatan Explore Tour \" src=\"https:\/\/bestmayatours.com\/wp-content\/uploads\/2024\/06\/Private-Yucatan-Explore-Tour.jpg\" alt=\"Private Yucatan Explore Tour\" width=\"384\" height=\"384\" srcset=\"https:\/\/bestmayatours.com\/wp-content\/uploads\/2024\/06\/Private-Yucatan-Explore-Tour.jpg 500w, https:\/\/bestmayatours.com\/wp-content\/uploads\/2024\/06\/Private-Yucatan-Explore-Tour-416x416.jpg 416w, https:\/\/bestmayatours.com\/wp-content\/uploads\/2024\/06\/Private-Yucatan-Explore-Tour-240x240.jpg 240w, https:\/\/bestmayatours.com\/wp-content\/uploads\/2024\/06\/Private-Yucatan-Explore-Tour-150x150.jpg 150w, https:\/\/bestmayatours.com\/wp-content\/uploads\/2024\/06\/Private-Yucatan-Explore-Tour-90x90.jpg 90w\" sizes=\"auto, (max-width: 384px) 100vw, 384px\" \/><\/p>\n<h4>Emb\u00e1rcate en un viaje inolvidable por la Pen\u00ednsula de Yucat\u00e1n con Best Maya Tours y descubre las joyas de la regi\u00f3n.<\/h4>\n<p>Explore the heart of the Yucatan Peninsula with a private tour designed for travelers seeking a personalized and immersive experience. Discover the rich history, culture, and natural beauty of this captivating region with the help of a knowledgeable guide.<\/p>\n<p>The Private Yucatan ExploreTour will take you on a journey to some of the most iconic sites in the region, including the famous Chichen Itza, a UNESCO World Heritage site and one of the New Seven Wonders of the World. You&#8217;ll learn about the ancient Mayan civilization and their unique way of life, as well as the intriguing history of the Yucatan Peninsula.<\/p>\n<p>In addition to visiting ancient ruins, you&#8217;ll also get to experience the local culture by visiting colonial cities and traditional markets. You&#8217;ll be able to sample local cuisine and shop for traditional crafts, allowing you to immerse yourself in the local culture and gain a deeper understanding of the region. <\/p>\n<p>Whether you&#8217;re a history buff, a nature lover, or simply seeking a unique and memorable travel experience, the Private Yucatan Explore Tour is the perfect way to discover the beauty and richness of this amazing region. Book now on Best Maya Tours and start your adventure today.<\/p>\n<p>(<strong>Minimum 2 people private tour<\/strong>)<\/p>\n<p><!--more--><\/p>\n<table class=\"table table-bordered tours-tabs__table\" style=\"height: 233px;\" width=\"862\">\n<tbody>\n<tr>\n<td><strong>LUGAR DE SALIDA<\/strong><\/td>\n<td>Hotel<\/td>\n<\/tr>\n<tr>\n<td><strong>HORA DE SALIDA<\/strong><\/td>\n<td>Prompt departure 8:00 Am Playa del Carmen 7:30 AM Cancun<\/td>\n<\/tr>\n<tr>\n<td><strong>INCLUIDO<\/strong><\/td>\n<td>\n<table class=\"table table-bordered\" style=\"height: 62px;\" width=\"300\">\n<tbody>\n<tr>\n<td>[\/vc_column_text][\/vc_column][\/vc_row][vc_row][vc_column]<i class=\"fa fa-check icon-tick icon-tick--on\"><\/i>[\/vc_column][\/vc_row][vc_row][vc_column][vc_column_text]agua a bordo<\/td>\n<td>[\/vc_column_text][\/vc_column][\/vc_row][vc_row][vc_column]<i class=\"fa fa-check icon-tick icon-tick--on\"><\/i>[\/vc_column][\/vc_row][vc_row][vc_column][vc_column_text]Alojamiento y Desayuno<\/td>\n<\/tr>\n<tr>\n<td>[\/vc_column_text][\/vc_column][\/vc_row][vc_row][vc_column]<i class=\"fa fa-check icon-tick icon-tick--on\"><\/i>[\/vc_column][\/vc_row][vc_row][vc_column][vc_column_text]Transporte<\/td>\n<td>[\/vc_column_text][\/vc_column][\/vc_row][vc_row][vc_column]<i class=\"fa fa-check icon-tick icon-tick--on\"><\/i>[\/vc_column][\/vc_row][vc_row][vc_column][vc_column_text]Gu\u00eda profesional y todas las entradas.\n<p><b>NO INCLUIDO:<\/b><\/p>\n<p>[\/vc_column_text][\/vc_column][\/vc_row][vc_row][vc_column]<i class=\"fa fa-times icon-tick icon-tick--off\"><\/i>[\/vc_column][\/vc_row][vc_row][vc_column][vc_column_text]Repelente de insectos<\/p><\/td>\n<\/tr>\n<tr>\n<td>[\/vc_column_text][\/vc_column][\/vc_row][vc_row][vc_column]<i class=\"fa fa-times icon-tick icon-tick--off\"><\/i>[\/vc_column][\/vc_row][vc_row][vc_column][vc_column_text]bloqueador solar biodegradable<\/td>\n<\/tr>\n<\/tbody>\n<\/table>\n<\/td>\n<\/tr>\n<\/tbody>\n<\/table>\n<p>Recomendamos traer ropa c\u00f3moda y zapatos para caminar (chancletas, sandalias, ok), traje de ba\u00f1o, lentes de sol, toalla, c\u00e1mara, binoculares, protecci\u00f3n solar (biodegradable o ropa para ayudar con la protecci\u00f3n solar), algo de dinero en efectivo. Los gu\u00edas, choferes y meseros agradecen las propinas por su excelente servicio. \u00a1Tambi\u00e9n es gracias a ellos que te llevar\u00e1s muchos buenos recuerdos![\/vc_column_text][\/vc_column][\/vc_row][vc_row][vc_column]<div class=\"title title--big title--underline title--decoration-bottom-left\">\n\t\t<h3 class=\"title__primary\">Preguntas frecuentes<\/h3>\n<\/div>\n[\/vc_column][\/vc_row][vc_row][vc_column][vc_tta_accordion][vc_tta_section title=\u00bb\u00bfQu\u00e9 te pones para Yucat\u00e1n?\u00bb tab_id=\u00bb1640162145018-3d830b5a-97f8&#8243;][vc_column_text]El lino, el algod\u00f3n y las telas deportivas de secado r\u00e1pido son ideales para el clima de Yucat\u00e1n. Para las noches en Yucat\u00e1n que pueden volverse fr\u00edas, recomendamos traer una camiseta ligera pero abrigada para mantenerse abrigado.[\/vc_column_text][\/vc_tta_section][vc_tta_section title=\u00bb\u00bfPor qu\u00e9 es famoso Yucat\u00e1n?\u00bb tab_id=\u00bb1640162145021-c8fba4c1-2213&#8243;][vc_column_text]La pen\u00ednsula de Yucat\u00e1n es conocida por sus selvas tropicales, por ser el hogar de los antiguos mayas y por ser un popular destino tur\u00edstico.[\/vc_column_text][\/vc_tta_section][\/vc_tta_accordion][\/vc_column][\/vc_row][vc_row][vc_column][vc_empty_space][vc_empty_space][\/vc_column][\/vc_row]<\/p>\n<\/div>","protected":false},"excerpt":{"rendered":"<p>Discover the rich culture and history of Yucatan with a private tour. Visit iconic sites such as Chichen Itza, Uxmal, and Tulum with a knowledgeable guide. Learn about the ancient Mayan civilization and their unique way of life. Immerse yourself in the local culture with visits to colonial cities and traditional markets. Book now on Best Maya Tours for a personalized Yucatan experience. (<strong>Minimum 2 people private tour<\/strong>)<\/p>\n","protected":false},"featured_media":7046,"comment_status":"open","ping_status":"closed","template":"","meta":[],"product_brand":[],"product_cat":[399,408,411,407,579],"product_tag":[],"class_list":{"0":"post-8056","1":"product","2":"type-product","3":"status-publish","4":"has-post-thumbnail","6":"product_cat-arqueologico","7":"product_cat-aventura","8":"product_cat-cenotes-es","9":"product_cat-cultural-es","10":"product_cat-paquetes-turisticos","11":"pa_duration-6-days-5-nights","13":"first","14":"instock","15":"shipping-taxable","16":"purchasable","17":"product-type-tour"},"tiered_pricing_type":"fixed","tiered_pricing_fixed_rules":[],"tiered_pricing_product_settings":{"layout":"default","base_unit_name":{"singular":null,"plural":null},"default_variation":null},"tiered_pricing_minimum_quantity":null,"tiered_pricing_roles_data":[],"tiered_pricing_percentage_rules":[],"_links":{"self":[{"href":"https:\/\/bestmayatours.com\/es\/wp-json\/wp\/v2\/product\/8056","targetHints":{"allow":["GET"]}}],"collection":[{"href":"https:\/\/bestmayatours.com\/es\/wp-json\/wp\/v2\/product"}],"about":[{"href":"https:\/\/bestmayatours.com\/es\/wp-json\/wp\/v2\/types\/product"}],"replies":[{"embeddable":true,"href":"https:\/\/bestmayatours.com\/es\/wp-json\/wp\/v2\/comments?post=8056"}],"wp:featuredmedia":[{"embeddable":true,"href":"https:\/\/bestmayatours.com\/es\/wp-json\/wp\/v2\/media\/7046"}],"wp:attachment":[{"href":"https:\/\/bestmayatours.com\/es\/wp-json\/wp\/v2\/media?parent=8056"}],"wp:term":[{"taxonomy":"product_brand","embeddable":true,"href":"https:\/\/bestmayatours.com\/es\/wp-json\/wp\/v2\/product_brand?post=8056"},{"taxonomy":"product_cat","embeddable":true,"href":"https:\/\/bestmayatours.com\/es\/wp-json\/wp\/v2\/product_cat?post=8056"},{"taxonomy":"product_tag","embeddable":true,"href":"https:\/\/bestmayatours.com\/es\/wp-json\/wp\/v2\/product_tag?post=8056"}],"curies":[{"name":"wp","href":"https:\/\/api.w.org\/{rel}","templated":true}]}}