{"id":3421,"date":"2019-05-12T12:07:54","date_gmt":"2019-05-12T17:07:54","guid":{"rendered":"http:\/\/bestmayatours.com\/product\/tour-privato-alla-scoperta-dello-yucatan-4-giorni-3-notti\/"},"modified":"2025-11-20T07:58:37","modified_gmt":"2025-11-20T12:58:37","slug":"tour-privato-alla-scoperta-dello-yucatan-4-giorni-3-notti","status":"publish","type":"product","link":"https:\/\/bestmayatours.com\/it\/tour\/tour-privato-alla-scoperta-dello-yucatan-4-giorni-3-notti\/","title":{"rendered":"Tour privato alla scoperta dello Yucatan 4 giorni &#8211; 3 notti"},"content":{"rendered":"<div class=\"wpb-content-wrapper\"><h1>Tour privato alla scoperta dello Yucatan<\/h1>\n<h2>Scopri il meglio dello Yucatan con un tour privato di scoperta<\/h2>\n<h3>Scopri le gemme nascoste della penisola dello Yucatan<\/h3>\n<p>[vc_row][vc_column][vc_column_text]<\/p>\n<figure id=\"attachment_2754\" aria-describedby=\"caption-attachment-2754\" style=\"width: 240px\" class=\"wp-caption alignleft\"><img loading=\"lazy\" decoding=\"async\" class=\"wp-image-1465 size-medium\" title=\"Tour privato alla scoperta dello Yucatan \" src=\"https:\/\/bestmayatours.com\/wp-content\/uploads\/2015\/07\/tulumptod-240x240.jpg\" alt=\"Tour privato alla scoperta dello Yucatan \" width=\"240\" height=\"240\" srcset=\"https:\/\/bestmayatours.com\/wp-content\/uploads\/2015\/07\/tulumptod-240x240.jpg 240w, https:\/\/bestmayatours.com\/wp-content\/uploads\/2015\/07\/tulumptod-150x150.jpg 150w, https:\/\/bestmayatours.com\/wp-content\/uploads\/2015\/07\/tulumptod-90x90.jpg 90w, https:\/\/bestmayatours.com\/wp-content\/uploads\/2015\/07\/tulumptod.jpg 400w\" sizes=\"auto, (max-width: 240px) 100vw, 240px\" \/><figcaption id=\"caption-attachment-2754\" class=\"wp-caption-text\">Tour privato alla scoperta dello Yucatan<\/figcaption><\/figure>\n<h4>Parti per un viaggio indimenticabile attraverso la penisola dello Yucatan con Best Maya Tours e scopri i gioielli della regione.<\/h4>\n<p>Esplora il cuore della Penisola dello Yucatan con un tour privato pensato per i viaggiatori in cerca di un&#8217;esperienza personalizzata e coinvolgente. Scopri la ricca storia, la cultura e le bellezze naturali di questa regione affascinante con l&#8217;aiuto di una guida esperta.<\/p>\n<p>Il tour privato alla scoperta dello Yucatan ti porter\u00e0 a visitare alcuni dei siti pi\u00f9 iconici della regione, tra cui la famosa Chichen Itza, patrimonio dell&#8217;umanit\u00e0 dell&#8217;UNESCO e una delle nuove sette meraviglie del mondo. Imparerai a conoscere l&#8217;antica civilt\u00e0 Maya e il suo stile di vita unico, oltre all&#8217;intrigante storia della penisola dello Yucatan.<\/p>\n<p>Oltre a visitare le antiche rovine, potrai anche sperimentare la cultura locale visitando le citt\u00e0 coloniali e i mercati tradizionali. Potrai assaggiare la cucina locale e fare acquisti di artigianato tradizionale, immergendoti nella cultura locale e acquisendo una conoscenza pi\u00f9 approfondita della regione.<\/p>\n<p>Che tu sia un appassionato di storia, un amante della natura o semplicemente alla ricerca di un&#8217;esperienza di viaggio unica e memorabile, il tour privato alla scoperta dello Yucatan \u00e8 il modo perfetto per esplorare la bellezza e la ricchezza di questa incredibile regione. Prenota ora su Best Maya Tours e inizia la tua avventura oggi stesso.<\/p>\n<p><strong>(Tour privato per un minimo di 2 persone<\/strong>)<\/p>\n<p><!--more--><\/p>\n<table class=\"table table-bordered tours-tabs__table\" style=\"height: 233px;\" width=\"862\">\n<tbody>\n<tr>\n<td><strong>LUOGO DI PARTENZA<\/strong><\/td>\n<td>Hotel<\/td>\n<\/tr>\n<tr>\n<td><strong>ORARIO DI PARTENZA<\/strong><\/td>\n<td>Partenza immediata 8:00 am Playa del Carmen 7:30 am Cancun<\/td>\n<\/tr>\n<tr>\n<td><strong>INCLUSO<\/strong><\/td>\n<td>\n<table class=\"table table-bordered\" style=\"height: 62px;\" width=\"300\">\n<tbody>\n<tr>\n<td>[\/vc_column_text][\/vc_column][\/vc_row][vc_row][vc_column]<i class=\"fa fa-check icon-tick icon-tick--on\"><\/i>[\/vc_column][\/vc_row][vc_row][vc_column][vc_column_text]Acqua a bordo<\/td>\n<td>[\/vc_column_text][\/vc_column][\/vc_row][vc_row][vc_column]<i class=\"fa fa-check icon-tick icon-tick--on\"><\/i>[\/vc_column][\/vc_row][vc_row][vc_column][vc_column_text]Sistemazioni e colazione<\/td>\n<\/tr>\n<tr>\n<td>[\/vc_column_text][\/vc_column][\/vc_row][vc_row][vc_column]<i class=\"fa fa-check icon-tick icon-tick--on\"><\/i>[\/vc_column][\/vc_row][vc_row][vc_column][vc_column_text]Trasporto<\/td>\n<td>[\/vc_column_text][\/vc_column][\/vc_row][vc_row][vc_column]<i class=\"fa fa-check icon-tick icon-tick--on\"><\/i>[\/vc_column][\/vc_row][vc_row][vc_column][vc_column_text]Guida professionale e tutti i biglietti d&#8217;ingresso\n<p>&nbsp;<\/p>\n<p><b>NON SONO INCLUSI:<\/b><\/p>\n<p>[\/vc_column_text][\/vc_column][\/vc_row][vc_row][vc_column]<i class=\"fa fa-times icon-tick icon-tick--off\"><\/i>[\/vc_column][\/vc_row][vc_row][vc_column][vc_column_text]Repellente per insetti<\/p><\/td>\n<\/tr>\n<tr>\n<td>[\/vc_column_text][\/vc_column][\/vc_row][vc_row][vc_column]<i class=\"fa fa-times icon-tick icon-tick--off\"><\/i>[\/vc_column][\/vc_row][vc_row][vc_column][vc_column_text]Protezione solare biodegradabile<\/td>\n<\/tr>\n<\/tbody>\n<\/table>\n<\/td>\n<\/tr>\n<\/tbody>\n<\/table>\n<p>Ti consigliamo di portare vestiti comodi e scarpe da passeggio (infradito, sandali ok, ), costume da bagno, occhiali da sole, asciugamano, macchina fotografica, binocolo, protezione solare (biodegradabile, o vestiti per aiutare con la protezione solare), un po&#8217; di contanti. Le guide, gli autisti e la cameriera apprezzano i suggerimenti per il loro eccellente servizio. \u00c8 anche grazie a loro che lascerai con tanti bei ricordi![\/vc_column_text][\/vc_column][\/vc_row][vc_row][vc_column]<div class=\"title title--big title--underline title--decoration-bottom-left\">\n\t\t<h3 class=\"title__primary\">Domande frequenti<\/h3>\n<\/div>\n[\/vc_column][\/vc_row][vc_row][vc_column][vc_tta_accordion][vc_tta_section title=&#8221;Cosa indossi nello Yucatan?&#8221; tab_id=&#8221;1640162145018-3d830b5a-97f8&#8243;][vc_column_text]Lino, cotone e tessuti sportivi ad asciugatura rapida sono ideali per il clima dello Yucat\u00e1n. Per le serate nello Yucat\u00e1n che possono diventare fredde, ti consigliamo di portare un top leggero ma caldo per stare comodo.[\/vc_column_text][\/vc_tta_section][vc_tta_section title=&#8221;Per cosa \u00e8 famoso lo Yucat\u00e1n?&#8221; tab_id=&#8221;1640162145021-c8fba4c1-2213&#8243;][vc_column_text]La penisola dello Yucatan \u00e8 nota per le sue foreste pluviali tropicali, per essere la casa dell&#8217;antico popolo Maya e per essere una popolare destinazione turistica.[\/vc_column_text][\/vc_tta_section][\/vc_tta_accordion][\/vc_column][\/vc_row]<\/p>\n<\/div>","protected":false},"excerpt":{"rendered":"<p>Scopri la ricca cultura e la storia dello Yucatan con un tour privato. Visita siti iconici come Chichen Itza, Uxmal e Tulum con una guida esperta. Impara a conoscere l&#8217;antica civilt\u00e0 Maya e il suo stile di vita unico. Immergiti nella cultura locale con visite alle citt\u00e0 coloniali e ai mercati tradizionali. Prenota ora su Best Maya Tours per un&#8217;esperienza personalizzata nello Yucatan.<strong>(Tour privato per un minimo di 2 persone<\/strong>)<\/p>\n","protected":false},"featured_media":2934,"comment_status":"open","ping_status":"closed","template":"","meta":[],"product_brand":[],"product_cat":[432,441,444,440,556],"product_tag":[],"class_list":{"0":"post-3421","1":"product","2":"type-product","3":"status-publish","4":"has-post-thumbnail","6":"product_cat-archeologico","7":"product_cat-avventura","8":"product_cat-cenote","9":"product_cat-culturale","10":"product_cat-pacchetti-turistici","11":"pa_duration-4-giorni-3-notti","12":"tour_category-adatto-alle-famiglie","13":"tour_category-animali-selvatici","14":"tour_category-archeologico","15":"tour_category-cenote","16":"tour_category-culturale","17":"tour_category-pacchetti-turistici","18":"tour_category-pasti-inclusi","20":"first","21":"instock","22":"shipping-taxable","23":"purchasable","24":"product-type-tour"},"tiered_pricing_type":"fixed","tiered_pricing_fixed_rules":[],"tiered_pricing_product_settings":{"layout":"default","base_unit_name":{"singular":null,"plural":null},"default_variation":null},"tiered_pricing_minimum_quantity":null,"tiered_pricing_roles_data":[],"tiered_pricing_percentage_rules":[],"_links":{"self":[{"href":"https:\/\/bestmayatours.com\/it\/wp-json\/wp\/v2\/product\/3421","targetHints":{"allow":["GET"]}}],"collection":[{"href":"https:\/\/bestmayatours.com\/it\/wp-json\/wp\/v2\/product"}],"about":[{"href":"https:\/\/bestmayatours.com\/it\/wp-json\/wp\/v2\/types\/product"}],"replies":[{"embeddable":true,"href":"https:\/\/bestmayatours.com\/it\/wp-json\/wp\/v2\/comments?post=3421"}],"wp:featuredmedia":[{"embeddable":true,"href":"https:\/\/bestmayatours.com\/it\/wp-json\/wp\/v2\/media\/2934"}],"wp:attachment":[{"href":"https:\/\/bestmayatours.com\/it\/wp-json\/wp\/v2\/media?parent=3421"}],"wp:term":[{"taxonomy":"product_brand","embeddable":true,"href":"https:\/\/bestmayatours.com\/it\/wp-json\/wp\/v2\/product_brand?post=3421"},{"taxonomy":"product_cat","embeddable":true,"href":"https:\/\/bestmayatours.com\/it\/wp-json\/wp\/v2\/product_cat?post=3421"},{"taxonomy":"product_tag","embeddable":true,"href":"https:\/\/bestmayatours.com\/it\/wp-json\/wp\/v2\/product_tag?post=3421"}],"curies":[{"name":"wp","href":"https:\/\/api.w.org\/{rel}","templated":true}]}}