{"id":3422,"date":"2020-07-10T15:31:33","date_gmt":"2020-07-10T20:31:33","guid":{"rendered":"http:\/\/bestmayatours.com\/product\/tour-privato-di-snorkeling-al-sito-archeologico-di-tulum-e-al-cenote\/"},"modified":"2025-06-03T18:46:38","modified_gmt":"2025-06-03T23:46:38","slug":"tour-privato-di-snorkeling-al-sito-archeologico-di-tulum-e-al-cenote","status":"publish","type":"product","link":"https:\/\/bestmayatours.com\/it\/tour\/tour-privato-di-snorkeling-al-sito-archeologico-di-tulum-e-al-cenote\/","title":{"rendered":"Tour privato di snorkeling al sito archeologico di Tulum e al cenote"},"content":{"rendered":"<div class=\"wpb-content-wrapper\"><p>[vc_row][vc_column][vc_column_text]<strong>Snorkeling privato al cenote di Tulum<\/strong><br \/>\nVisita uno dei siti pi\u00f9 emblematici nei dintorni: Tulum, dove esplorerai per la prima volta lo spettacolare sito Maya di Tulum o &#8220;Zama citt\u00e0 dell&#8217;alba&#8221; situato su una scogliera sul Mar dei Caraibi. Quindi ti dirigerai verso un cenote cristallino per nuotare e fare snorkeling prima di goderti un pasto delizioso.<!--more--><\/p>\n<table class=\"table table-bordered tours-tabs__table\" style=\"height: 1016px; width: 0%;\">\n<tbody>\n<tr style=\"height: 24px;\">\n<td style=\"width: 25.6706%; height: 24px;\"><\/td>\n<td style=\"width: 85.4195%; height: 24px;\"><\/td>\n<td style=\"width: 181.434%; height: 24px;\"><\/td>\n<\/tr>\n<tr style=\"height: 24px;\">\n<td style=\"width: 25.6706%; height: 24px;\"><strong>ORARIO DI PARTENZA<\/strong><\/td>\n<td style=\"width: 85.4195%; height: 24px;\">Prelievo dal tuo hotel intorno alle 8:00 per una pronta partenza.<\/td>\n<td style=\"width: 181.434%; height: 24px;\"><\/td>\n<\/tr>\n<tr style=\"height: 136px;\">\n<td style=\"width: 25.6706%; height: 136px;\"><\/td>\n<td style=\"width: 85.4195%; height: 136px;\">\n<table class=\"table table-bordered\" style=\"height: 32px; width: 9.95756%;\" width=\"300\">\n<tbody>\n<tr>\n<td style=\"width: 38.3523%;\"><\/td>\n<td style=\"width: 278.125%;\"><\/td>\n<\/tr>\n<tr>\n<td style=\"width: 38.3523%;\"><\/td>\n<td style=\"width: 278.125%;\"><\/td>\n<\/tr>\n<\/tbody>\n<\/table>\n<\/td>\n<td style=\"width: 181.434%; height: 136px;\"><\/td>\n<\/tr>\n<tr style=\"height: 64px;\">\n<td style=\"width: 25.6706%; height: 64px;\"><\/td>\n<td style=\"width: 85.4195%; height: 64px;\"><\/td>\n<td style=\"width: 181.434%; height: 64px;\"><\/td>\n<\/tr>\n<tr style=\"height: 24px;\">\n<td style=\"width: 25.6706%; height: 24px;\"><\/td>\n<td style=\"width: 85.4195%; height: 24px;\"><\/td>\n<td style=\"width: 181.434%; height: 24px;\"><\/td>\n<\/tr>\n<tr style=\"height: 48px;\">\n<td style=\"width: 25.6706%; height: 48px;\"><strong>ORA DI RITORNO<\/strong><\/td>\n<td style=\"width: 85.4195%; height: 48px;\">Circa 15:00 &#8211; 16:00. (Playa del Carmen e Riviera Maya)<\/td>\n<td style=\"width: 181.434%; height: 48px;\"><\/td>\n<\/tr>\n<tr style=\"height: 96px;\">\n<td style=\"width: 25.6706%; height: 96px;\"><strong>INDOSSARE<\/strong><\/td>\n<td style=\"width: 85.4195%; height: 96px;\">Abbigliamento casual leggero e comodo, scarpe da tennis, infradito o sandali per attivit\u00e0 acquatiche, cappello, occhiali da sole, crema solare (preferibilmente biodegradabile) e repellente per insetti (preferibilmente biodegradabile). Il costume da bagno \u00e8 anche altamente raccomandato per le attivit\u00e0 acquatiche.<\/td>\n<td style=\"width: 181.434%; height: 96px;\"><\/td>\n<\/tr>\n<tr style=\"height: 440px;\">\n<td style=\"width: 25.6706%; height: 440px;\"><strong>INCLUSO<\/strong><\/td>\n<td style=\"width: 85.4195%; height: 440px;\">\n<table class=\"table table-bordered\" style=\"width: 100%; height: 424px;\">\n<tbody>\n<tr style=\"height: 72px;\">\n<td style=\"width: 48.8491%; height: 72px;\"><i class=\"fa fa-check icon-tick icon-tick--on\"><\/i>La migliore guida professionale di Maya Tours<\/td>\n<td style=\"width: 49.1049%; height: 72px;\"><\/td>\n<\/tr>\n<tr style=\"height: 352px;\">\n<td style=\"width: 48.8491%; height: 352px;\"><i class=\"fa fa-check icon-tick icon-tick--on\"><\/i>Trasporto in un comodo furgone climatizzato\n<p><i class=\"fa fa-check icon-tick icon-tick--on\"><\/i>Tutti i biglietti d&#8217;ingresso<\/p>\n<p><i class=\"fa fa-check icon-tick icon-tick--on\"><\/i>Attrezzatura da snorkeling e giubbotti di salvataggio.<\/p>\n<p><i class=\"fa fa-check icon-tick icon-tick--on\"><\/i>Pasto a Buffet<\/p>\n<p><i class=\"fa fa-check icon-tick icon-tick--on\"><\/i>Snack e acqua<\/p><\/td>\n<td style=\"width: 49.1049%; height: 352px;\">&nbsp;\n<p>&nbsp;<\/p>\n<p>&nbsp;<\/p><\/td>\n<\/tr>\n<\/tbody>\n<\/table>\n<\/td>\n<td style=\"width: 181.434%; height: 440px;\"><\/td>\n<\/tr>\n<tr style=\"height: 160px;\">\n<td style=\"width: 25.6706%; height: 160px;\"><b>NON INCLUSO<\/b><\/td>\n<td style=\"width: 85.4195%;\"><i class=\"fa fa-times icon-tick icon-tick--off\"><\/i> Crema solare biodegradabile\n<table class=\"table table-bordered\">\n<tbody>\n<tr>\n<td><i class=\"fa fa-times icon-tick icon-tick--off\"><\/i>Repellente per insetti<\/td>\n<\/tr>\n<tr>\n<td><i class=\"fa fa-times icon-tick icon-tick--off\"><\/i>Suggerimenti per le guide<\/td>\n<\/tr>\n<\/tbody>\n<\/table>\n<\/td>\n<td style=\"width: 181.434%; height: 160px;\">\n<table class=\"table table-bordered\" style=\"width: 88.543%;\">\n<tbody>\n<tr>\n<td style=\"width: 100%;\"><\/td>\n<\/tr>\n<tr>\n<td style=\"width: 100%;\"><\/td>\n<\/tr>\n<\/tbody>\n<\/table>\n<\/td>\n<\/tr>\n<\/tbody>\n<\/table>\n<p>Altri consigli: vi consigliamo di portare qualsiasi cosa per proteggervi dal sole, come occhiali da sole, cappelli, vestiti leggeri.<\/p>\n<p>Non dimenticare di portare anche la tua fotocamera per scattare foto di questi panorami e momenti indimenticabili!<\/p>\n<p>Nota: non ci sono sportelli bancomat in quest&#8217;area e molti venditori non accettano carte di credito. Per le tue spese personali, assicurati di portare abbastanza denaro contante.<\/p>\n<p>Anche le guide, gli autisti e i camerieri apprezzano sempre i suggerimenti per il loro eccellente servizio ed \u00e8 anche grazie a loro che lascerai con ottimi ricordi!<\/p>\n<p>[\/vc_column_text][\/vc_column][\/vc_row][vc_row][vc_column]<div class=\"title title--big title--underline title--decoration-bottom-left\">\n\t\t<h3 class=\"title__primary\">Domande frequenti<\/h3>\n<\/div>\n[\/vc_column][\/vc_row][vc_row][vc_column][vc_tta_accordion][vc_tta_section title=&#8221;Quanto costa andare ai cenotes in Messico?&#8221; tab_id=&#8221;1640162516090-e23f9ec6-f630&#8243;][vc_column_text]Facilmente raggiungibile da una strada sterrata a circa 9 km a nord di Tulum, il biglietto d&#8217;ingresso \u00e8 di 150 pesos (compreso un giubbotto di salvataggio, armadietti disponibili per 50 pesos).[\/vc_column_text][\/vc_tta_section][vc_tta_section title=&#8221;Cosa puoi fare in un Cenote?&#8221; tab_id=&#8221;1640162516091-e1662a98-030c&#8221;][vc_column_text]Nuotare in un cenote \u00e8 ora un incontro fenomenale, ma ci sono pi\u00f9 esercizi che puoi apprezzare, come kayak, zip-line, rappel o immersioni notturne.[\/vc_column_text][\/vc_tta_section][\/vc_tta_accordion][\/vc_column][\/vc_row]<\/p>\n<\/div>","protected":false},"excerpt":{"rendered":"<p>Visita dei siti pi\u00f9 incredibili in giro&#8230; Tulum, esploriamo prima lo spettacolare sito Maya di Tulum o la citt\u00e0 di Zama di Dawn. Adagiato su una scogliera in riva al mare \u00e8 uno dei gioielli dei caraibi poi ci dirigiamo verso il cenote acristalino per fare l&#8217;attivit\u00e0 di snorkeling e infine finiamo con un autentico pranzo messicano.<\/p>\n","protected":false},"featured_media":2769,"comment_status":"open","ping_status":"closed","template":"","meta":[],"product_brand":[],"product_cat":[432,441],"product_tag":[],"class_list":{"0":"post-3422","1":"product","2":"type-product","3":"status-publish","4":"has-post-thumbnail","6":"product_cat-archeologico","7":"product_cat-avventura","8":"tour_category-archeologico","10":"tour_category-nuoto","11":"tour_category-snorkeling-it","13":"first","14":"instock","15":"sale","16":"shipping-taxable","17":"purchasable","18":"product-type-tour","19":"has-default-attributes"},"tiered_pricing_type":"fixed","tiered_pricing_fixed_rules":[],"tiered_pricing_product_settings":{"layout":"default","base_unit_name":{"singular":null,"plural":null},"default_variation":null},"tiered_pricing_minimum_quantity":null,"tiered_pricing_roles_data":[],"tiered_pricing_percentage_rules":[],"_links":{"self":[{"href":"https:\/\/bestmayatours.com\/it\/wp-json\/wp\/v2\/product\/3422","targetHints":{"allow":["GET"]}}],"collection":[{"href":"https:\/\/bestmayatours.com\/it\/wp-json\/wp\/v2\/product"}],"about":[{"href":"https:\/\/bestmayatours.com\/it\/wp-json\/wp\/v2\/types\/product"}],"replies":[{"embeddable":true,"href":"https:\/\/bestmayatours.com\/it\/wp-json\/wp\/v2\/comments?post=3422"}],"wp:featuredmedia":[{"embeddable":true,"href":"https:\/\/bestmayatours.com\/it\/wp-json\/wp\/v2\/media\/2769"}],"wp:attachment":[{"href":"https:\/\/bestmayatours.com\/it\/wp-json\/wp\/v2\/media?parent=3422"}],"wp:term":[{"taxonomy":"product_brand","embeddable":true,"href":"https:\/\/bestmayatours.com\/it\/wp-json\/wp\/v2\/product_brand?post=3422"},{"taxonomy":"product_cat","embeddable":true,"href":"https:\/\/bestmayatours.com\/it\/wp-json\/wp\/v2\/product_cat?post=3422"},{"taxonomy":"product_tag","embeddable":true,"href":"https:\/\/bestmayatours.com\/it\/wp-json\/wp\/v2\/product_tag?post=3422"}],"curies":[{"name":"wp","href":"https:\/\/api.w.org\/{rel}","templated":true}]}}