{"id":3427,"date":"2021-01-17T09:55:38","date_gmt":"2021-01-17T14:55:38","guid":{"rendered":"http:\/\/bestmayatours.com\/product\/tour-privato-di-ek-balam-rio-lagartos-e-las-coloradas\/"},"modified":"2025-05-20T21:41:58","modified_gmt":"2025-05-21T02:41:58","slug":"tour-privato-di-ek-balam-rio-lagartos-e-las-coloradas","status":"publish","type":"product","link":"https:\/\/bestmayatours.com\/it\/tour\/tour-privato-di-ek-balam-rio-lagartos-e-las-coloradas\/","title":{"rendered":"Tour privato di Ek&#8217; Balam, Rio Lagartos e Las Coloradas"},"content":{"rendered":"<div class=\"wpb-content-wrapper\"><p>Scopri uno dei punti salienti della penisola dello Yucatan con questo viaggio ricco di avventura e cultura a Ek&#8217; Balam, la biosfera di Rio Lagartos e i laghi rosa.<\/p>\n<p>Conosci prima l&#8217;antico sito Maya di Ek&#8217; Balam, o del &#8220;giaguaro nero&#8221; e torna al classico periodo storico dei Maya attraverso le spiegazioni della tua guida professionista. Ti dirigerai quindi verso la Biosfera di Rio Lagartos per prendere una barca e osservare varie specie di uccelli come aironi, aquile pescatrici, i famosi fenicotteri ma forse anche alcuni abitanti delle mangrovie come coccodrilli o procioni. Arriverai alle famose Las Coloradas o &#8220;Magenta Waters&#8221;, questi laghi rosa colorati da alghe, plancton e gamberetti e scoprirai di pi\u00f9 sul suo utilizzo da parte dei Maya. Potrai fare un tradizionale bagno di fango Maya, sciacquarti su una spiaggia privata e goderti un ottimo pasto a base di pesce al ristorante Rio Lagartos.<\/p>\n<p><!--more--><\/p>\n<table class=\"table table-bordered tours-tabs__table\" style=\"width: 95.0495%; height: 396px;\">\n<tbody>\n<tr>\n<td style=\"width: 22.9688%;\"><\/td>\n<td style=\"width: 76.6146%;\"><\/td>\n<\/tr>\n<tr>\n<td style=\"width: 22.9688%;\"><strong>ORARIO DI PARTENZA<\/strong><\/td>\n<td style=\"width: 76.6146%;\">Prelievo dal tuo hotel tra le 8:00 e le 8:30 per una pronta partenza.<\/td>\n<\/tr>\n<tr>\n<td style=\"width: 22.9688%;\"><strong>ORA DI RITORNO<\/strong><\/td>\n<td style=\"width: 76.6146%;\">Circa 17:00 &#8211; 18:00. (Cancun, Playa del Carmen e Riviera Maya)<\/td>\n<\/tr>\n<tr>\n<td style=\"width: 22.9688%;\"><strong>INDOSSARE<\/strong><\/td>\n<td style=\"width: 76.6146%;\">Abbigliamento casual leggero e comodo, scarpe da tennis, infradito o sandali per attivit\u00e0 acquatiche, cappello, occhiali da sole, crema solare (preferibilmente biodegradabile) e repellente per insetti (preferibilmente biodegradabile). Anche il costume da bagno \u00e8 altamente raccomandato.<\/td>\n<\/tr>\n<tr>\n<td style=\"width: 22.9688%;\"><strong>INCLUSO<\/strong><\/td>\n<td style=\"width: 76.6146%;\">\n<table class=\"table table-bordered\">\n<tbody>\n<tr>\n<td><\/td>\n<td><\/td>\n<\/tr>\n<tr>\n<td><i class=\"fa fa-check icon-tick icon-tick--on\"><\/i>Guida professionale Best Maya Tours\n<p><i class=\"fa fa-check icon-tick icon-tick--on\"><\/i>Trasporto in un comodo furgone climatizzato<\/p>\n<p><i class=\"fa fa-check icon-tick icon-tick--on\"><\/i>Tutti i biglietti d&#8217;ingresso, (se applicabile).<\/p>\n<p><i class=\"fa fa-check icon-tick icon-tick--on\"><\/i>Giubbotti di salvataggio<\/p>\n<p><i class=\"fa fa-check icon-tick icon-tick--on\"><\/i>Pasto Di Pesce<\/p>\n<p><i class=\"fa fa-check icon-tick icon-tick--on\"><\/i>Snack e acqua<\/p><\/td>\n<td><\/td>\n<\/tr>\n<\/tbody>\n<\/table>\n<\/td>\n<\/tr>\n<tr>\n<td style=\"width: 22.9688%;\"><b>NON INCLUSO<\/b><\/td>\n<td style=\"width: 76.6146%;\">\n<table class=\"table table-bordered\" style=\"height: 144px;\">\n<tbody>\n<tr style=\"height: 120px;\">\n<td style=\"height: 120px; width: 340px;\"><i class=\"fa fa-times icon-tick icon-tick--off\"><\/i>Crema solare biodegradabile\n<table class=\"table table-bordered\">\n<tbody>\n<tr>\n<td><i class=\"fa fa-times icon-tick icon-tick--off\"><\/i>Repellente per insetti<\/td>\n<\/tr>\n<tr>\n<td><i class=\"fa fa-times icon-tick icon-tick--off\"><\/i>Suggerimenti per le guide<\/td>\n<\/tr>\n<\/tbody>\n<\/table>\n<\/td>\n<\/tr>\n<tr style=\"height: 24px;\">\n<td style=\"height: 24px; width: 340px;\"><\/td>\n<\/tr>\n<\/tbody>\n<\/table>\n<\/td>\n<\/tr>\n<\/tbody>\n<\/table>\n<p>Altri consigli: vi consigliamo di portare qualsiasi cosa per proteggervi dal sole, come occhiali da sole, cappelli, vestiti leggeri.<\/p>\n<p>Non dimenticare di portare anche la tua fotocamera per scattare foto di questi panorami e momenti indimenticabili!<\/p>\n<p>Nota: non ci sono sportelli bancomat in quest&#8217;area e molti venditori non accettano carte di credito. Per le tue spese personali, assicurati di portare abbastanza denaro contante.<\/p>\n<p>Anche le guide, gli autisti e i camerieri apprezzano sempre i suggerimenti per il loro eccellente servizio ed \u00e8 anche grazie a loro che lascerai con ottimi ricordi!<\/p>\n<p>[\/vc_column_text][\/vc_column][\/vc_row][vc_row][vc_column]\n<div class=\"atgrid atgrid--small\">\n\t<div class=\"title title--big title--center title--underline title--decoration-bottom-center\">\n\t\t<h3 class=\"title__primary\">Potresti anche essere interessato a questi tour<\/h3>\n<\/div>\n\t<div class=\"row atgrid__row\">\n\t\t\t\t\t<div class=\"col-md-3 col-xs-6 atgrid__item-wrap\">\n\t\t\t<div class=\"atgrid__item\">\n\t\t\t\t<div class=\"atgrid__item__top\">\n\t\t\t\t\t<a href=\"https:\/\/bestmayatours.com\/it\/tour\/spedizione-privata-nello-yucatan-8-giorni-7-notti\/\" class=\"atgrid__item__top__image\"><img loading=\"lazy\" decoding=\"async\" width=\"360\" height=\"240\" src=\"https:\/\/bestmayatours.com\/wp-content\/uploads\/2025\/08\/chiapas-yucatan-360x240.jpg\" class=\"attachment-thumb_tour_listing_small size-thumb_tour_listing_small wp-post-image\" alt=\"\" srcset=\"https:\/\/bestmayatours.com\/wp-content\/uploads\/2025\/08\/chiapas-yucatan-360x240.jpg 360w, https:\/\/bestmayatours.com\/wp-content\/uploads\/2025\/08\/chiapas-yucatan-150x100.jpg 150w, https:\/\/bestmayatours.com\/wp-content\/uploads\/2025\/08\/chiapas-yucatan-531x354.jpg 531w, https:\/\/bestmayatours.com\/wp-content\/uploads\/2025\/08\/chiapas-yucatan-180x120.jpg 180w, https:\/\/bestmayatours.com\/wp-content\/uploads\/2025\/08\/chiapas-yucatan-135x90.jpg 135w, https:\/\/bestmayatours.com\/wp-content\/uploads\/2025\/08\/chiapas-yucatan.jpg 600w\" sizes=\"auto, (max-width: 360px) 100vw, 360px\" \/><\/a>\t\t\t\t\t<div class=\"atgrid__item__price\"><a href=\"https:\/\/bestmayatours.com\/it\/tour\/spedizione-privata-nello-yucatan-8-giorni-7-notti\/\" class=\"atgrid__item__price__button\"><span class=\"woocommerce-Price-amount amount\" aria-hidden=\"true\"><bdi><span class=\"woocommerce-Price-currencySymbol\">&#36;<\/span>800.00<\/bdi><\/span> <span aria-hidden=\"true\">-<\/span> <span class=\"woocommerce-Price-amount amount\" aria-hidden=\"true\"><bdi><span class=\"woocommerce-Price-currencySymbol\">&#36;<\/span>2,879.00<\/bdi><\/span><span class=\"screen-reader-text\">Fascia di prezzo: da &#36;800.00 a &#36;2,879.00<\/span><\/a><\/div>\t\t\t\t\t\t\t\t\t\t\t\t\t\t<\/div>\n\t\t\t\t<div class=\"atgrid__item__content\">\n\t\t\t\t\t<h3 class=\"atgrid__item__title\"><a href=\"https:\/\/bestmayatours.com\/it\/tour\/spedizione-privata-nello-yucatan-8-giorni-7-notti\/\">Spedizione privata nello Yucatan 8 giorni - 7 notti<\/a><\/h3>\n\t\t\t\t\t\t\t\t\t<div class=\"atgrid__item__description\">La spedizione privata nello Yucatan di Best Maya Tours \u00e8 un'avventura esclusiva che vi porta in viaggio nel cuore della<\/div>\n\t\t\t\t\t\t\t\t<\/div>\n\t\t\t\t<div class=\"item-attributes\">\n\t\t\t\t\t\t\t\t\t\t<div class=\"item-attributes__item\"><a href=\"https:\/\/bestmayatours.com\/it\/tour\/spedizione-privata-nello-yucatan-8-giorni-7-notti\/\" class=\"item-attributes__link\"><i class=\"fa fa-long-arrow-right\"><\/i><\/a><\/div>\n\t\t\t\t<\/div>\n\t\t\t<\/div>\n\t\t<\/div>\n\t\t\t\t\t<div class=\"col-md-3 col-xs-6 atgrid__item-wrap\">\n\t\t\t<div class=\"atgrid__item\">\n\t\t\t\t<div class=\"atgrid__item__top\">\n\t\t\t\t\t<a href=\"https:\/\/bestmayatours.com\/it\/tour\/private-yucatan-explore-6-days-5-nights\/\" class=\"atgrid__item__top__image\"><img loading=\"lazy\" decoding=\"async\" width=\"360\" height=\"240\" src=\"https:\/\/bestmayatours.com\/wp-content\/uploads\/2024\/06\/Private-Yucatan-Explore-Tour2-360x240.jpg\" class=\"attachment-thumb_tour_listing_small size-thumb_tour_listing_small wp-post-image\" alt=\"Private Yucatan Explore Tour\" srcset=\"https:\/\/bestmayatours.com\/wp-content\/uploads\/2024\/06\/Private-Yucatan-Explore-Tour2-360x240.jpg 360w, https:\/\/bestmayatours.com\/wp-content\/uploads\/2024\/06\/Private-Yucatan-Explore-Tour2-180x120.jpg 180w\" sizes=\"auto, (max-width: 360px) 100vw, 360px\" \/><\/a>\t\t\t\t\t\t\t\t\t\t\t\t\t\t\t\t\t\t\t<\/div>\n\t\t\t\t<div class=\"atgrid__item__content\">\n\t\t\t\t\t<h3 class=\"atgrid__item__title\"><a href=\"https:\/\/bestmayatours.com\/it\/tour\/private-yucatan-explore-6-days-5-nights\/\">Private Yucatan Explore 6 Days - 5 Nights<\/a><\/h3>\n\t\t\t\t\t\t\t\t\t<div class=\"atgrid__item__description\">Scopri la ricca cultura e la storia dello Yucatan con un tour privato. Visita siti iconici come Chichen Itza, Uxmal<\/div>\n\t\t\t\t\t\t\t\t<\/div>\n\t\t\t\t<div class=\"item-attributes\">\n\t\t\t\t\t\t\t\t\t\t<div class=\"item-attributes__item\"><a href=\"https:\/\/bestmayatours.com\/it\/tour\/private-yucatan-explore-6-days-5-nights\/\" class=\"item-attributes__link\"><i class=\"fa fa-long-arrow-right\"><\/i><\/a><\/div>\n\t\t\t\t<\/div>\n\t\t\t<\/div>\n\t\t<\/div>\n\t\t\t<div class=\"atgrid__row-separator clearfix visible-sm visible-xs\"><\/div>\t\t<div class=\"col-md-3 col-xs-6 atgrid__item-wrap\">\n\t\t\t<div class=\"atgrid__item\">\n\t\t\t\t<div class=\"atgrid__item__top\">\n\t\t\t\t\t<a href=\"https:\/\/bestmayatours.com\/it\/tour\/mayan-underworld-private-tour\/\" class=\"atgrid__item__top__image\"><img loading=\"lazy\" decoding=\"async\" width=\"360\" height=\"240\" src=\"https:\/\/bestmayatours.com\/wp-content\/uploads\/2015\/07\/cenote2-360x240.jpg\" class=\"attachment-thumb_tour_listing_small size-thumb_tour_listing_small wp-post-image\" alt=\"Best Scene of Mayan River\" srcset=\"https:\/\/bestmayatours.com\/wp-content\/uploads\/2015\/07\/cenote2-360x240.jpg 360w, https:\/\/bestmayatours.com\/wp-content\/uploads\/2015\/07\/cenote2-531x354.jpg 531w, https:\/\/bestmayatours.com\/wp-content\/uploads\/2015\/07\/cenote2-180x120.jpg 180w, https:\/\/bestmayatours.com\/wp-content\/uploads\/2015\/07\/cenote2-270x180.jpg 270w\" sizes=\"auto, (max-width: 360px) 100vw, 360px\" \/><\/a>\t\t\t\t\t<div class=\"atgrid__item__price\"><a href=\"https:\/\/bestmayatours.com\/it\/tour\/mayan-underworld-private-tour\/\" class=\"atgrid__item__price__button\"><span class=\"woocommerce-Price-amount amount\" aria-hidden=\"true\"><bdi><span class=\"woocommerce-Price-currencySymbol\">&#36;<\/span>0.00<\/bdi><\/span> <span aria-hidden=\"true\">-<\/span> <span class=\"woocommerce-Price-amount amount\" aria-hidden=\"true\"><bdi><span class=\"woocommerce-Price-currencySymbol\">&#36;<\/span>149.00<\/bdi><\/span><span class=\"screen-reader-text\">Fascia di prezzo: da &#36;0.00 a &#36;149.00<\/span><\/a><\/div>\t\t\t\t\t\t\t\t\t\t\t\t\t\t<\/div>\n\t\t\t\t<div class=\"atgrid__item__content\">\n\t\t\t\t\t<h3 class=\"atgrid__item__title\"><a href=\"https:\/\/bestmayatours.com\/it\/tour\/mayan-underworld-private-tour\/\">Mayan Underworld Private Tour<\/a><\/h3>\n\t\t\t\t\t\t\t\t\t<div class=\"atgrid__item__description\">This exciting tour takes you on a journey through some of the most breathtaking natural caves of the area with<\/div>\n\t\t\t\t\t\t\t\t<\/div>\n\t\t\t\t<div class=\"item-attributes\">\n\t\t\t\t\t\t\t\t\t\t<div class=\"item-attributes__item\"><a href=\"https:\/\/bestmayatours.com\/it\/tour\/mayan-underworld-private-tour\/\" class=\"item-attributes__link\"><i class=\"fa fa-long-arrow-right\"><\/i><\/a><\/div>\n\t\t\t\t<\/div>\n\t\t\t<\/div>\n\t\t<\/div>\n\t\t\t\t\t<div class=\"col-md-3 col-xs-6 atgrid__item-wrap\">\n\t\t\t<div class=\"atgrid__item\">\n\t\t\t\t<div class=\"atgrid__item__top\">\n\t\t\t\t\t<a href=\"https:\/\/bestmayatours.com\/it\/tour\/tour-privato-in-barca-di-bacalar-e-cenote-blu\/\" class=\"atgrid__item__top__image\"><img loading=\"lazy\" decoding=\"async\" width=\"360\" height=\"240\" src=\"https:\/\/bestmayatours.com\/wp-content\/uploads\/2023\/03\/San-Felipe-Fort-in-Bacalar-360x240.jpg\" class=\"attachment-thumb_tour_listing_small size-thumb_tour_listing_small wp-post-image\" alt=\"\" srcset=\"https:\/\/bestmayatours.com\/wp-content\/uploads\/2023\/03\/San-Felipe-Fort-in-Bacalar-360x240.jpg 360w, https:\/\/bestmayatours.com\/wp-content\/uploads\/2023\/03\/San-Felipe-Fort-in-Bacalar-531x354.jpg 531w, https:\/\/bestmayatours.com\/wp-content\/uploads\/2023\/03\/San-Felipe-Fort-in-Bacalar-180x120.jpg 180w, https:\/\/bestmayatours.com\/wp-content\/uploads\/2023\/03\/San-Felipe-Fort-in-Bacalar-600x400.jpg 600w, https:\/\/bestmayatours.com\/wp-content\/uploads\/2023\/03\/San-Felipe-Fort-in-Bacalar-150x100.jpg 150w, https:\/\/bestmayatours.com\/wp-content\/uploads\/2023\/03\/San-Felipe-Fort-in-Bacalar-768x512.jpg 768w, https:\/\/bestmayatours.com\/wp-content\/uploads\/2023\/03\/San-Felipe-Fort-in-Bacalar-135x90.jpg 135w, https:\/\/bestmayatours.com\/wp-content\/uploads\/2023\/03\/San-Felipe-Fort-in-Bacalar.jpg 800w\" sizes=\"auto, (max-width: 360px) 100vw, 360px\" \/><\/a>\t\t\t\t\t<div class=\"atgrid__item__price\"><a href=\"https:\/\/bestmayatours.com\/it\/tour\/tour-privato-in-barca-di-bacalar-e-cenote-blu\/\" class=\"atgrid__item__price__button\"><span class=\"woocommerce-Price-amount amount\" aria-hidden=\"true\"><bdi><span class=\"woocommerce-Price-currencySymbol\">&#36;<\/span>159.00<\/bdi><\/span> <span aria-hidden=\"true\">-<\/span> <span class=\"woocommerce-Price-amount amount\" aria-hidden=\"true\"><bdi><span class=\"woocommerce-Price-currencySymbol\">&#36;<\/span>199.00<\/bdi><\/span><span class=\"screen-reader-text\">Fascia di prezzo: da &#36;159.00 a &#36;199.00<\/span><\/a><\/div>\t\t\t\t\t\t\t\t\t\t\t\t\t\t<\/div>\n\t\t\t\t<div class=\"atgrid__item__content\">\n\t\t\t\t\t<h3 class=\"atgrid__item__title\"><a href=\"https:\/\/bestmayatours.com\/it\/tour\/tour-privato-in-barca-di-bacalar-e-cenote-blu\/\">Tour privato in barca di Bacalar e Cenote Blu<\/a><\/h3>\n\t\t\t\t\t\t\t\t\t<div class=\"atgrid__item__description\">Intraprendete un viaggio mozzafiato tra le meraviglie naturali di Bacalar con il nostro tour privato di un giorno intero in<\/div>\n\t\t\t\t\t\t\t\t<\/div>\n\t\t\t\t<div class=\"item-attributes\">\n\t\t\t\t\t\t\t\t\t\t<div class=\"item-attributes__item\"><a href=\"https:\/\/bestmayatours.com\/it\/tour\/tour-privato-in-barca-di-bacalar-e-cenote-blu\/\" class=\"item-attributes__link\"><i class=\"fa fa-long-arrow-right\"><\/i><\/a><\/div>\n\t\t\t\t<\/div>\n\t\t\t<\/div>\n\t\t<\/div>\n\t\t\t<\/div>\n<\/div>\n[\/vc_column][\/vc_row][vc_row][vc_column]<div class=\"title title--big title--underline title--decoration-bottom-left\">\n\t\t<h3 class=\"title__primary\">Domande frequenti<\/h3>\n<\/div>\n[\/vc_column][\/vc_row][vc_row][vc_column][vc_tta_accordion][vc_tta_section title=&#8221;Quanto costa Ek Balam?&#8221; tab_id=&#8221;1640167290896-a9a90144-8284&#8243;][vc_column_text]Per entrare in Ek Balam, dovrai pagare 413 pesos (circa $ 22 USD)\/persona.[\/vc_column_text][\/vc_tta_section][vc_tta_section title=&#8221;Dove si trova Ek Balam?&#8221; tab_id=&#8221;1640167290898-886115fd-858e&#8221;][\/vc_tta_section][\/vc_tta_accordion][\/vc_column][\/vc_row][vc_row][vc_column][vc_column_text]Ek\u02bc Balam \u00e8 un sito archeologico precolombiano appartenente alla civilt\u00e0 Maya della Mesoamerica precolombiana. Si trova nell&#8217;attuale comune di Temoz\u00f3n, nello stato dello Yucat\u00e1n, in Messico, e si trova a 25 chilometri (16 miglia) a nord di Valladolid e 56 chilometri (35 miglia) a nord-est di Chichen Itza.[\/vc_column_text][\/vc_column][\/vc_row]<\/p>\n<\/div>","protected":false},"excerpt":{"rendered":"<p><strong>Minimo 2 persone. Durata. Tutto il giorno. Pick up a Playa del Carmen e Tulum. (tour privato) <\/strong><\/p>\n<p>Scopri questa straordinaria biosfera dello Yucatan con questo viaggio ricco di avventura e cultura nella biosfera di Rio Lagartos e nei laghi rosa delle Coloradas. Una volta arrivati nella biosfera di Rio Lagartos, prendiamo una barca e vediamo le diverse specie di uccelli come aironi, aquile pescatrici, pellicani e, naturalmente, i fenicotteri.<\/p>\n","protected":false},"featured_media":2958,"comment_status":"open","ping_status":"closed","template":"","meta":[],"product_brand":[],"product_cat":[432,441,448,435],"product_tag":[454,452,453,451],"class_list":{"0":"post-3427","1":"product","2":"type-product","3":"status-publish","4":"has-post-thumbnail","6":"product_cat-archeologico","7":"product_cat-avventura","8":"product_cat-birdwatching-it","9":"product_cat-nuoto","10":"product_tag-bestmayatours-it","11":"product_tag-mexico-it","12":"product_tag-riolagartosflamingotour-it","13":"product_tag-yucatan-it","14":"tour_category-archeologico","15":"tour_category-boat-tour-it","17":"first","18":"instock","19":"shipping-taxable","20":"purchasable","21":"product-type-tour"},"tiered_pricing_type":"fixed","tiered_pricing_fixed_rules":[],"tiered_pricing_product_settings":{"layout":"default","base_unit_name":{"singular":null,"plural":null},"default_variation":null},"tiered_pricing_minimum_quantity":null,"tiered_pricing_roles_data":[],"tiered_pricing_percentage_rules":[],"_links":{"self":[{"href":"https:\/\/bestmayatours.com\/it\/wp-json\/wp\/v2\/product\/3427","targetHints":{"allow":["GET"]}}],"collection":[{"href":"https:\/\/bestmayatours.com\/it\/wp-json\/wp\/v2\/product"}],"about":[{"href":"https:\/\/bestmayatours.com\/it\/wp-json\/wp\/v2\/types\/product"}],"replies":[{"embeddable":true,"href":"https:\/\/bestmayatours.com\/it\/wp-json\/wp\/v2\/comments?post=3427"}],"wp:featuredmedia":[{"embeddable":true,"href":"https:\/\/bestmayatours.com\/it\/wp-json\/wp\/v2\/media\/2958"}],"wp:attachment":[{"href":"https:\/\/bestmayatours.com\/it\/wp-json\/wp\/v2\/media?parent=3427"}],"wp:term":[{"taxonomy":"product_brand","embeddable":true,"href":"https:\/\/bestmayatours.com\/it\/wp-json\/wp\/v2\/product_brand?post=3427"},{"taxonomy":"product_cat","embeddable":true,"href":"https:\/\/bestmayatours.com\/it\/wp-json\/wp\/v2\/product_cat?post=3427"},{"taxonomy":"product_tag","embeddable":true,"href":"https:\/\/bestmayatours.com\/it\/wp-json\/wp\/v2\/product_tag?post=3427"}],"curies":[{"name":"wp","href":"https:\/\/api.w.org\/{rel}","templated":true}]}}