{"id":3547,"date":"2018-06-15T10:45:26","date_gmt":"2018-06-15T15:45:26","guid":{"rendered":"http:\/\/bestmayatours.com\/product\/tour-guidato-privato-di-tulum-coba-e-cenote-di-unintera-giornata-con-pranzo\/"},"modified":"2026-01-28T18:37:43","modified_gmt":"2026-01-28T23:37:43","slug":"tour-guidato-privato-di-tulum-coba-e-cenote-di-unintera-giornata-con-pranzo","status":"publish","type":"product","link":"https:\/\/bestmayatours.com\/it\/tour\/tour-guidato-privato-di-tulum-coba-e-cenote-di-unintera-giornata-con-pranzo\/","title":{"rendered":"Private Tulum Coba Cenote Tour and Lunch"},"content":{"rendered":"<div class=\"wpb-content-wrapper\"><p>[vc_row][vc_column][vc_empty_space][vc_raw_html css=&#8221;.vc_custom_1762784225255{padding-right: 450px !important;padding-left: 400px !important;}&#8221;]PGEgaHJlZj0iaHR0cHM6Ly9ib29rLnBlZWsuY29tL3MvYTM2MjljZmUtYjU0OS00M2I5LWJjZmItNWUxM2ZlYjVmOWMzL1kyN05tIiBjbGFzcz0icGVlay1ib29rLWJ0bi1ncmVlbiBwZWVrLWJvb2stYnV0dG9uLWZsYXQgcGVlay1ib29rLWJ1dHRvbi1zaXplLWxnIiBkYXRhLWJ1dHRvbi10ZXh0PSJCb29rIE5vdyI+UHJpdmF0ZSBUdWx1bSBDb2JhIENlbm90ZSBUb3VyIGFuZCBMdW5jaDwvYT48c3R5bGU+I3NwaW5uYWtlci1tb2RhbC5hY3RpdmUgI3NwaW5uYWtlci1tb2RhbC1vdmVybGF5LCAuc3Bpbm5ha2VyLW1vZGFsLmFjdGl2ZSAjc3Bpbm5ha2VyLW1vZGFsLW92ZXJsYXkgewogICAgYmFja2dyb3VuZDogcmdiYSgwLDAsMCwwLjUpICFpbXBvcnRhbnQ7Cn0KPC9zdHlsZT4=[\/vc_raw_html][vc_empty_space][vc_empty_space][\/vc_column][\/vc_row][vc_row][vc_column][vc_column_text]<\/p>\n<h1>Private Tulum Coba Cenote Tour Tulum Coba Cenote Tour and Lunch<\/h1>\n<h2>Explore the Ancient Ruins of Tulum and Coba with a Private Guide<\/h2>\n<h3>Customize Your Itinerary and Schedule to Fit Your Preferences<br \/>\n(<strong>We use tiered pricing for all our tours<\/strong>)<\/h3>\n<p>[\/vc_column_text][\/vc_column][\/vc_row][vc_row][vc_column][vc_column_text]<\/p>\n<figure id=\"attachment_2481\" aria-describedby=\"caption-attachment-2481\" style=\"width: 300px\" class=\"wp-caption alignleft\"><img loading=\"lazy\" decoding=\"async\" class=\"wp-image-6 size-medium\" title=\"Mayan Ruins Tulum Mexico\" src=\"https:\/\/bestmayatours.com\/wp-content\/uploads\/2016\/05\/Mayan_Ruins_Tulum_Mexico.jpg\" alt=\"Private Tulum Coba Cenote Tour and Lunch\" width=\"300\" height=\"225\" srcset=\"https:\/\/bestmayatours.com\/wp-content\/uploads\/2016\/05\/Mayan_Ruins_Tulum_Mexico.jpg 1600w, https:\/\/bestmayatours.com\/wp-content\/uploads\/2016\/05\/Mayan_Ruins_Tulum_Mexico-600x450.jpg 600w, https:\/\/bestmayatours.com\/wp-content\/uploads\/2016\/05\/Mayan_Ruins_Tulum_Mexico-320x240.jpg 320w, https:\/\/bestmayatours.com\/wp-content\/uploads\/2016\/05\/Mayan_Ruins_Tulum_Mexico-1024x768.jpg 1024w, https:\/\/bestmayatours.com\/wp-content\/uploads\/2016\/05\/Mayan_Ruins_Tulum_Mexico-150x113.jpg 150w, https:\/\/bestmayatours.com\/wp-content\/uploads\/2016\/05\/Mayan_Ruins_Tulum_Mexico-768x576.jpg 768w, https:\/\/bestmayatours.com\/wp-content\/uploads\/2016\/05\/Mayan_Ruins_Tulum_Mexico-1536x1152.jpg 1536w, https:\/\/bestmayatours.com\/wp-content\/uploads\/2016\/05\/Mayan_Ruins_Tulum_Mexico-120x90.jpg 120w\" sizes=\"auto, (max-width: 300px) 100vw, 300px\" \/><figcaption id=\"caption-attachment-2481\" class=\"wp-caption-text\">Private Tulum Coba Cenote Tour and Lunch<\/figcaption><\/figure>\n<p align=\"justify\">Private Tulum Coba Cenote Tour and Lunch discover the rich Mayan past.<\/p>\n<p align=\"justify\">Visita due dei siti archeologici Maya pi\u00f9 emblematici, Tulum &#8220;City of Dawn&#8221; situata su una scogliera sul Mar dei Caraibi e Coba &#8220;Place of Turbulent Waters&#8221; nascosta nella foresta pluviale.<\/p>\n<p align=\"justify\">Concluderai quindi il tour visitando e rilassandoti in un meraviglioso cenote e gustando un delizioso pranzo con vista sul lago.<\/p>\n<p>(I prelievi da Puerto Morelos a Cancun hanno un costo di trasporto di $ 40 USD per gruppo)<\/p>\n<p align=\"justify\">Coba private tour &#8211; Best Maya Tours invites you to embark on a captivating journey through the Yucatan Peninsula with our Private Tulum Coba Cenote Tour and Lunch. Experience the essence of <a title=\"Yucatan highlights\" href=\"http:\/\/bestmayatours.com\/tours\/private-yucatan-highlights-tour\/\" target=\"_blank\" rel=\"noopener\"><strong>Yucatan highlights<\/strong><\/a> as you explore the remarkable Mayan city of Coba, with its towering pyramids and intricate architecture. Plunge into the crystal-clear waters of a cenote, discovering the enchantment of these natural sinkholes on our Tulum Coba Tour. Immerse yourself in the allure of Tulum Cenote Tour and relish a delectable lunch amidst the beauty of this ancient land. Don&#8217;t miss the opportunity to explore Tulum Boat Tours, offering a unique perspective of this captivating region.<br \/>\nWe also offer:<br \/>\ntulum and coba tours from playa del carmen<br \/>\ntulum ruins cenote tour<br \/>\ntulum, coba, cenote: full-day tour<br \/>\ntulum cenote turtles<\/p>\n<p><!--more--><\/p>\n<p>&nbsp;<\/p>\n<table class=\"table table-bordered tours-tabs__table\">\n<tbody>\n<tr>\n<td><\/td>\n<td><\/td>\n<\/tr>\n<tr>\n<td><strong>ORARIO DI PARTENZA<\/strong><\/td>\n<td>Prelievo dal tuo hotel tra le 8:00 e le 8:30 per una pronta partenza.<\/td>\n<\/tr>\n<tr>\n<td><strong>TEMPO DI RITORNO<\/strong><\/td>\n<td>Circa 15:00 &#8211; 16:00. (Playa del Carmen e Riviera Maya)<\/td>\n<\/tr>\n<tr>\n<td><strong>WEAR<\/strong><\/td>\n<td>Abbigliamento casual leggero e comodo, scarpe da tennis, infradito o sandali per attivit\u00e0 acquatiche, cappello, occhiali da sole, crema solare (preferibilmente biodegradabile) e repellente per insetti (preferibilmente biodegradabile). Anche il costume da bagno \u00e8 altamente raccomandato per il cenote.<\/td>\n<\/tr>\n<tr>\n<td><strong>INCLUSO<\/strong><\/td>\n<td>\n<table class=\"table table-bordered\">\n<tbody>\n<tr>\n<td><i class=\"fa fa-check icon-tick icon-tick--on\"><\/i>Guida professionale ai Best Maya Tours<\/td>\n<td><\/td>\n<\/tr>\n<tr>\n<td><i class=\"fa fa-check icon-tick icon-tick--on\"><\/i>Trasporto in un furgone climatizzato e confortevole.\n<p><i class=\"fa fa-check icon-tick icon-tick--on\"><\/i>Tutti i biglietti d&#8217;ingresso<\/p>\n<p><i class=\"fa fa-check icon-tick icon-tick--on\"><\/i>Visita guidata dei siti archeologici di Tulum e Coba<\/p>\n<p><i class=\"fa fa-check icon-tick icon-tick--on\"><\/i>Biciclette a Coba<\/p>\n<p><i class=\"fa fa-check icon-tick icon-tick--on\"><\/i>Attrezzatura da snorkeling e giubbotti di salvataggio<\/p>\n<p><i class=\"fa fa-check icon-tick icon-tick--on\"><\/i>Pasto a Buffet<\/p>\n<p><i class=\"fa fa-check icon-tick icon-tick--on\"><\/i>Snacks &amp; Water<\/p><\/td>\n<td>&nbsp;\n<p>&nbsp;<\/p>\n<p>&nbsp;<\/p><\/td>\n<\/tr>\n<\/tbody>\n<\/table>\n<\/td>\n<\/tr>\n<tr>\n<td><b>NOT INCLUDED<\/b><\/td>\n<td>\n<table class=\"table table-bordered\">\n<tbody>\n<tr>\n<td><i class=\"fa fa-times icon-tick icon-tick--off\"><\/i>Biodegradable sunscreen\n<table class=\"table table-bordered\" style=\"width: 82.0828%;\">\n<tbody>\n<tr>\n<td style=\"width: 100%;\"><i class=\"fa fa-times icon-tick icon-tick--off\"><\/i>Repellente per insetti<\/td>\n<\/tr>\n<tr>\n<td style=\"width: 100%;\"><i class=\"fa fa-times icon-tick icon-tick--off\"><\/i>Suggerimenti per le guide<\/td>\n<\/tr>\n<\/tbody>\n<\/table>\n<\/td>\n<\/tr>\n<tr>\n<td><\/td>\n<\/tr>\n<\/tbody>\n<\/table>\n<\/td>\n<\/tr>\n<\/tbody>\n<\/table>\n<p>Altri consigli: vi consigliamo di portare qualsiasi cosa per proteggervi dal sole, come occhiali da sole, cappelli, vestiti leggeri.<\/p>\n<p>Non dimenticare di portare anche la tua fotocamera per scattare foto di questi panorami e momenti indimenticabili!<\/p>\n<p>Nota: non ci sono sportelli bancomat in quest&#8217;area e molti venditori non accettano carte di credito. Per le tue spese personali, assicurati di portare abbastanza denaro contante.<\/p>\n<p>Anche le guide, gli autisti e i camerieri apprezzano sempre i suggerimenti per il loro eccellente servizio ed \u00e8 anche grazie a loro che lascerai con ottimi ricordi![\/vc_column_text][\/vc_column][\/vc_row][vc_row][vc_column]<div class=\"title title--big title--underline title--decoration-bottom-left\">\n\t\t<h3 class=\"title__primary\">Domande frequenti<\/h3>\n<\/div>\n[\/vc_column][\/vc_row][vc_row][vc_column][vc_tta_accordion][vc_tta_section title=&#8221;Quanto costa andare ai cenotes in Messico?&#8221; tab_id=&#8221;1640162516090-e23f9ec6-f630&#8243;][vc_column_text]Facilmente raggiungibile da una strada sterrata a circa 9 km a nord di Tulum, il biglietto d&#8217;ingresso \u00e8 di 150 pesos (compreso un giubbotto di salvataggio, armadietti disponibili per 50 pesos).[\/vc_column_text][\/vc_tta_section][vc_tta_section title=&#8221;Cosa puoi fare in un Cenote?&#8221; tab_id=&#8221;1640162516091-e1662a98-030c&#8221;][vc_column_text]Nuotare in un cenote \u00e8 ora un incontro fenomenale, ma ci sono pi\u00f9 esercizi che puoi apprezzare, come kayak, zip-line, rappel o immersioni notturne.[\/vc_column_text][\/vc_tta_section][\/vc_tta_accordion][\/vc_column][\/vc_row][vc_row][vc_column][vc_empty_space][vc_raw_html css=&#8221;.vc_custom_1762784225255{padding-right: 450px !important;padding-left: 400px !important;}&#8221;]PGEgaHJlZj0iaHR0cHM6Ly9ib29rLnBlZWsuY29tL3MvYTM2MjljZmUtYjU0OS00M2I5LWJjZmItNWUxM2ZlYjVmOWMzL1kyN05tIiBjbGFzcz0icGVlay1ib29rLWJ0bi1ncmVlbiBwZWVrLWJvb2stYnV0dG9uLWZsYXQgcGVlay1ib29rLWJ1dHRvbi1zaXplLWxnIiBkYXRhLWJ1dHRvbi10ZXh0PSJCb29rIE5vdyI+UHJpdmF0ZSBUdWx1bSBDb2JhIENlbm90ZSBUb3VyIGFuZCBMdW5jaDwvYT48c3R5bGU+I3NwaW5uYWtlci1tb2RhbC5hY3RpdmUgI3NwaW5uYWtlci1tb2RhbC1vdmVybGF5LCAuc3Bpbm5ha2VyLW1vZGFsLmFjdGl2ZSAjc3Bpbm5ha2VyLW1vZGFsLW92ZXJsYXkgewogICAgYmFja2dyb3VuZDogcmdiYSgwLDAsMCwwLjUpICFpbXBvcnRhbnQ7Cn0KPC9zdHlsZT4=[\/vc_raw_html][vc_empty_space][\/vc_column][\/vc_row]<\/p>\n<\/div>","protected":false},"excerpt":{"rendered":"<p>Visita due dei siti pi\u00f9 incredibili in giro&#8230; da Tulum a Coba Cenotes esploriamo prima lo spettacolare sito Maya di Tulum o la citt\u00e0 di Zama di Dawn. Adagiato su una scogliera in riva al mare \u00e8 uno dei gioielli dei Caraibi, quindi ci dirigiamo verso Coba o &#8220;Co Ha&#8221; &#8220;luogo delle acque turbolente&#8221; situato nella foresta pluviale tropicale prendiamo alcune biciclette o limousine Maya e visitiamo questo 100% tradizionale sito Maya. Concludiamo il tour con la visita di un bellissimo cenote e un delizioso pranzo (opzione vegetariana) con vista sul lago<\/p>\n","protected":false},"featured_media":2856,"comment_status":"open","ping_status":"closed","template":"","meta":[],"product_brand":[],"product_cat":[432,441,448,642,435],"product_tag":[],"class_list":{"0":"post-3547","1":"product","2":"type-product","3":"status-publish","4":"has-post-thumbnail","6":"product_cat-archeologico","7":"product_cat-avventura","8":"product_cat-birdwatching-it","9":"product_cat-in-bicicletta","10":"product_cat-nuoto","12":"first","13":"instock","14":"shipping-taxable","15":"purchasable","16":"product-type-tour"},"tiered_pricing_type":"fixed","tiered_pricing_fixed_rules":[],"tiered_pricing_product_settings":{"layout":"default","base_unit_name":{"singular":null,"plural":null},"default_variation":null},"tiered_pricing_minimum_quantity":null,"tiered_pricing_roles_data":[],"tiered_pricing_percentage_rules":[],"_links":{"self":[{"href":"https:\/\/bestmayatours.com\/it\/wp-json\/wp\/v2\/product\/3547","targetHints":{"allow":["GET"]}}],"collection":[{"href":"https:\/\/bestmayatours.com\/it\/wp-json\/wp\/v2\/product"}],"about":[{"href":"https:\/\/bestmayatours.com\/it\/wp-json\/wp\/v2\/types\/product"}],"replies":[{"embeddable":true,"href":"https:\/\/bestmayatours.com\/it\/wp-json\/wp\/v2\/comments?post=3547"}],"wp:featuredmedia":[{"embeddable":true,"href":"https:\/\/bestmayatours.com\/it\/wp-json\/wp\/v2\/media\/2856"}],"wp:attachment":[{"href":"https:\/\/bestmayatours.com\/it\/wp-json\/wp\/v2\/media?parent=3547"}],"wp:term":[{"taxonomy":"product_brand","embeddable":true,"href":"https:\/\/bestmayatours.com\/it\/wp-json\/wp\/v2\/product_brand?post=3547"},{"taxonomy":"product_cat","embeddable":true,"href":"https:\/\/bestmayatours.com\/it\/wp-json\/wp\/v2\/product_cat?post=3547"},{"taxonomy":"product_tag","embeddable":true,"href":"https:\/\/bestmayatours.com\/it\/wp-json\/wp\/v2\/product_tag?post=3547"}],"curies":[{"name":"wp","href":"https:\/\/api.w.org\/{rel}","templated":true}]}}