{"id":3584,"date":"2015-07-13T16:23:00","date_gmt":"2015-07-13T21:23:00","guid":{"rendered":"http:\/\/bestmayatours.com\/product\/giro-in-barca-privato-attraverso-le-rovine-di-tulum-e-tortugas\/"},"modified":"2025-05-24T20:19:43","modified_gmt":"2025-05-25T01:19:43","slug":"giro-in-barca-privato-attraverso-le-rovine-di-tulum-e-tortugas","status":"publish","type":"product","link":"https:\/\/bestmayatours.com\/it\/tour\/giro-in-barca-privato-attraverso-le-rovine-di-tulum-e-tortugas\/","title":{"rendered":"Giro in barca privato attraverso le rovine di Tulum e Tortugas"},"content":{"rendered":"<div class=\"wpb-content-wrapper\"><p>[vc_row][vc_column][vc_column_text]<span style=\"color: #003366;\"><strong>Tour delle tartarughe di Tulum (tour privato)<\/strong><\/span><\/p>\n<p>Vieni a scoprire l&#8217;antico sito archeologico Maya di Tulum, &#8220;Zama&#8221; o la Citt\u00e0 dell&#8217;Alba. Quindi fai snorkeling nella barriera corallina mesoamericana per ammirare le tartarughe marine e termina il tuo tour indimenticabile gustando un pasto a buffet in un ristorante di pesce a Tulum.<br \/>\n<!--more--><br \/>\n<br \/>&nbsp;<br \/>(i pick up da Puerto Morelos a Cancun hanno un costo di trasporto di $ 40 USD per gruppo)<br \/>\n&nbsp;<\/p>\n<table class=\"table table-bordered tours-tabs__table\" style=\"width: 99.7821%; height: 685px;\">\n<tbody>\n<tr style=\"height: 28px;\">\n<td style=\"height: 28px; width: 12.058%;\"><\/td>\n<td style=\"height: 28px; width: 87.0705%;\"><\/td>\n<\/tr>\n<tr style=\"height: 48px;\">\n<td style=\"height: 48px; width: 12.058%;\"><strong>ORARIO DI PARTENZA<\/strong><\/td>\n<td style=\"height: 48px; width: 87.0705%;\">Prelievo dal tuo hotel intorno alle 8:00 per una pronta partenza.<\/td>\n<\/tr>\n<tr style=\"height: 48px;\">\n<td style=\"height: 48px; width: 12.058%;\"><strong>TEMPO DI RITORNO<\/strong><\/td>\n<td style=\"height: 48px; width: 87.0705%;\">Circa 15:00 &#8211; 16:00 (Playa del Carmen e Riviera Maya)<\/td>\n<\/tr>\n<tr style=\"height: 72px;\">\n<td style=\"height: 72px; width: 12.058%;\"><strong>CAPI DI ABBIGLIAMENTO<\/strong><\/td>\n<td style=\"height: 72px; width: 87.0705%;\">Abbigliamento casual leggero e comodo, scarpe da tennis, infradito o sandali per attivit\u00e0 acquatiche, cappello, occhiali da sole, crema solare (preferibilmente biodegradabile) e repellente per insetti (preferibilmente biodegradabile). Anche il costume da bagno \u00e8 altamente raccomandato.<\/td>\n<\/tr>\n<tr style=\"height: 352px;\">\n<td style=\"height: 257px; width: 12.058%;\"><strong>INCLUSO<\/strong><\/td>\n<td style=\"height: 257px; width: 87.0705%;\">\n<table class=\"table table-bordered\" style=\"width: 69.1197%; height: 261px;\">\n<tbody>\n<tr style=\"height: 24px;\">\n<td style=\"height: 24px;\">[\/vc_column_text][\/vc_column][\/vc_row]<i class=\"fa fa-check icon-tick icon-tick--on\"><\/i>[vc_row][vc_column][vc_column_text]Guida professionale ai Best Maya Tours<\/td>\n<td style=\"height: 24px;\"><\/td>\n<\/tr>\n<tr style=\"height: 237px;\">\n<td style=\"height: 237px;\">[\/vc_column_text][\/vc_column][\/vc_row]<i class=\"fa fa-check icon-tick icon-tick--on\"><\/i>[vc_row][vc_column][vc_column_text]Transportation in an air-conditioned and comfortable van\n<p>[\/vc_column_text][\/vc_column][\/vc_row]<i class=\"fa fa-check icon-tick icon-tick--on\"><\/i>[vc_row][vc_column][vc_column_text]Tutti i biglietti d&#8217;ingresso<\/p>\n<p>[\/vc_column_text][\/vc_column][\/vc_row]<i class=\"fa fa-check icon-tick icon-tick--on\"><\/i>[vc_row][vc_column][vc_column_text] Visita guidata del sito archeologico di Tulum<\/p>\n<p>[\/vc_column_text][\/vc_column][\/vc_row]<i class=\"fa fa-check icon-tick icon-tick--on\"><\/i>[vc_row][vc_column][vc_column_text]Attrezzatura da snorkeling e giubbotti di salvataggio.<\/p>\n<p>[\/vc_column_text][\/vc_column][\/vc_row]<i class=\"fa fa-check icon-tick icon-tick--on\"><\/i>[vc_row][vc_column][vc_column_text]Pasto a Buffet<\/p>\n<p>[\/vc_column_text][\/vc_column][\/vc_row]<i class=\"fa fa-check icon-tick icon-tick--on\"><\/i>[vc_row][vc_column][vc_column_text]Snacks &amp; Water<\/p><\/td>\n<td style=\"height: 237px;\">&nbsp;\n<p>&nbsp;<\/p><\/td>\n<\/tr>\n<\/tbody>\n<\/table>\n<\/td>\n<\/tr>\n<tr style=\"height: 232px;\">\n<td style=\"height: 232px; width: 12.058%;\"><b>NOT INCLUDED<\/b><\/td>\n<td style=\"height: 232px; width: 87.0705%;\">\n<table class=\"table table-bordered\">\n<tbody>\n<tr>\n<td>[\/vc_column_text][\/vc_column][\/vc_row]<i class=\"fa fa-times icon-tick icon-tick--off\"><\/i>[vc_row][vc_column][vc_column_text]Biodegradable sunscreen\n<table class=\"table table-bordered\">\n<tbody>\n<tr>\n<td>[\/vc_column_text][\/vc_column][\/vc_row]<i class=\"fa fa-times icon-tick icon-tick--off\"><\/i>[vc_row][vc_column][vc_column_text]Repellente per insetti<\/td>\n<\/tr>\n<tr>\n<td>[\/vc_column_text][\/vc_column][\/vc_row]<i class=\"fa fa-times icon-tick icon-tick--off\"><\/i>[vc_row][vc_column][vc_column_text]Suggerimenti per le guide<\/td>\n<\/tr>\n<\/tbody>\n<\/table>\n<\/td>\n<\/tr>\n<tr>\n<td><\/td>\n<\/tr>\n<\/tbody>\n<\/table>\n<\/td>\n<\/tr>\n<\/tbody>\n<\/table>\n<p>Altri consigli: vi consigliamo di portare qualsiasi cosa per proteggervi dal sole, come occhiali da sole, cappelli, vestiti leggeri.<\/p>\n<p>Don&#8217;t forget to also bring your camera to catch pictures of these unforgettable views and moments !<\/p>\n<p>Nota: non ci sono sportelli bancomat in quest&#8217;area e molti venditori non accettano carte di credito. Per le tue spese personali, assicurati di portare abbastanza denaro contante.<\/p>\n<p>Anche le guide, gli autisti e i camerieri apprezzano sempre i suggerimenti per il loro eccellente servizio ed \u00e8 anche grazie a loro che lascerai con ottimi ricordi!<\/p>\n<p>[\/vc_column_text][\/vc_column][\/vc_row][vc_row][vc_column]<div class=\"title title--big title--underline title--decoration-bottom-left\">\n\t\t<h3 class=\"title__primary\">Domande frequenti<\/h3>\n<\/div>\n[\/vc_column][\/vc_row][vc_row][vc_column][vc_tta_accordion][vc_tta_section title=&#8221;Quali sono i luoghi migliori per tour in barca e sport acquatici a Tulum?&#8221; tab_id=&#8221;1640162979933-7fd58aa4-7f1f&#8221;][vc_column_text]Queste localit\u00e0 (Delphinus Xel-H\u00e1, Mexico Kan Tours, Infinity 2 Diving, La Calypso Dive Center e Adventure Tour Center) sono convenienti per gite in barca e sport acquatici a Tulum.[\/vc_column_text][\/vc_tta_section][vc_tta_section title=&#8221;\u00c8 consentito fumare?&#8221; tab_id=&#8221;1640162979934-74574400-e680&#8243;][vc_column_text]\u00c8 consentito fumare all&#8217;esterno sulla terrazza. Non \u00e8 consentito fumare all&#8217;interno o nelle cabine.[\/vc_column_text][\/vc_tta_section][\/vc_tta_accordion][\/vc_column][\/vc_row]<\/p>\n<\/div>","protected":false},"excerpt":{"rendered":"<p>Tulum Turtles and Reef Tour esplora l&#8217;antico sito Maya di Tulum o la citt\u00e0 di Zama di Dawn e fai snorkeling nella barriera corallina mesoamericana la seconda pi\u00f9 grande del mondo. Mangia al ristorante di pesce a Tulum pueblo<\/p>\n","protected":false},"featured_media":2763,"comment_status":"open","ping_status":"closed","template":"","meta":[],"product_brand":[],"product_cat":[432,441,444,435],"product_tag":[],"class_list":{"0":"post-3584","1":"product","2":"type-product","3":"status-publish","4":"has-post-thumbnail","6":"product_cat-archeologico","7":"product_cat-avventura","8":"product_cat-cenote","9":"product_cat-nuoto","10":"tour_category-archeologico","11":"tour_category-snorkeling-it","13":"first","14":"instock","15":"sale","16":"shipping-taxable","17":"purchasable","18":"product-type-tour","19":"has-default-attributes"},"tiered_pricing_type":"fixed","tiered_pricing_fixed_rules":[],"tiered_pricing_product_settings":{"layout":"default","base_unit_name":{"singular":null,"plural":null},"default_variation":null},"tiered_pricing_minimum_quantity":null,"tiered_pricing_roles_data":[],"tiered_pricing_percentage_rules":[],"_links":{"self":[{"href":"https:\/\/bestmayatours.com\/it\/wp-json\/wp\/v2\/product\/3584","targetHints":{"allow":["GET"]}}],"collection":[{"href":"https:\/\/bestmayatours.com\/it\/wp-json\/wp\/v2\/product"}],"about":[{"href":"https:\/\/bestmayatours.com\/it\/wp-json\/wp\/v2\/types\/product"}],"replies":[{"embeddable":true,"href":"https:\/\/bestmayatours.com\/it\/wp-json\/wp\/v2\/comments?post=3584"}],"wp:featuredmedia":[{"embeddable":true,"href":"https:\/\/bestmayatours.com\/it\/wp-json\/wp\/v2\/media\/2763"}],"wp:attachment":[{"href":"https:\/\/bestmayatours.com\/it\/wp-json\/wp\/v2\/media?parent=3584"}],"wp:term":[{"taxonomy":"product_brand","embeddable":true,"href":"https:\/\/bestmayatours.com\/it\/wp-json\/wp\/v2\/product_brand?post=3584"},{"taxonomy":"product_cat","embeddable":true,"href":"https:\/\/bestmayatours.com\/it\/wp-json\/wp\/v2\/product_cat?post=3584"},{"taxonomy":"product_tag","embeddable":true,"href":"https:\/\/bestmayatours.com\/it\/wp-json\/wp\/v2\/product_tag?post=3584"}],"curies":[{"name":"wp","href":"https:\/\/api.w.org\/{rel}","templated":true}]}}