{"id":3610,"date":"2015-07-06T15:50:31","date_gmt":"2015-07-06T20:50:31","guid":{"rendered":"http:\/\/bestmayatours.com\/product\/tour-guidato-privato-di-chichen-itza-di-unintera-giornata-con-pranzo\/"},"modified":"2025-09-06T21:45:36","modified_gmt":"2025-09-07T02:45:36","slug":"tour-guidato-privato-di-chichen-itza-di-unintera-giornata-con-pranzo","status":"publish","type":"product","link":"https:\/\/bestmayatours.com\/it\/tour\/tour-guidato-privato-di-chichen-itza-di-unintera-giornata-con-pranzo\/","title":{"rendered":"Tour guidato privato di Chichen Itza di un&#8217;intera giornata con pranzo"},"content":{"rendered":"<div class=\"wpb-content-wrapper\"><p>[vc_row][vc_column][vc_column_text]<\/p>\n<h1>Tour privato di Chich\u00e9n Itz\u00e1<\/h1>\n<h2><\/h2>\n<p>Prenota il tuo viaggio indimenticabile a Chichen Itza, una delle Nuove Meraviglie del Mondo e scopri le propriet\u00e0 Archeoastronomiche uniche dell&#8217;antico sito Maya. Durante questa giornata imparerai la filosofia Maya, l&#8217;impatto della religione nella vita quotidiana Maya, compresi i diversi rituali religiosi e i sacrifici umani che i Maya erano soliti eseguire. Scoprirai anche di pi\u00f9 sull&#8217;importanza geopolitica di questa grande citt\u00e0 e molte altre cose.<\/p>\n<p>Quindi potrai goderti il pranzo e rilassarti in un cenote vicino alla piramide prima di dirigerti verso la citt\u00e0 coloniale di Valladolid per una visita guidata prima di tornare al tuo hotel.<\/p>\n<p>(I prelievi da Puerto Morelos a Cancun hanno un costo di trasporto di $ 40 USD per gruppo)<\/p>\n<p><!--more--><\/p>\n<table class=\"table table-bordered tours-tabs__table\">\n<tbody>\n<tr>\n<td><\/td>\n<td><\/td>\n<\/tr>\n<tr>\n<td><strong>ORARIO DI PARTENZA<\/strong><\/td>\n<td>Prelievo dal tuo hotel intorno alle 8:00 per una pronta partenza per evitare la folla<\/td>\n<\/tr>\n<tr>\n<td><strong>TEMPO DI RITORNO<\/strong><\/td>\n<td>Circa 17:30 &#8211; 18:00. (Playa del Carmen e Riviera Maya)<\/td>\n<\/tr>\n<tr>\n<td><strong>WEAR<\/strong><\/td>\n<td>Abbigliamento casual leggero e comodo, scarpe da tennis, infradito o sandali per attivit\u00e0 acquatiche, cappello, occhiali da sole, crema solare (preferibilmente biodegradabile) e repellente per insetti (preferibilmente biodegradabile). Anche il costume da bagno \u00e8 altamente raccomandato.<\/td>\n<\/tr>\n<tr>\n<td><strong>INCLUSO<\/strong><\/td>\n<td>\n<table class=\"table table-bordered\" style=\"width: 100%; height: 241px;\">\n<tbody>\n<tr style=\"height: 120px;\">\n<td style=\"height: 120px;\"><i class=\"fa fa-check icon-tick icon-tick--on\"><\/i>Guida professionale ai Best Maya Tours\n<p><i class=\"fa fa-check icon-tick icon-tick--on\"><\/i>Transportation in an air-conditioned and comfortable van<\/p><\/td>\n<td style=\"height: 120px;\"><\/td>\n<\/tr>\n<tr style=\"height: 121px;\">\n<td style=\"height: 121px;\"><i class=\"fa fa-check icon-tick icon-tick--on\"><\/i>Tutti i biglietti d&#8217;ingresso\n<p><i class=\"fa fa-check icon-tick icon-tick--on\"><\/i>Pasto a buffet : Cochinita Pibil, pollo Pibil, riso, pur\u00e8 di patate, insalate, fagioli, bevande (disponibile anche l&#8217;opzione vegetariana)<\/p>\n<p><i class=\"fa fa-check icon-tick icon-tick--on\"><\/i>Snacks &amp; Water<\/p><\/td>\n<td style=\"height: 121px;\"><\/td>\n<\/tr>\n<\/tbody>\n<\/table>\n<\/td>\n<\/tr>\n<tr>\n<td><b>NOT INCLUDED<\/b><\/td>\n<td>\n<table class=\"table table-bordered\">\n<tbody>\n<tr>\n<td><i class=\"fa fa-times icon-tick icon-tick--off\"><\/i> Crema solare biodegradabile\n<table class=\"table table-bordered\">\n<tbody>\n<tr>\n<td><i class=\"fa fa-times icon-tick icon-tick--off\"><\/i>Repellente per insetti<\/td>\n<\/tr>\n<tr>\n<td><i class=\"fa fa-times icon-tick icon-tick--off\"><\/i>Suggerimenti per guide e camerieri<\/td>\n<\/tr>\n<\/tbody>\n<\/table>\n<\/td>\n<\/tr>\n<tr>\n<td><\/td>\n<\/tr>\n<\/tbody>\n<\/table>\n<\/td>\n<\/tr>\n<\/tbody>\n<\/table>\n<p>Altri consigli: vi consigliamo di portare qualsiasi cosa per proteggervi dal sole, come occhiali da sole, cappelli, vestiti leggeri.<\/p>\n<p>Non dimenticare di portare anche la tua fotocamera per scattare foto di questi panorami e momenti indimenticabili!<\/p>\n<p>Nota: non ci sono sportelli bancomat in quest&#8217;area e molti venditori non accettano carte di credito. Per le tue spese personali, assicurati di portare abbastanza denaro contante.<\/p>\n<p>Anche le guide, gli autisti e i camerieri apprezzano sempre i suggerimenti per il loro eccellente servizio ed \u00e8 anche grazie a loro che lascerai con ottimi ricordi![\/vc_column_text][\/vc_column][\/vc_row][vc_row][vc_column]\n<div class=\"atgrid atgrid--small\">\n\t<div class=\"title title--big title--center title--underline title--decoration-bottom-center\">\n\t\t<h3 class=\"title__primary\">Potresti anche essere interessato a questi tour<\/h3>\n<\/div>\n\t<div class=\"row atgrid__row\">\n\t\t\t\t\t<div class=\"col-md-3 col-xs-6 atgrid__item-wrap\">\n\t\t\t<div class=\"atgrid__item\">\n\t\t\t\t<div class=\"atgrid__item__top\">\n\t\t\t\t\t<a href=\"https:\/\/bestmayatours.com\/it\/tour\/spedizione-privata-nello-yucatan-8-giorni-7-notti\/\" class=\"atgrid__item__top__image\"><img loading=\"lazy\" decoding=\"async\" width=\"360\" height=\"240\" src=\"https:\/\/bestmayatours.com\/wp-content\/uploads\/2025\/08\/chiapas-yucatan-360x240.jpg\" class=\"attachment-thumb_tour_listing_small size-thumb_tour_listing_small wp-post-image\" alt=\"\" srcset=\"https:\/\/bestmayatours.com\/wp-content\/uploads\/2025\/08\/chiapas-yucatan-360x240.jpg 360w, https:\/\/bestmayatours.com\/wp-content\/uploads\/2025\/08\/chiapas-yucatan-150x100.jpg 150w, https:\/\/bestmayatours.com\/wp-content\/uploads\/2025\/08\/chiapas-yucatan-531x354.jpg 531w, https:\/\/bestmayatours.com\/wp-content\/uploads\/2025\/08\/chiapas-yucatan-180x120.jpg 180w, https:\/\/bestmayatours.com\/wp-content\/uploads\/2025\/08\/chiapas-yucatan-135x90.jpg 135w, https:\/\/bestmayatours.com\/wp-content\/uploads\/2025\/08\/chiapas-yucatan.jpg 600w\" sizes=\"auto, (max-width: 360px) 100vw, 360px\" \/><\/a>\t\t\t\t\t<div class=\"atgrid__item__price\"><a href=\"https:\/\/bestmayatours.com\/it\/tour\/spedizione-privata-nello-yucatan-8-giorni-7-notti\/\" class=\"atgrid__item__price__button\"><span class=\"woocommerce-Price-amount amount\" aria-hidden=\"true\"><bdi><span class=\"woocommerce-Price-currencySymbol\">&#36;<\/span>800.00<\/bdi><\/span> <span aria-hidden=\"true\">-<\/span> <span class=\"woocommerce-Price-amount amount\" aria-hidden=\"true\"><bdi><span class=\"woocommerce-Price-currencySymbol\">&#36;<\/span>2,879.00<\/bdi><\/span><span class=\"screen-reader-text\">Fascia di prezzo: da &#36;800.00 a &#36;2,879.00<\/span><\/a><\/div>\t\t\t\t\t\t\t\t\t\t\t\t\t\t<\/div>\n\t\t\t\t<div class=\"atgrid__item__content\">\n\t\t\t\t\t<h3 class=\"atgrid__item__title\"><a href=\"https:\/\/bestmayatours.com\/it\/tour\/spedizione-privata-nello-yucatan-8-giorni-7-notti\/\">Spedizione privata nello Yucatan 8 giorni - 7 notti<\/a><\/h3>\n\t\t\t\t\t\t\t\t\t<div class=\"atgrid__item__description\">La spedizione privata nello Yucatan di Best Maya Tours \u00e8 un'avventura esclusiva che vi porta in viaggio nel cuore della<\/div>\n\t\t\t\t\t\t\t\t<\/div>\n\t\t\t\t<div class=\"item-attributes\">\n\t\t\t\t\t\t\t\t\t\t<div class=\"item-attributes__item\"><a href=\"https:\/\/bestmayatours.com\/it\/tour\/spedizione-privata-nello-yucatan-8-giorni-7-notti\/\" class=\"item-attributes__link\"><i class=\"fa fa-long-arrow-right\"><\/i><\/a><\/div>\n\t\t\t\t<\/div>\n\t\t\t<\/div>\n\t\t<\/div>\n\t\t\t\t\t<div class=\"col-md-3 col-xs-6 atgrid__item-wrap\">\n\t\t\t<div class=\"atgrid__item\">\n\t\t\t\t<div class=\"atgrid__item__top\">\n\t\t\t\t\t<a href=\"https:\/\/bestmayatours.com\/it\/tour\/private-yucatan-explore-6-days-5-nights\/\" class=\"atgrid__item__top__image\"><img loading=\"lazy\" decoding=\"async\" width=\"360\" height=\"240\" src=\"https:\/\/bestmayatours.com\/wp-content\/uploads\/2024\/06\/Private-Yucatan-Explore-Tour2-360x240.jpg\" class=\"attachment-thumb_tour_listing_small size-thumb_tour_listing_small wp-post-image\" alt=\"Private Yucatan Explore Tour\" srcset=\"https:\/\/bestmayatours.com\/wp-content\/uploads\/2024\/06\/Private-Yucatan-Explore-Tour2-360x240.jpg 360w, https:\/\/bestmayatours.com\/wp-content\/uploads\/2024\/06\/Private-Yucatan-Explore-Tour2-180x120.jpg 180w\" sizes=\"auto, (max-width: 360px) 100vw, 360px\" \/><\/a>\t\t\t\t\t\t\t\t\t\t\t\t\t\t\t\t\t\t\t<\/div>\n\t\t\t\t<div class=\"atgrid__item__content\">\n\t\t\t\t\t<h3 class=\"atgrid__item__title\"><a href=\"https:\/\/bestmayatours.com\/it\/tour\/private-yucatan-explore-6-days-5-nights\/\">Private Yucatan Explore 6 Days - 5 Nights<\/a><\/h3>\n\t\t\t\t\t\t\t\t\t<div class=\"atgrid__item__description\">Scopri la ricca cultura e la storia dello Yucatan con un tour privato. Visita siti iconici come Chichen Itza, Uxmal<\/div>\n\t\t\t\t\t\t\t\t<\/div>\n\t\t\t\t<div class=\"item-attributes\">\n\t\t\t\t\t\t\t\t\t\t<div class=\"item-attributes__item\"><a href=\"https:\/\/bestmayatours.com\/it\/tour\/private-yucatan-explore-6-days-5-nights\/\" class=\"item-attributes__link\"><i class=\"fa fa-long-arrow-right\"><\/i><\/a><\/div>\n\t\t\t\t<\/div>\n\t\t\t<\/div>\n\t\t<\/div>\n\t\t\t<div class=\"atgrid__row-separator clearfix visible-sm visible-xs\"><\/div>\t\t<div class=\"col-md-3 col-xs-6 atgrid__item-wrap\">\n\t\t\t<div class=\"atgrid__item\">\n\t\t\t\t<div class=\"atgrid__item__top\">\n\t\t\t\t\t<a href=\"https:\/\/bestmayatours.com\/it\/tour\/mayan-underworld-private-tour\/\" class=\"atgrid__item__top__image\"><img loading=\"lazy\" decoding=\"async\" width=\"360\" height=\"240\" src=\"https:\/\/bestmayatours.com\/wp-content\/uploads\/2015\/07\/cenote2-360x240.jpg\" class=\"attachment-thumb_tour_listing_small size-thumb_tour_listing_small wp-post-image\" alt=\"Best Scene of Mayan River\" srcset=\"https:\/\/bestmayatours.com\/wp-content\/uploads\/2015\/07\/cenote2-360x240.jpg 360w, https:\/\/bestmayatours.com\/wp-content\/uploads\/2015\/07\/cenote2-531x354.jpg 531w, https:\/\/bestmayatours.com\/wp-content\/uploads\/2015\/07\/cenote2-180x120.jpg 180w, https:\/\/bestmayatours.com\/wp-content\/uploads\/2015\/07\/cenote2-270x180.jpg 270w\" sizes=\"auto, (max-width: 360px) 100vw, 360px\" \/><\/a>\t\t\t\t\t<div class=\"atgrid__item__price\"><a href=\"https:\/\/bestmayatours.com\/it\/tour\/mayan-underworld-private-tour\/\" class=\"atgrid__item__price__button\"><span class=\"woocommerce-Price-amount amount\" aria-hidden=\"true\"><bdi><span class=\"woocommerce-Price-currencySymbol\">&#36;<\/span>0.00<\/bdi><\/span> <span aria-hidden=\"true\">-<\/span> <span class=\"woocommerce-Price-amount amount\" aria-hidden=\"true\"><bdi><span class=\"woocommerce-Price-currencySymbol\">&#36;<\/span>149.00<\/bdi><\/span><span class=\"screen-reader-text\">Fascia di prezzo: da &#36;0.00 a &#36;149.00<\/span><\/a><\/div>\t\t\t\t\t\t\t\t\t\t\t\t\t\t<\/div>\n\t\t\t\t<div class=\"atgrid__item__content\">\n\t\t\t\t\t<h3 class=\"atgrid__item__title\"><a href=\"https:\/\/bestmayatours.com\/it\/tour\/mayan-underworld-private-tour\/\">Mayan Underworld Private Tour<\/a><\/h3>\n\t\t\t\t\t\t\t\t\t<div class=\"atgrid__item__description\">This exciting tour takes you on a journey through some of the most breathtaking natural caves of the area with<\/div>\n\t\t\t\t\t\t\t\t<\/div>\n\t\t\t\t<div class=\"item-attributes\">\n\t\t\t\t\t\t\t\t\t\t<div class=\"item-attributes__item\"><a href=\"https:\/\/bestmayatours.com\/it\/tour\/mayan-underworld-private-tour\/\" class=\"item-attributes__link\"><i class=\"fa fa-long-arrow-right\"><\/i><\/a><\/div>\n\t\t\t\t<\/div>\n\t\t\t<\/div>\n\t\t<\/div>\n\t\t\t\t\t<div class=\"col-md-3 col-xs-6 atgrid__item-wrap\">\n\t\t\t<div class=\"atgrid__item\">\n\t\t\t\t<div class=\"atgrid__item__top\">\n\t\t\t\t\t<a href=\"https:\/\/bestmayatours.com\/it\/tour\/tour-privato-in-barca-di-bacalar-e-cenote-blu\/\" class=\"atgrid__item__top__image\"><img loading=\"lazy\" decoding=\"async\" width=\"360\" height=\"240\" src=\"https:\/\/bestmayatours.com\/wp-content\/uploads\/2023\/03\/San-Felipe-Fort-in-Bacalar-360x240.jpg\" class=\"attachment-thumb_tour_listing_small size-thumb_tour_listing_small wp-post-image\" alt=\"\" srcset=\"https:\/\/bestmayatours.com\/wp-content\/uploads\/2023\/03\/San-Felipe-Fort-in-Bacalar-360x240.jpg 360w, https:\/\/bestmayatours.com\/wp-content\/uploads\/2023\/03\/San-Felipe-Fort-in-Bacalar-531x354.jpg 531w, https:\/\/bestmayatours.com\/wp-content\/uploads\/2023\/03\/San-Felipe-Fort-in-Bacalar-180x120.jpg 180w, https:\/\/bestmayatours.com\/wp-content\/uploads\/2023\/03\/San-Felipe-Fort-in-Bacalar-600x400.jpg 600w, https:\/\/bestmayatours.com\/wp-content\/uploads\/2023\/03\/San-Felipe-Fort-in-Bacalar-150x100.jpg 150w, https:\/\/bestmayatours.com\/wp-content\/uploads\/2023\/03\/San-Felipe-Fort-in-Bacalar-768x512.jpg 768w, https:\/\/bestmayatours.com\/wp-content\/uploads\/2023\/03\/San-Felipe-Fort-in-Bacalar-135x90.jpg 135w, https:\/\/bestmayatours.com\/wp-content\/uploads\/2023\/03\/San-Felipe-Fort-in-Bacalar.jpg 800w\" sizes=\"auto, (max-width: 360px) 100vw, 360px\" \/><\/a>\t\t\t\t\t<div class=\"atgrid__item__price\"><a href=\"https:\/\/bestmayatours.com\/it\/tour\/tour-privato-in-barca-di-bacalar-e-cenote-blu\/\" class=\"atgrid__item__price__button\"><span class=\"woocommerce-Price-amount amount\" aria-hidden=\"true\"><bdi><span class=\"woocommerce-Price-currencySymbol\">&#36;<\/span>159.00<\/bdi><\/span> <span aria-hidden=\"true\">-<\/span> <span class=\"woocommerce-Price-amount amount\" aria-hidden=\"true\"><bdi><span class=\"woocommerce-Price-currencySymbol\">&#36;<\/span>199.00<\/bdi><\/span><span class=\"screen-reader-text\">Fascia di prezzo: da &#36;159.00 a &#36;199.00<\/span><\/a><\/div>\t\t\t\t\t\t\t\t\t\t\t\t\t\t<\/div>\n\t\t\t\t<div class=\"atgrid__item__content\">\n\t\t\t\t\t<h3 class=\"atgrid__item__title\"><a href=\"https:\/\/bestmayatours.com\/it\/tour\/tour-privato-in-barca-di-bacalar-e-cenote-blu\/\">Tour privato in barca di Bacalar e Cenote Blu<\/a><\/h3>\n\t\t\t\t\t\t\t\t\t<div class=\"atgrid__item__description\">Intraprendete un viaggio mozzafiato tra le meraviglie naturali di Bacalar con il nostro tour privato di un giorno intero in<\/div>\n\t\t\t\t\t\t\t\t<\/div>\n\t\t\t\t<div class=\"item-attributes\">\n\t\t\t\t\t\t\t\t\t\t<div class=\"item-attributes__item\"><a href=\"https:\/\/bestmayatours.com\/it\/tour\/tour-privato-in-barca-di-bacalar-e-cenote-blu\/\" class=\"item-attributes__link\"><i class=\"fa fa-long-arrow-right\"><\/i><\/a><\/div>\n\t\t\t\t<\/div>\n\t\t\t<\/div>\n\t\t<\/div>\n\t\t\t<\/div>\n<\/div>\n[\/vc_column][\/vc_row][vc_row][vc_column]<div class=\"title title--big title--underline title--decoration-bottom-left\">\n\t\t<h3 class=\"title__primary\">Domande frequenti<\/h3>\n<\/div>\n[\/vc_column][\/vc_row][vc_row][vc_column][vc_tta_accordion][vc_tta_section title=&#8221;Cosa devo indossare per il tour di Chichen Itza?&#8221; tab_id=&#8221;1640159346952-26a59861-120c&#8221;][vc_column_text]\u00c8 meglio indossare abiti comodi e freschi. Pantaloncini e magliette vanno bene, ma non dovrebbero essere troppo larghi o succinti. Suggerirei buone scarpe da passeggio (non infradito o sandali) per proteggere i tuoi piedi. Le scarpe da tennis vanno bene.[\/vc_column_text][\/vc_tta_section][vc_tta_section title=&#8221;Quale pietra veniva usata a Chichen Itza?&#8221; tab_id=&#8221;1640159346991-680132c9-97c5&#8243;][vc_column_text]L&#8217;acquisizione e l&#8217;applicazione della giadeite a Chich\u00e9n Itz\u00e1 \u00e8 indicativa dell&#8217;accesso che la citt\u00e0-stato aveva lungo le sue rotte commerciali.[\/vc_column_text][\/vc_tta_section][\/vc_tta_accordion][\/vc_column][\/vc_row]<\/p>\n<\/div>","protected":false},"excerpt":{"rendered":"<p>Nel tour Marvel of the World di Chichen Itza Visita Chichen Itza, una delle nuove meraviglie del mondo e scopri le propriet\u00e0 Archeo-astronomiche uniche dell&#8217;antico sito di Chichen Itza. Scopri la filosofia e le tradizioni Maya dell&#8217;epoca, comprese le loro giustificazioni per il diverso tipo di sacrificio umano praticato durante questo periodo. Come la religione ha influenzato ogni aspetto della vita quotidiana di Maya. Scopri anche l&#8217;importanza geopolitica di questa grande citt\u00e0 e molte altre cose.<\/p>\n","protected":false},"featured_media":2838,"comment_status":"open","ping_status":"closed","template":"","meta":[],"product_brand":[],"product_cat":[432,444],"product_tag":[],"class_list":{"0":"post-3610","1":"product","2":"type-product","3":"status-publish","4":"has-post-thumbnail","6":"product_cat-archeologico","7":"product_cat-cenote","8":"tour_category-archeologico","9":"tour_category-nuoto","11":"first","12":"instock","13":"sale","14":"shipping-taxable","15":"purchasable","16":"product-type-tour"},"tiered_pricing_type":"fixed","tiered_pricing_fixed_rules":[],"tiered_pricing_product_settings":{"layout":"default","base_unit_name":{"singular":null,"plural":null},"default_variation":null},"tiered_pricing_minimum_quantity":null,"tiered_pricing_roles_data":[],"tiered_pricing_percentage_rules":[],"_links":{"self":[{"href":"https:\/\/bestmayatours.com\/it\/wp-json\/wp\/v2\/product\/3610","targetHints":{"allow":["GET"]}}],"collection":[{"href":"https:\/\/bestmayatours.com\/it\/wp-json\/wp\/v2\/product"}],"about":[{"href":"https:\/\/bestmayatours.com\/it\/wp-json\/wp\/v2\/types\/product"}],"replies":[{"embeddable":true,"href":"https:\/\/bestmayatours.com\/it\/wp-json\/wp\/v2\/comments?post=3610"}],"wp:featuredmedia":[{"embeddable":true,"href":"https:\/\/bestmayatours.com\/it\/wp-json\/wp\/v2\/media\/2838"}],"wp:attachment":[{"href":"https:\/\/bestmayatours.com\/it\/wp-json\/wp\/v2\/media?parent=3610"}],"wp:term":[{"taxonomy":"product_brand","embeddable":true,"href":"https:\/\/bestmayatours.com\/it\/wp-json\/wp\/v2\/product_brand?post=3610"},{"taxonomy":"product_cat","embeddable":true,"href":"https:\/\/bestmayatours.com\/it\/wp-json\/wp\/v2\/product_cat?post=3610"},{"taxonomy":"product_tag","embeddable":true,"href":"https:\/\/bestmayatours.com\/it\/wp-json\/wp\/v2\/product_tag?post=3610"}],"curies":[{"name":"wp","href":"https:\/\/api.w.org\/{rel}","templated":true}]}}