{"id":3621,"date":"2015-07-12T10:34:07","date_gmt":"2015-07-12T15:34:07","guid":{"rendered":"http:\/\/bestmayatours.com\/product\/tour-privato-della-biosfera-di-sian-kaan\/"},"modified":"2025-05-03T21:42:29","modified_gmt":"2025-05-04T02:42:29","slug":"tour-privato-della-biosfera-di-sian-kaan","status":"publish","type":"product","link":"https:\/\/bestmayatours.com\/it\/tour\/tour-privato-della-biosfera-di-sian-kaan\/","title":{"rendered":"Tour privato della biosfera di Sian Ka&#8217;an"},"content":{"rendered":"<div class=\"wpb-content-wrapper\"><p>[vc_row][vc_column][vc_column_text]<strong>Tour privato dei delfini di Sian Kaan<br \/>\n(Prezzi per tour di gruppo e privati disponibili su richiesta)<\/strong><\/p>\n<p>Approfitta di un tour di un&#8217;intera giornata per esplorare la biosfera di Sian Ka&#8217;an, sede di migliaia di specie di flora e fauna e designata Riserva della Biosfera nel 1986. Un anno dopo, Sian Ka&#8217;an \u00e8 stata dichiarata Patrimonio dell&#8217;Umanit\u00e0 dall&#8217;UNESCO ed \u00e8 ancora oggi la pi\u00f9 grande area protetta dei <a title=\"La bella Q. Roo\" href=\"https:\/\/www.youtube.com\/watch?v=yBSjzfIgCSM\" target=\"_blank\" rel=\"noopener noreferrer\">Caraibi messicani<\/a> . Grazie a questo tour, vivrai un&#8217;avventura indimenticabile e scoprirai i delfini nel loro ambiente naturale e habitat.<\/p>\n<p><!--more--><\/p>\n<table class=\"table table-bordered tours-tabs__table\">\n<tbody>\n<tr>\n<td><\/td>\n<td><\/td>\n<\/tr>\n<tr>\n<td><strong>ORARIO DI PARTENZA<\/strong><\/td>\n<td>Prelievo dal tuo hotel intorno alle 7:30 per una pronta partenza.<\/td>\n<\/tr>\n<tr>\n<td><strong>TEMPO DI RITORNO<\/strong><\/td>\n<td>Circa 15:30 &#8211; 16:30. (Playa del Carmen e Riviera Maya)<\/td>\n<\/tr>\n<tr>\n<td><strong>WEAR<\/strong><\/td>\n<td>Abbigliamento casual leggero e comodo, scarpe da tennis, infradito o sandali per attivit\u00e0 acquatiche, cappello, occhiali da sole, crema solare (preferibilmente biodegradabile) e repellente per insetti (preferibilmente biodegradabile). Anche il costume da bagno \u00e8 altamente raccomandato.<\/td>\n<\/tr>\n<tr>\n<td><strong>INCLUSO<\/strong><\/td>\n<td>\n<table class=\"table table-bordered\">\n<tbody>\n<tr>\n<td><\/td>\n<td><\/td>\n<\/tr>\n<tr>\n<td><i class=\"fa fa-check icon-tick icon-tick--on\"><\/i>La migliore guida professionale di Maya Tours\n<p><i class=\"fa fa-check icon-tick icon-tick--on\"><\/i>Trasporto in un comodo furgone climatizzato.<\/p>\n<p><i class=\"fa fa-check icon-tick icon-tick--on\"><\/i>Tutti i biglietti d&#8217;ingresso.<\/p>\n<p><i class=\"fa fa-check icon-tick icon-tick--on\"><\/i>Giubbotti di salvataggio<\/p>\n<p><i class=\"fa fa-check icon-tick icon-tick--on\"><\/i>Pasto a buffet: pesce locale, fajitas di pollo. riso, pur\u00e8 di patate, insalate, bevande.<\/p>\n<p>(opzione vegetariana disponibile)<\/p>\n<p><i class=\"fa fa-check icon-tick icon-tick--on\"><\/i>Snacks &amp; Water<\/p><\/td>\n<td><\/td>\n<\/tr>\n<\/tbody>\n<\/table>\n<\/td>\n<\/tr>\n<tr>\n<td><b>NOT INCLUDED<\/b><\/td>\n<td>\n<table class=\"table table-bordered\">\n<tbody>\n<tr>\n<td><i class=\"fa fa-times icon-tick icon-tick--off\"><\/i> Non schermato biodegradabile\n<table class=\"table table-bordered\" style=\"width: 100%;\">\n<tbody>\n<tr>\n<td style=\"width: 100%;\"><i class=\"fa fa-times icon-tick icon-tick--off\"><\/i>Repellente per insetti<\/td>\n<\/tr>\n<tr>\n<td style=\"width: 100%;\"><i class=\"fa fa-times icon-tick icon-tick--off\"><\/i>Suggerimenti per le guide<\/td>\n<\/tr>\n<\/tbody>\n<\/table>\n<\/td>\n<\/tr>\n<tr>\n<td><\/td>\n<\/tr>\n<\/tbody>\n<\/table>\n<\/td>\n<\/tr>\n<\/tbody>\n<\/table>\n<p>Altri consigli: vi consigliamo di portare qualsiasi cosa per proteggervi dal sole, come occhiali da sole, cappelli, vestiti leggeri.<\/p>\n<p>Non dimenticare di portare anche la tua fotocamera per scattare foto di questi panorami e momenti indimenticabili!<\/p>\n<p>Nota: non ci sono sportelli bancomat in quest&#8217;area e molti venditori non accettano carte di credito. Per le tue spese personali, assicurati di portare abbastanza denaro contante.<\/p>\n<p>Anche le guide, gli autisti e i camerieri apprezzano sempre i suggerimenti per il loro eccellente servizio ed \u00e8 anche grazie a loro che lascerai con ottimi ricordi![\/vc_column_text][\/vc_column][\/vc_row][vc_row][vc_column]<div class=\"title title--big title--underline title--decoration-bottom-left\">\n\t\t<h3 class=\"title__primary\">Domande frequenti<\/h3>\n<\/div>\n[\/vc_column][\/vc_row][vc_row][vc_column][vc_tta_accordion][vc_tta_section title=&#8221;Qual \u00e8 il modo pi\u00f9 economico per andare da M\u00e9rida a Riserva della biosfera di Sian Ka&#8217;an?&#8221; tab_id=&#8221;1640167088535-74a6e2fc-f161&#8243;][vc_column_text]Il modo pi\u00f9 economico per arrivare da M\u00e9rida a Riserva della biosfera di Sian Ka&#8217;an \u00e8 in bus via Peto, un viaggio che costa $300 &#8211; $420 e impiega 5h 52min.[\/vc_column_text][\/vc_tta_section][vc_tta_section title=&#8221;Quanto costano i tour di Sian Kaan?&#8221; tab_id=&#8221;1640167088536-3b5cc311-fb88&#8243;][vc_column_text]Il viaggio fai-da-te a Sian Ka&#8217;an, le rovine di Muyil, la passerella, il giro in barca e il galleggiante e l&#8217;autobus da\/per Tulum costa $ 1.163 pesos a persona.[\/vc_column_text][\/vc_tta_section][\/vc_tta_accordion][\/vc_column][\/vc_row]<\/p>\n<\/div>","protected":false},"excerpt":{"rendered":"<p><strong>Minimo 2 persone. Durata: giornata intera. <\/strong><br \/>\nDelfino Sian Kaan.<br \/>\nSian Ka&#8217;an ospita migliaia di specie di flora e fauna, motivo per cui la regione \u00e8 diventata Riserva della Biosfera designata nel 1986.<\/p>\n","protected":false},"featured_media":3938,"comment_status":"open","ping_status":"closed","template":"","meta":[],"product_brand":[],"product_cat":[441,448,435],"product_tag":[],"class_list":{"0":"post-3621","1":"product","2":"type-product","3":"status-publish","4":"has-post-thumbnail","6":"product_cat-avventura","7":"product_cat-birdwatching-it","8":"product_cat-nuoto","9":"tour_category-archeologico","10":"tour_category-boat-tour-it","12":"first","13":"instock","14":"shipping-taxable","15":"purchasable","16":"product-type-tour"},"tiered_pricing_type":"fixed","tiered_pricing_fixed_rules":[],"tiered_pricing_product_settings":{"layout":"default","base_unit_name":{"singular":null,"plural":null},"default_variation":null},"tiered_pricing_minimum_quantity":null,"tiered_pricing_roles_data":[],"tiered_pricing_percentage_rules":[],"_links":{"self":[{"href":"https:\/\/bestmayatours.com\/it\/wp-json\/wp\/v2\/product\/3621","targetHints":{"allow":["GET"]}}],"collection":[{"href":"https:\/\/bestmayatours.com\/it\/wp-json\/wp\/v2\/product"}],"about":[{"href":"https:\/\/bestmayatours.com\/it\/wp-json\/wp\/v2\/types\/product"}],"replies":[{"embeddable":true,"href":"https:\/\/bestmayatours.com\/it\/wp-json\/wp\/v2\/comments?post=3621"}],"wp:featuredmedia":[{"embeddable":true,"href":"https:\/\/bestmayatours.com\/it\/wp-json\/wp\/v2\/media\/3938"}],"wp:attachment":[{"href":"https:\/\/bestmayatours.com\/it\/wp-json\/wp\/v2\/media?parent=3621"}],"wp:term":[{"taxonomy":"product_brand","embeddable":true,"href":"https:\/\/bestmayatours.com\/it\/wp-json\/wp\/v2\/product_brand?post=3621"},{"taxonomy":"product_cat","embeddable":true,"href":"https:\/\/bestmayatours.com\/it\/wp-json\/wp\/v2\/product_cat?post=3621"},{"taxonomy":"product_tag","embeddable":true,"href":"https:\/\/bestmayatours.com\/it\/wp-json\/wp\/v2\/product_tag?post=3621"}],"curies":[{"name":"wp","href":"https:\/\/api.w.org\/{rel}","templated":true}]}}