{"id":4042,"date":"2022-07-08T12:02:06","date_gmt":"2022-07-08T17:02:06","guid":{"rendered":"http:\/\/bestmayatours.com\/?post_type=product&#038;p=4042"},"modified":"2025-05-03T21:42:29","modified_gmt":"2025-05-04T02:42:29","slug":"coba-punta-laguna-e-santuario-delle-scimmie","status":"publish","type":"product","link":"https:\/\/bestmayatours.com\/it\/tour\/coba-punta-laguna-e-santuario-delle-scimmie\/","title":{"rendered":"Coba, Punta Laguna e Santuario delle scimmie"},"content":{"rendered":"<div class=\"wpb-content-wrapper\"><figure id=\"attachment_2589\" aria-describedby=\"caption-attachment-2589\" style=\"width: 300px\" class=\"wp-caption alignleft\"><img loading=\"lazy\" decoding=\"async\" class=\"wp-image-2589 size-medium\" title=\"cenote di coba\" src=\"http:\/\/bestmayatours.com\/wp-content\/uploads\/2015\/07\/coba-cenote-300x300.jpg\" alt=\"Coba, Punta Laguna e Santuario delle scimmie \" width=\"300\" height=\"300\" \/><figcaption id=\"caption-attachment-2589\" class=\"wp-caption-text\">Coba, Punta Laguna e Santuario delle scimmie<\/figcaption><\/figure>\n<h1>Coba, Punta Laguna e Santuario delle scimmie<\/h1>\n<p>Parti per un viaggio indimenticabile attraverso la foresta pluviale tropicale e visita Punta Laguna e la sua riserva delle scimmie, goditi una manciata di attivit\u00e0 diverse come osservare gli uccelli, andare in canoa, nuotare in un cenote, scoprire le tradizioni Maya, volare con la zipline e concludere la giornata esplorare il fantastico sito archeologico di Coba, o &#8220;Citt\u00e0 dell&#8217;acqua turbolenta&#8221;, uno dei pi\u00f9 grandi centri urbani Maya antichi.<\/p>\n<p><!--more--><\/p>\n<p><strong>Punta Laguna<\/strong> \u00e8 un piccolo villaggio e comunit\u00e0 dove vivono oggi 120 individui, che compongono 30 famiglie. Questo luogo \u00e8 un ottimo esempio di come una comunit\u00e0 possa dedicarsi a uno stile di vita sostenibile nel pieno rispetto dell&#8217;ambiente e della volont\u00e0 di proteggere il proprio patrimonio naturale e culturale.<\/p>\n<p>(i pick up da Puerto Morelos a Cancun hanno un costo di trasporto di $ 40 USD per gruppo)<\/p>\n<table class=\"table table-bordered tours-tabs__table\" style=\"width: 97.4659%;\">\n<tbody>\n<tr>\n<td style=\"width: 18.4063%;\"><\/td>\n<td style=\"width: 80.9203%;\"><\/td>\n<\/tr>\n<tr>\n<td style=\"width: 18.4063%;\"><strong>ORARIO DI PARTENZA<\/strong><\/td>\n<td style=\"width: 80.9203%;\">Prelievo dal tuo hotel intorno alle 7:30-8:00 per una pronta partenza.<\/td>\n<\/tr>\n<tr>\n<td style=\"width: 18.4063%;\"><strong>TEMPO DI RITORNO<\/strong><\/td>\n<td style=\"width: 80.9203%;\">Circa 17:30 &#8211; 18:00. (Playa del Carmen e Riviera Maya)<\/td>\n<\/tr>\n<tr>\n<td style=\"width: 18.4063%;\"><strong>WEAR<\/strong><\/td>\n<td style=\"width: 80.9203%;\">Abbigliamento casual leggero e comodo, scarpe da tennis, infradito o sandali per attivit\u00e0 acquatiche, cappello, occhiali da sole, crema solare (preferibilmente biodegradabile) e repellente per insetti (preferibilmente biodegradabile). Anche il costume da bagno \u00e8 altamente raccomandato.<\/td>\n<\/tr>\n<tr>\n<td style=\"width: 18.4063%;\"><\/td>\n<td style=\"width: 80.9203%;\">\n<table class=\"table table-bordered\">\n<tbody>\n<tr>\n<td><\/td>\n<\/tr>\n<\/tbody>\n<\/table>\n<\/td>\n<\/tr>\n<\/tbody>\n<\/table>\n<p><strong>INCLUSO<\/strong><\/p>\n<p><i class=\"fa fa-check icon-tick icon-tick--on\"><\/i>[vc_row][vc_column][vc_column_text]La migliore guida professionale di Maya Tours.<\/p>\n<p>[\/vc_column_text][\/vc_column][\/vc_row]<i class=\"fa fa-check icon-tick icon-tick--on\"><\/i>[vc_row][vc_column][vc_column_text]Trasporto in un comodo furgone climatizzato.<\/p>\n<p>[\/vc_column_text][\/vc_column][\/vc_row]<i class=\"fa fa-check icon-tick icon-tick--on\"><\/i>[vc_row][vc_column][vc_column_text]Tutti i biglietti d&#8217;ingresso.<\/p>\n<p>[\/vc_column_text][\/vc_column][\/vc_row]<i class=\"fa fa-check icon-tick icon-tick--on\"><\/i>[vc_row][vc_column][vc_column_text]Pasto a buffet (opzione vegetariana disponibile).<\/p>\n<p>[\/vc_column_text][\/vc_column][\/vc_row]<i class=\"fa fa-check icon-tick icon-tick--on\"><\/i>[vc_row][vc_column][vc_column_text]Snacks &amp; Water<\/p>\n<p>&nbsp;<\/p>\n<table class=\"table table-bordered\">\n<tbody>\n<tr>\n<td><b>NON COMPRESO<\/b> :[\/vc_column_text][\/vc_column][\/vc_row]<i class=\"fa fa-times icon-tick icon-tick--off\"><\/i>[vc_row][vc_column][vc_column_text]Biodegradable sunscreen\n<table class=\"table table-bordered\">\n<tbody>\n<tr>\n<td>[\/vc_column_text][\/vc_column][\/vc_row]<i class=\"fa fa-times icon-tick icon-tick--off\"><\/i>[vc_row][vc_column][vc_column_text]Repellente per insetti<\/td>\n<\/tr>\n<tr>\n<td>[\/vc_column_text][\/vc_column][\/vc_row]<i class=\"fa fa-times icon-tick icon-tick--off\"><\/i>[vc_row][vc_column][vc_column_text]Suggerimenti per guide e camerieri<\/td>\n<\/tr>\n<\/tbody>\n<\/table>\n<\/td>\n<\/tr>\n<tr>\n<td><\/td>\n<\/tr>\n<\/tbody>\n<\/table>\n<p>&nbsp;<\/p>\n<p>Altri consigli: vi consigliamo di portare qualsiasi cosa per proteggervi dal sole, come occhiali da sole, cappelli, vestiti leggeri.<\/p>\n<p>Non dimenticare di portare anche la tua fotocamera per scattare foto di questi panorami e momenti indimenticabili!<\/p>\n<p>Nota: non ci sono sportelli bancomat in quest&#8217;area e molti venditori non accettano carte di credito. Per le tue spese personali, assicurati di portare abbastanza denaro contante.<\/p>\n<p>Anche le guide, gli autisti e i camerieri apprezzano sempre i suggerimenti per il loro eccellente servizio ed \u00e8 anche grazie a loro che lascerai con ottimi ricordi!<\/p>\n<p>[\/vc_column_text][\/vc_column][\/vc_row][vc_row][vc_column]<div class=\"title title--big title--underline title--decoration-bottom-left\">\n\t\t<h3 class=\"title__primary\">Domande frequenti<\/h3>\n<\/div>\n[\/vc_column][\/vc_row][vc_row][vc_column][vc_tta_accordion][vc_tta_section title=&#8221;Devo prenotare i biglietti per la Riserva Naturale di Punta Laguna in anticipo?&#8221; tab_id=&#8221;1640166943154-a50d0840-d868&#8243;][vc_column_text]Ti consigliamo di prenotare il tuo posto in anticipo per garantirti un posto nella Riserva Naturale di Punta Laguna.[\/vc_column_text][\/vc_tta_section][\/vc_tta_accordion][\/vc_column][\/vc_row]<\/p>\n<\/div>","protected":false},"excerpt":{"rendered":"<p>Nel Coba Monkey Tour visitiamo i templi di uno dei siti archeologici pi\u00f9 impressionanti dei Maya. La citt\u00e0 di Cob\u00e1, che in Maya significa &#8220;Acqua turbolenta&#8221;, \u00e8 uno dei pi\u00f9 grandi centri urbani maya antichi ed \u00e8 circondata da foreste pluviali e laghi. Puoi passeggiare sotto gli alberi ad alto fusto e osservare uccelli esotici e altri animali che li abitano; per i pi\u00f9 avventurosi, scopri l&#8217;incredibile e pi\u00f9 alta piramide nella penisola Maya Nohuch Mul, che significa &#8220;grande tumulo o costruzione&#8221; e come ricompensa ottieni una vista mozzafiato sulla foresta pluviale tropicale.<\/p>\n","protected":false},"featured_media":4062,"comment_status":"open","ping_status":"closed","template":"","meta":[],"product_brand":[],"product_cat":[441,490,435],"product_tag":[],"class_list":{"0":"post-4042","1":"product","2":"type-product","3":"status-publish","4":"has-post-thumbnail","6":"product_cat-avventura","7":"product_cat-canoa","8":"product_cat-nuoto","9":"tour_category-birdwatching-it","10":"tour_category-boat-tour-it","11":"tour_category-cenote","13":"first","14":"instock","15":"sale","16":"shipping-taxable","17":"purchasable","18":"product-type-tour"},"tiered_pricing_type":"fixed","tiered_pricing_fixed_rules":[],"tiered_pricing_product_settings":{"layout":"default","base_unit_name":{"singular":null,"plural":null},"default_variation":null},"tiered_pricing_minimum_quantity":null,"tiered_pricing_roles_data":[],"tiered_pricing_percentage_rules":[],"_links":{"self":[{"href":"https:\/\/bestmayatours.com\/it\/wp-json\/wp\/v2\/product\/4042","targetHints":{"allow":["GET"]}}],"collection":[{"href":"https:\/\/bestmayatours.com\/it\/wp-json\/wp\/v2\/product"}],"about":[{"href":"https:\/\/bestmayatours.com\/it\/wp-json\/wp\/v2\/types\/product"}],"replies":[{"embeddable":true,"href":"https:\/\/bestmayatours.com\/it\/wp-json\/wp\/v2\/comments?post=4042"}],"wp:featuredmedia":[{"embeddable":true,"href":"https:\/\/bestmayatours.com\/it\/wp-json\/wp\/v2\/media\/4062"}],"wp:attachment":[{"href":"https:\/\/bestmayatours.com\/it\/wp-json\/wp\/v2\/media?parent=4042"}],"wp:term":[{"taxonomy":"product_brand","embeddable":true,"href":"https:\/\/bestmayatours.com\/it\/wp-json\/wp\/v2\/product_brand?post=4042"},{"taxonomy":"product_cat","embeddable":true,"href":"https:\/\/bestmayatours.com\/it\/wp-json\/wp\/v2\/product_cat?post=4042"},{"taxonomy":"product_tag","embeddable":true,"href":"https:\/\/bestmayatours.com\/it\/wp-json\/wp\/v2\/product_tag?post=4042"}],"curies":[{"name":"wp","href":"https:\/\/api.w.org\/{rel}","templated":true}]}}