{"id":6020,"date":"2015-07-07T17:41:05","date_gmt":"2015-07-07T22:41:05","guid":{"rendered":"http:\/\/bestmayatours.com\/product\/spedizione-privata-nello-yucatan-8-giorni-7-notti\/"},"modified":"2026-01-16T05:15:22","modified_gmt":"2026-01-16T10:15:22","slug":"spedizione-privata-yucatan","status":"publish","type":"product","link":"https:\/\/bestmayatours.com\/it\/tour\/spedizione-privata-yucatan\/","title":{"rendered":"Spedizione privata nello Yucatan 8 giorni &#8211; 7 notti"},"content":{"rendered":"<div class=\"wpb-content-wrapper\"><p>[vc_row][vc_column][vc_column_text]<\/p>\n<figure id=\"attachment_5091\" aria-describedby=\"caption-attachment-5091\" style=\"width: 416px\" class=\"wp-caption alignleft\"><img loading=\"lazy\" decoding=\"async\" class=\" wp-image-5090\" title=\"Spedizione privata nello Yucatan\" src=\"http:\/\/bestmayatours.com\/wp-content\/uploads\/2015\/07\/DSC_0049.jpg\" alt=\"Spedizione privata nello Yucatan\" width=\"416\" height=\"308\" \/><figcaption id=\"caption-attachment-5091\" class=\"wp-caption-text\">Spedizione privata nello Yucatan<\/figcaption><\/figure>\n<h1>Spedizione privata nello Yucatan<\/h1>\n<h2>Scoprire l&#8217;antica civilt\u00e0 Maya<\/h2>\n<h3>Meraviglie naturali mozzafiato<\/h3>\n<p>La spedizione privata nello Yucatan di Best Maya Tours \u00e8 un&#8217;avventura esclusiva che vi porta in viaggio nel cuore della penisola dello Yucatan. Questo tour \u00e8 perfetto per chi vuole scoprire l&#8217;antica civilt\u00e0 Maya ed esplorare le meraviglie naturali mozzafiato della regione in un ambiente privato.<\/p>\n<p>Avrete l&#8217;opportunit\u00e0 di visitare alcuni dei siti pi\u00f9 iconici e storici della zona, tra cui la maestosa Chichen Itza, lo splendido Cenote Ik Kil e le misteriose rovine di Uxmal. Potrete anche sperimentare la cultura locale visitando affascinanti citt\u00e0 coloniali, assaggiando la cucina tradizionale e interagendo con la cordiale gente dello Yucatan.<\/p>\n<p>Per tutta la durata del tour, sarete accompagnati da una guida esperta che vi fornir\u00e0 affascinanti informazioni sulla storia, la cultura e la natura della regione. Il tour \u00e8 completamente personalizzabile e consente di adattare l&#8217;itinerario ai propri interessi e preferenze.<\/p>\n<p>Con trasporti, alloggi confortevoli e attenzione personalizzata, la Spedizione privata nello Yucatan \u00e8 un&#8217;esperienza indimenticabile che vi lascer\u00e0 ricordi che dureranno tutta la vita.<br \/>\n<!--more--><\/p>\n<table class=\"table table-bordered tours-tabs__table\" style=\"height: 233px;\" width=\"862\">\n<tbody>\n<tr>\n<td><strong>LUOGO DI PARTENZA\/RITORNO<\/strong><\/td>\n<td><\/td>\n<\/tr>\n<tr>\n<td><strong>ORARIO DI PARTENZA<\/strong><\/td>\n<td><\/td>\n<\/tr>\n<tr>\n<td><strong>INCLUSO<\/strong><\/td>\n<td>\n<table class=\"table table-bordered\" style=\"height: 62px;\" width=\"300\">\n<tbody>\n<tr>\n<td><i class=\"fa fa-check icon-tick icon-tick--on\"><\/i>Trasporto<\/td>\n<td><i class=\"fa fa-check icon-tick icon-tick--on\"><\/i>Alloggi<\/td>\n<\/tr>\n<tr>\n<td><i class=\"fa fa-check icon-tick icon-tick--on\"><\/i>Biglietti d&#8217;ingresso<\/td>\n<td><i class=\"fa fa-check icon-tick icon-tick--on\"><\/i>Guida professionale<\/td>\n<\/tr>\n<\/tbody>\n<\/table>\n<\/td>\n<\/tr>\n<tr>\n<td><b>NOT INCLUDED<\/b><\/td>\n<td>\n<table class=\"table table-bordered\" style=\"height: 62px;\" width=\"300\">\n<tbody>\n<tr>\n<td><i class=\"fa fa-times icon-tick icon-tick--off\"><\/i>Repellente per zanzare<\/td>\n<\/tr>\n<tr>\n<td><i class=\"fa fa-times icon-tick icon-tick--off\"><\/i>Mancia per la guida<\/td>\n<\/tr>\n<\/tbody>\n<\/table>\n<\/td>\n<\/tr>\n<\/tbody>\n<\/table>\n<p>[\/vc_column_text][\/vc_column][\/vc_row]<\/p>\n<\/div>","protected":false},"excerpt":{"rendered":"<p>La spedizione privata nello Yucatan di Best Maya Tours \u00e8 un&#8217;avventura esclusiva che vi porta in viaggio nel cuore della penisola dello Yucatan. Questo tour \u00e8 perfetto per chi vuole scoprire l&#8217;antica civilt\u00e0 Maya ed esplorare le meraviglie naturali mozzafiato della regione in un ambiente privato.<\/p>\n<p>&nbsp;<\/p>\n","protected":false},"featured_media":7049,"comment_status":"open","ping_status":"closed","template":"","meta":[],"product_brand":[],"product_cat":[432,441,440,556],"product_tag":[558,557],"class_list":{"0":"post-6020","1":"product","2":"type-product","3":"status-publish","4":"has-post-thumbnail","6":"product_cat-archeologico","7":"product_cat-avventura","8":"product_cat-culturale","9":"product_cat-pacchetti-turistici","10":"product_tag-pacchetti","11":"product_tag-pacchetti-turistici","12":"tour_category-animali-selvatici","13":"tour_category-archeologico","14":"tour_category-cenote","15":"tour_category-culturale","16":"tour_category-pacchetti-turistici","18":"first","19":"instock","20":"shipping-taxable","21":"purchasable","22":"product-type-tour"},"tiered_pricing_type":"fixed","tiered_pricing_fixed_rules":[],"tiered_pricing_product_settings":{"layout":"default","base_unit_name":{"singular":null,"plural":null},"default_variation":null},"tiered_pricing_minimum_quantity":null,"tiered_pricing_roles_data":[],"tiered_pricing_percentage_rules":[],"_links":{"self":[{"href":"https:\/\/bestmayatours.com\/it\/wp-json\/wp\/v2\/product\/6020","targetHints":{"allow":["GET"]}}],"collection":[{"href":"https:\/\/bestmayatours.com\/it\/wp-json\/wp\/v2\/product"}],"about":[{"href":"https:\/\/bestmayatours.com\/it\/wp-json\/wp\/v2\/types\/product"}],"replies":[{"embeddable":true,"href":"https:\/\/bestmayatours.com\/it\/wp-json\/wp\/v2\/comments?post=6020"}],"wp:featuredmedia":[{"embeddable":true,"href":"https:\/\/bestmayatours.com\/it\/wp-json\/wp\/v2\/media\/7049"}],"wp:attachment":[{"href":"https:\/\/bestmayatours.com\/it\/wp-json\/wp\/v2\/media?parent=6020"}],"wp:term":[{"taxonomy":"product_brand","embeddable":true,"href":"https:\/\/bestmayatours.com\/it\/wp-json\/wp\/v2\/product_brand?post=6020"},{"taxonomy":"product_cat","embeddable":true,"href":"https:\/\/bestmayatours.com\/it\/wp-json\/wp\/v2\/product_cat?post=6020"},{"taxonomy":"product_tag","embeddable":true,"href":"https:\/\/bestmayatours.com\/it\/wp-json\/wp\/v2\/product_tag?post=6020"}],"curies":[{"name":"wp","href":"https:\/\/api.w.org\/{rel}","templated":true}]}}