{"id":6699,"date":"2023-03-09T07:22:28","date_gmt":"2023-03-09T12:22:28","guid":{"rendered":"http:\/\/bestmayatours.com\/product\/tour-privato-in-barca-di-bacalar-e-cenote-blu\/"},"modified":"2025-05-05T21:48:53","modified_gmt":"2025-05-06T02:48:53","slug":"tour-privato-in-barca-di-bacalar-e-cenote-blu","status":"publish","type":"product","link":"https:\/\/bestmayatours.com\/it\/tour\/tour-privato-in-barca-di-bacalar-e-cenote-blu\/","title":{"rendered":"Tour privato in barca di Bacalar e Cenote Blu"},"content":{"rendered":"<div class=\"wpb-content-wrapper\"><figure id=\"attachment_6662\" aria-describedby=\"caption-attachment-6662\" style=\"width: 602px\" class=\"wp-caption alignleft\"><img loading=\"lazy\" decoding=\"async\" class=\"wp-image-6661\" title=\"Tour privato in barca di Bacalar e Cenote Blu\" src=\"http:\/\/bestmayatours.com\/wp-content\/uploads\/2023\/03\/San-Felipe-Fort-in-Bacalar.jpg\" alt=\"Tour privato in barca di Bacalar e Cenote Blu\" width=\"602\" height=\"433\" \/><figcaption id=\"caption-attachment-6662\" class=\"wp-caption-text\">Tour privato in barca di Bacalar e Cenote Blu<\/figcaption><\/figure>\n<p>Intraprendete un viaggio mozzafiato tra le meraviglie naturali di Bacalar con il nostro tour privato di una giornata intera in barca di Bacalar e del Cenote Blu. Questa esperienza unica nel suo genere vi permette di esplorare l&#8217;ipnotica bellezza della Laguna di Bacalar e dei paesaggi circostanti al vostro ritmo, nel comfort e nella privacy della vostra barca.<\/p>\n<p>La vostra avventura inizier\u00e0 quando verrete prelevati dal vostro hotel o alloggio e vi porteremo alla Laguna di Bacalar, conosciuta anche come la &#8220;Laguna dei sette colori&#8221;. Qui salirete a bordo della vostra barca privata e salperete sulle acque cristalline, circondati da una vegetazione lussureggiante e da un&#8217;abbondante fauna tropicale.<\/p>\n<p>Durante la navigazione lungo la laguna, la guida esperta condivider\u00e0 fatti e storie interessanti sulla storia e l&#8217;ecologia dell&#8217;area, evidenziando caratteristiche uniche come le stromatoliti, fossili viventi che risalgono a milioni di anni fa. Avrete anche la possibilit\u00e0 di nuotare nelle calde acque turchesi e di esplorare insenature appartate.<\/p>\n<p>Successivamente, vi porteremo al Cenote Blu, una meraviglia naturale che vi lascer\u00e0 senza fiato. Questo splendido cenote \u00e8 uno dei pi\u00f9 profondi e limpidi della regione, con vibranti sfumature di blu che sembrano quasi ultraterrene. \u00c8 possibile fare un tuffo rinfrescante nelle fresche acque, fare snorkeling per esplorare le grotte sottomarine e osservare la variegata vita acquatica che abita questo luogo.<\/p>\n<p>Per tutta la durata del tour, avrete accesso a snack, acqua e bevande analcoliche in omaggio per mantenervi energici e idratati. Possiamo anche personalizzare il tour per soddisfare le vostre esigenze e preferenze, sia che siate alla ricerca di una fuga romantica, di un&#8217;avventura adatta alle famiglie o di un&#8217;emozionante escursione con gli amici.Con il nostro tour privato in barca di un giorno intero di Bacalar e del Cenote Blu, sperimenterete la bellezza e la meraviglia di Bacalar come mai prima d&#8217;ora. Prenotate ora per creare ricordi indimenticabili che dureranno tutta la vita!<\/p>\n<p>&nbsp;<\/p>\n<p>[vc_row][vc_column][vc_column_text]<\/p>\n<p>[\/vc_column_text][\/vc_column][\/vc_row][vc_row][vc_column][vc_column_text]<\/p>\n<h2 class=\"biGQs _P fiohW qWPrE ncFvv EVnyE\" data-automation=\"mainH1\"><\/h2>\n<p><!--more--><\/p>\n<p>(i pick up da Puerto Morelos a Cancun hanno un costo di trasporto di 40 dollari per gruppo).<\/p>\n<table class=\"table table-bordered tours-tabs__table\" style=\"width: 99.7821%; height: 217px;\">\n<tbody>\n<tr style=\"height: 28px;\">\n<td style=\"height: 28px; width: 2.5%;\"><\/td>\n<td style=\"height: 28px; width: 96.6285%;\"><\/td>\n<\/tr>\n<tr style=\"height: 48px;\">\n<td style=\"height: 48px; width: 2.5%;\"><strong>ORARIO DI PARTENZA<\/strong><\/td>\n<td style=\"height: 48px; width: 96.6285%;\">Prelievo dal tuo hotel intorno alle 8:00 per una pronta partenza. Playa del Carmen e Tulum<\/td>\n<\/tr>\n<tr style=\"height: 48px;\">\n<td style=\"height: 48px; width: 2.5%;\"><strong>TEMPO DI RITORNO<\/strong><\/td>\n<td style=\"height: 48px; width: 96.6285%;\">17:00 &#8211; 18:00 circa (Playa del Carmen e Riviera Maya)<\/td>\n<\/tr>\n<tr style=\"height: 72px;\">\n<td style=\"height: 72px; width: 2.5%;\"><strong>CAPI DI ABBIGLIAMENTO<\/strong><\/td>\n<td style=\"height: 72px; width: 96.6285%;\">Abbigliamento casual leggero e comodo, scarpe da tennis, infradito o sandali per attivit\u00e0 acquatiche, cappello, occhiali da sole, crema solare (preferibilmente biodegradabile) e repellente per insetti (preferibilmente biodegradabile). Anche il costume da bagno \u00e8 altamente raccomandato.<\/td>\n<\/tr>\n<tr>\n<td><\/td>\n<\/tr>\n<\/tbody>\n<tbody>\n<tr>\n<td><\/td>\n<\/tr>\n<\/tbody>\n<\/table>\n<p>INCLUSO:<br \/>\n[\/vc_column_text][\/vc_column][\/vc_row][vc_row][vc_column]<i class=\"fa fa-check icon-tick icon-tick--on\"><\/i>[\/vc_column][\/vc_row][vc_row][vc_column][vc_column_text]Guida professionale ai Best Maya Tours<\/p>\n<p>[\/vc_column_text][\/vc_column][\/vc_row][vc_row][vc_column]<i class=\"fa fa-check icon-tick icon-tick--on\"><\/i>[\/vc_column][\/vc_row][vc_row][vc_column][vc_column_text]Transportation in an air-conditioned and comfortable van<\/p>\n<p>[\/vc_column_text][\/vc_column][\/vc_row][vc_row][vc_column]<i class=\"fa fa-check icon-tick icon-tick--on\"><\/i>[\/vc_column][\/vc_row][vc_row][vc_column][vc_column_text]Tutti i biglietti d&#8217;ingresso<\/p>\n<p>[\/vc_column_text][\/vc_column][\/vc_row][vc_row][vc_column]<i class=\"fa fa-check icon-tick icon-tick--on\"><\/i>[\/vc_column][\/vc_row][vc_row][vc_column][vc_column_text] Visita guidata del sito archeologico di Tulum<\/p>\n<p>[\/vc_column_text][\/vc_column][\/vc_row][vc_row][vc_column]<i class=\"fa fa-check icon-tick icon-tick--on\"><\/i>[\/vc_column][\/vc_row][vc_row][vc_column][vc_column_text]Attrezzatura da snorkeling e giubbotti di salvataggio.<\/p>\n<p>[\/vc_column_text][\/vc_column][\/vc_row][vc_row][vc_column]<i class=\"fa fa-check icon-tick icon-tick--on\"><\/i>[\/vc_column][\/vc_row][vc_row][vc_column][vc_column_text]Pasto a Buffet<\/p>\n<p>[\/vc_column_text][\/vc_column][\/vc_row][vc_row][vc_column]<i class=\"fa fa-check icon-tick icon-tick--on\"><\/i>[\/vc_column][\/vc_row][vc_row][vc_column][vc_column_text]Snacks &amp; Water<\/p>\n<p>&nbsp;<\/p>\n<p>&nbsp;<\/p>\n<p><b>NOT INCLUDED<\/b><\/p>\n<table class=\"table table-bordered\">\n<tbody>\n<tr>\n<td>[\/vc_column_text][\/vc_column][\/vc_row][vc_row][vc_column]<i class=\"fa fa-times icon-tick icon-tick--off\"><\/i>[\/vc_column][\/vc_row][vc_row][vc_column][vc_column_text]Biodegradable sunscreen\n<table class=\"table table-bordered\">\n<tbody>\n<tr>\n<td>[\/vc_column_text][\/vc_column][\/vc_row][vc_row][vc_column]<i class=\"fa fa-times icon-tick icon-tick--off\"><\/i>[\/vc_column][\/vc_row][vc_row][vc_column][vc_column_text]Repellente per insetti<\/td>\n<\/tr>\n<tr>\n<td>[\/vc_column_text][\/vc_column][\/vc_row][vc_row][vc_column]<i class=\"fa fa-times icon-tick icon-tick--off\"><\/i>[\/vc_column][\/vc_row][vc_row][vc_column][vc_column_text]Suggerimenti per le guide<\/td>\n<\/tr>\n<\/tbody>\n<\/table>\n<\/td>\n<\/tr>\n<tr>\n<td><\/td>\n<\/tr>\n<\/tbody>\n<\/table>\n<p>&nbsp;<\/p>\n<p>Altri consigli: vi consigliamo di portare qualsiasi cosa per proteggervi dal sole, come occhiali da sole, cappelli, vestiti leggeri.<\/p>\n<p>Don&#8217;t forget to also bring your camera to catch pictures of these unforgettable views and moments !<\/p>\n<p>Nota: non ci sono sportelli bancomat in quest&#8217;area e molti venditori non accettano carte di credito. Per le tue spese personali, assicurati di portare abbastanza denaro contante.<\/p>\n<p>Anche le guide, gli autisti e i camerieri apprezzano sempre i suggerimenti per il loro eccellente servizio ed \u00e8 anche grazie a loro che lascerai con ottimi ricordi!<\/p>\n<p>&nbsp;<\/p>\n<\/div>","protected":false},"excerpt":{"rendered":"<p>Intraprendete un viaggio mozzafiato tra le meraviglie naturali di Bacalar con il nostro tour privato di un giorno intero in barca di Bacalar e del Cenote Blu. Questa esperienza unica nel suo genere vi permette di esplorare l&#8217;ipnotica bellezza della Laguna di Bacalar e dei paesaggi circostanti al vostro ritmo, nel comfort e nella privacy della vostra barca.<\/p>\n<p>La vostra avventura inizier\u00e0 quando verrete prelevati dal vostro hotel o alloggio e vi porteremo alla Laguna di Bacalar, conosciuta anche come la &#8220;Laguna dei sette colori&#8221;. Qui salirete a bordo della vostra barca privata e salperete sulle acque cristalline, circondati da una vegetazione lussureggiante e da un&#8217;abbondante fauna tropicale.<\/p>\n","protected":false},"featured_media":6662,"comment_status":"open","ping_status":"closed","template":"","meta":[],"product_brand":[],"product_cat":[360],"product_tag":[],"class_list":{"0":"post-6699","1":"product","2":"type-product","3":"status-publish","4":"has-post-thumbnail","6":"product_cat-non-categorizzato","7":"tour_category-boat-tour-it","8":"tour_category-cenote","10":"first","11":"instock","12":"sale","13":"shipping-taxable","14":"purchasable","15":"product-type-tour","16":"has-default-attributes"},"tiered_pricing_type":"fixed","tiered_pricing_fixed_rules":[],"tiered_pricing_product_settings":{"layout":"default","base_unit_name":{"singular":null,"plural":null},"default_variation":null},"tiered_pricing_minimum_quantity":null,"tiered_pricing_roles_data":[],"tiered_pricing_percentage_rules":[],"_links":{"self":[{"href":"https:\/\/bestmayatours.com\/it\/wp-json\/wp\/v2\/product\/6699","targetHints":{"allow":["GET"]}}],"collection":[{"href":"https:\/\/bestmayatours.com\/it\/wp-json\/wp\/v2\/product"}],"about":[{"href":"https:\/\/bestmayatours.com\/it\/wp-json\/wp\/v2\/types\/product"}],"replies":[{"embeddable":true,"href":"https:\/\/bestmayatours.com\/it\/wp-json\/wp\/v2\/comments?post=6699"}],"wp:featuredmedia":[{"embeddable":true,"href":"https:\/\/bestmayatours.com\/it\/wp-json\/wp\/v2\/media\/6662"}],"wp:attachment":[{"href":"https:\/\/bestmayatours.com\/it\/wp-json\/wp\/v2\/media?parent=6699"}],"wp:term":[{"taxonomy":"product_brand","embeddable":true,"href":"https:\/\/bestmayatours.com\/it\/wp-json\/wp\/v2\/product_brand?post=6699"},{"taxonomy":"product_cat","embeddable":true,"href":"https:\/\/bestmayatours.com\/it\/wp-json\/wp\/v2\/product_cat?post=6699"},{"taxonomy":"product_tag","embeddable":true,"href":"https:\/\/bestmayatours.com\/it\/wp-json\/wp\/v2\/product_tag?post=6699"}],"curies":[{"name":"wp","href":"https:\/\/api.w.org\/{rel}","templated":true}]}}