{"id":8057,"date":"2024-06-06T07:52:00","date_gmt":"2024-06-06T12:52:00","guid":{"rendered":"https:\/\/bestmayatours.com\/product\/private-yucatan-explore-6-days-5-nights\/"},"modified":"2026-03-13T07:35:01","modified_gmt":"2026-03-13T12:35:01","slug":"private-yucatan-explore-6-days-5-nights","status":"publish","type":"product","link":"https:\/\/bestmayatours.com\/it\/tour\/private-yucatan-explore-6-days-5-nights\/","title":{"rendered":"Private Yucatan Explore 6 Days &#8211; 5 Nights"},"content":{"rendered":"<div class=\"wpb-content-wrapper\"><p>[vc_row][vc_column][vc_empty_space][vc_empty_space][\/vc_column][\/vc_row][vc_row][vc_column][vc_column_text]<\/p>\n<h1>Private Yucatan Explore Tour<\/h1>\n<h2>Experience the Best of Yucatan with a Private Explore Tour<\/h2>\n<h3>Scopri le gemme nascoste della penisola dello Yucatan<\/h3>\n<p>[\/vc_column_text][\/vc_column][\/vc_row][vc_row][vc_column][vc_column_text]<\/p>\n<p><img loading=\"lazy\" decoding=\"async\" class=\"wp-image-7039 alignleft\" title=\"Private Yucatan Explore Tour \" src=\"https:\/\/bestmayatours.com\/wp-content\/uploads\/2024\/06\/Private-Yucatan-Explore-Tour.jpg\" alt=\"Private Yucatan Explore Tour\" width=\"384\" height=\"384\" srcset=\"https:\/\/bestmayatours.com\/wp-content\/uploads\/2024\/06\/Private-Yucatan-Explore-Tour.jpg 500w, https:\/\/bestmayatours.com\/wp-content\/uploads\/2024\/06\/Private-Yucatan-Explore-Tour-416x416.jpg 416w, https:\/\/bestmayatours.com\/wp-content\/uploads\/2024\/06\/Private-Yucatan-Explore-Tour-240x240.jpg 240w, https:\/\/bestmayatours.com\/wp-content\/uploads\/2024\/06\/Private-Yucatan-Explore-Tour-150x150.jpg 150w, https:\/\/bestmayatours.com\/wp-content\/uploads\/2024\/06\/Private-Yucatan-Explore-Tour-90x90.jpg 90w\" sizes=\"auto, (max-width: 384px) 100vw, 384px\" \/><\/p>\n<h4>Parti per un viaggio indimenticabile attraverso la penisola dello Yucatan con Best Maya Tours e scopri i gioielli della regione.<\/h4>\n<p>Esplora il cuore della Penisola dello Yucatan con un tour privato pensato per i viaggiatori in cerca di un&#8217;esperienza personalizzata e coinvolgente. Scopri la ricca storia, la cultura e le bellezze naturali di questa regione affascinante con l&#8217;aiuto di una guida esperta. <\/p>\n<p>The Private Yucatan ExploreTour will take you on a journey to some of the most iconic sites in the region, including the famous Chichen Itza, a UNESCO World Heritage site and one of the New Seven Wonders of the World. You&#8217;ll learn about the ancient Mayan civilization and their unique way of life, as well as the intriguing history of the Yucatan Peninsula.<\/p>\n<p>Oltre a visitare le antiche rovine, potrai anche sperimentare la cultura locale visitando le citt\u00e0 coloniali e i mercati tradizionali. Potrai assaggiare la cucina locale e fare acquisti di artigianato tradizionale, immergendoti nella cultura locale e acquisendo una conoscenza pi\u00f9 approfondita della regione. <\/p>\n<p>Whether you&#8217;re a history buff, a nature lover, or simply seeking a unique and memorable travel experience, the Private Yucatan Explore Tour is the perfect way to discover the beauty and richness of this amazing region. Book now on Best Maya Tours and start your adventure today.<\/p>\n<p><strong>(Tour privato per un minimo di 2 persone<\/strong>)<\/p>\n<p><!--more--><\/p>\n<table class=\"table table-bordered tours-tabs__table\" style=\"height: 233px;\" width=\"862\">\n<tbody>\n<tr>\n<td><strong>POSIZIONE DI PARTENZA<\/strong><\/td>\n<td>Hotel<\/td>\n<\/tr>\n<tr>\n<td><strong>ORARIO DI PARTENZA<\/strong><\/td>\n<td>Prompt departure 8:00 Am Playa del Carmen 7:30 AM Cancun<\/td>\n<\/tr>\n<tr>\n<td><strong>INCLUSO<\/strong><\/td>\n<td>\n<table class=\"table table-bordered\" style=\"height: 62px;\" width=\"300\">\n<tbody>\n<tr>\n<td>[\/vc_column_text][\/vc_column][\/vc_row][vc_row][vc_column]<i class=\"fa fa-check icon-tick icon-tick--on\"><\/i>[\/vc_column][\/vc_row][vc_row][vc_column][vc_column_text]Acqua a bordo<\/td>\n<td>[\/vc_column_text][\/vc_column][\/vc_row][vc_row][vc_column]<i class=\"fa fa-check icon-tick icon-tick--on\"><\/i>[\/vc_column][\/vc_row][vc_row][vc_column][vc_column_text]Sistemazioni e colazione<\/td>\n<\/tr>\n<tr>\n<td>[\/vc_column_text][\/vc_column][\/vc_row][vc_row][vc_column]<i class=\"fa fa-check icon-tick icon-tick--on\"><\/i>[\/vc_column][\/vc_row][vc_row][vc_column][vc_column_text]Trasporto<\/td>\n<td>[\/vc_column_text][\/vc_column][\/vc_row][vc_row][vc_column]<i class=\"fa fa-check icon-tick icon-tick--on\"><\/i>[\/vc_column][\/vc_row][vc_row][vc_column][vc_column_text]Guida professionale e tutti i biglietti d&#8217;ingresso\n<p><b>NON INCLUSO:<\/b><\/p>\n<p>[\/vc_column_text][\/vc_column][\/vc_row][vc_row][vc_column]<i class=\"fa fa-times icon-tick icon-tick--off\"><\/i>[\/vc_column][\/vc_row][vc_row][vc_column][vc_column_text]Repellente per insetti<\/p><\/td>\n<\/tr>\n<tr>\n<td>[\/vc_column_text][\/vc_column][\/vc_row][vc_row][vc_column]<i class=\"fa fa-times icon-tick icon-tick--off\"><\/i>[\/vc_column][\/vc_row][vc_row][vc_column][vc_column_text]Protezione solare biodegradabile<\/td>\n<\/tr>\n<\/tbody>\n<\/table>\n<\/td>\n<\/tr>\n<\/tbody>\n<\/table>\n<p>Ti consigliamo di portare vestiti comodi e scarpe da passeggio (infradito, sandali ok, ), costume da bagno, occhiali da sole, asciugamano, macchina fotografica, binocolo, protezione solare (biodegradabile, o vestiti per aiutare con la protezione solare), un po&#8217; di contanti. Le guide, gli autisti e la cameriera apprezzano i suggerimenti per il loro eccellente servizio. \u00c8 anche grazie a loro che lascerai con tanti bei ricordi![\/vc_column_text][\/vc_column][\/vc_row][vc_row][vc_column]<div class=\"title title--big title--underline title--decoration-bottom-left\">\n\t\t<h3 class=\"title__primary\">Domande frequenti<\/h3>\n<\/div>\n[\/vc_column][\/vc_row][vc_row][vc_column][vc_tta_accordion][vc_tta_section title=&#8221;Cosa indossi nello Yucatan?&#8221; tab_id=&#8221;1640162145018-3d830b5a-97f8&#8243;][vc_column_text]Lino, cotone e tessuti sportivi ad asciugatura rapida sono ideali per il clima dello Yucat\u00e1n. Per le serate nello Yucat\u00e1n che possono diventare fredde, ti consigliamo di portare un top leggero ma caldo per stare comodo.[\/vc_column_text][\/vc_tta_section][vc_tta_section title=&#8221;Per cosa \u00e8 famoso lo Yucat\u00e1n?&#8221; tab_id=&#8221;1640162145021-c8fba4c1-2213&#8243;][vc_column_text]La penisola dello Yucatan \u00e8 nota per le sue foreste pluviali tropicali, per essere la casa dell&#8217;antico popolo Maya e per essere una popolare destinazione turistica.[\/vc_column_text][\/vc_tta_section][\/vc_tta_accordion][\/vc_column][\/vc_row][vc_row][vc_column][vc_empty_space][vc_empty_space][\/vc_column][\/vc_row]<\/p>\n<\/div>","protected":false},"excerpt":{"rendered":"<p>Scopri la ricca cultura e la storia dello Yucatan con un tour privato. Visita siti iconici come Chichen Itza, Uxmal e Tulum con una guida esperta. Impara a conoscere l&#8217;antica civilt\u00e0 Maya e il suo stile di vita unico. Immergiti nella cultura locale con visite alle citt\u00e0 coloniali e ai mercati tradizionali. Prenota ora su Best Maya Tours per un&#8217;esperienza personalizzata nello Yucatan.<strong>(Tour privato per un minimo di 2 persone<\/strong>)<\/p>\n","protected":false},"featured_media":7045,"comment_status":"open","ping_status":"closed","template":"","meta":[],"product_brand":[],"product_cat":[432,441,444,440,556],"product_tag":[],"class_list":{"0":"post-8057","1":"product","2":"type-product","3":"status-publish","4":"has-post-thumbnail","6":"product_cat-archeologico","7":"product_cat-avventura","8":"product_cat-cenote","9":"product_cat-culturale","10":"product_cat-pacchetti-turistici","11":"pa_duration-6-days-5-nights","13":"first","14":"instock","15":"shipping-taxable","16":"purchasable","17":"product-type-tour"},"tiered_pricing_type":"fixed","tiered_pricing_fixed_rules":[],"tiered_pricing_product_settings":{"layout":"default","base_unit_name":{"singular":null,"plural":null},"default_variation":null},"tiered_pricing_minimum_quantity":null,"tiered_pricing_roles_data":[],"tiered_pricing_percentage_rules":[],"_links":{"self":[{"href":"https:\/\/bestmayatours.com\/it\/wp-json\/wp\/v2\/product\/8057","targetHints":{"allow":["GET"]}}],"collection":[{"href":"https:\/\/bestmayatours.com\/it\/wp-json\/wp\/v2\/product"}],"about":[{"href":"https:\/\/bestmayatours.com\/it\/wp-json\/wp\/v2\/types\/product"}],"replies":[{"embeddable":true,"href":"https:\/\/bestmayatours.com\/it\/wp-json\/wp\/v2\/comments?post=8057"}],"wp:featuredmedia":[{"embeddable":true,"href":"https:\/\/bestmayatours.com\/it\/wp-json\/wp\/v2\/media\/7045"}],"wp:attachment":[{"href":"https:\/\/bestmayatours.com\/it\/wp-json\/wp\/v2\/media?parent=8057"}],"wp:term":[{"taxonomy":"product_brand","embeddable":true,"href":"https:\/\/bestmayatours.com\/it\/wp-json\/wp\/v2\/product_brand?post=8057"},{"taxonomy":"product_cat","embeddable":true,"href":"https:\/\/bestmayatours.com\/it\/wp-json\/wp\/v2\/product_cat?post=8057"},{"taxonomy":"product_tag","embeddable":true,"href":"https:\/\/bestmayatours.com\/it\/wp-json\/wp\/v2\/product_tag?post=8057"}],"curies":[{"name":"wp","href":"https:\/\/api.w.org\/{rel}","templated":true}]}}